{"id":21482,"date":"2025-04-10T12:10:29","date_gmt":"2025-04-10T10:10:29","guid":{"rendered":"https:\/\/myspainfood.com\/producto\/tunca-vedera-gabalini-areoso-120gr-250-gab\/"},"modified":"2025-04-10T12:10:29","modified_gmt":"2025-04-10T10:10:29","slug":"tunca-vedera-gabalini-areoso-120gr-250-gab","status":"publish","type":"product","link":"https:\/\/myspainfood.com\/lv\/producto\/tunca-vedera-gabalini-areoso-120gr-250-gab\/","title":{"rendered":"Tun\u010da v\u0113dera gabali\u0146i Areoso 120gr 250 gab."},"content":{"rendered":"<p>Specifik\u0101cijas: Dzeltenspuru tunzivs (Thunnus albacares) v\u0113ders saulespu\u0137u e\u013c\u013c\u0101.<\/p>\n<p>Sast\u0101vda\u013cas: Sast\u0101vda\u013cas: dzeltenspuru tunzivs v\u0113ders 65,2%, saulespu\u0137u e\u013c\u013ca 34,8%, s\u0101ls, s\u0101ls.<\/p>\n<p>Ra\u017eo\u0161anas process: Dzeltenspuru tunzivs v\u0113dera da\u013ca ir viena no visaugst\u0101k nov\u0113rt\u0113taj\u0101m, jo tai piem\u012bt lielisks arom\u0101ts un maiga tekst\u016bra. Tunzivs v\u0113dera gabali tiek nog\u0101d\u0101ti r\u016bpn\u012bc\u0101, kur tos apstr\u0101d\u0101 piln\u012bgi tradicion\u0101l\u0101 veid\u0101. P\u0113c pagatavo\u0161anas tos not\u012bra un ar rok\u0101m sadala pl\u0101n\u0101s, vien\u0101da lieluma \u0161\u0137\u0113l\u012bt\u0113s. Tos iesai\u0146o konservu k\u0101rb\u0101s un pievieno ol\u012bve\u013c\u013cu k\u0101 p\u0101rkl\u0101juma \u0161\u0137idrumu, kas neap\u0161aub\u0101mi pastiprina \u0161\u012b augsti v\u0113rt\u0113t\u0101 produkta gar\u0161u. P\u0113c tam konservu k\u0101rbas aizz\u012bmogo un steriliz\u0113, kas ir stingri kontrol\u0113ts process, kur\u0161 garant\u0113 produkta kvalit\u0101ti un saglab\u0101\u0161anu gadiem ilgi, nepievienojot m\u0101ksl\u012bgos konservantus.    <\/p>\n<p>Lai ieg\u016btu vair\u0101k inform\u0101cijas, rakstiet mums.<\/p>\n","protected":false},"excerpt":{"rendered":"<p>Specifik\u0101cijas: Dzeltenspuru tunzivs (Thunnus albacares) v\u0113ders saulespu\u0137u e\u013c\u013c\u0101. Sast\u0101vda\u013cas: Sast\u0101vda\u013cas: dzeltenspuru tunzivs v\u0113ders 65,2%, saulespu\u0137u e\u013c\u013ca 34,8%, s\u0101ls, s\u0101ls. Ra\u017eo\u0161anas process: Dzeltenspuru tunzivs v\u0113dera da\u013ca ir viena no visaugst\u0101k nov\u0113rt\u0113taj\u0101m, jo tai piem\u012bt lielisks arom\u0101ts un maiga tekst\u016bra. Tunzivs v\u0113dera gabali tiek nog\u0101d\u0101ti r\u016bpn\u012bc\u0101, kur tos apstr\u0101d\u0101 piln\u012bgi tradicion\u0101l\u0101 veid\u0101. P\u0113c pagatavo\u0161anas tos not\u012bra un [&hellip;]<\/p>\n","protected":false},"featured_media":21486,"template":"","meta":{"_et_pb_use_builder":"","_et_pb_old_content":"","_et_gb_content_width":""},"product_brand":[1358],"product_cat":[3263,2879],"product_tag":[],"class_list":{"0":"post-21482","1":"product","2":"type-product","3":"status-publish","4":"has-post-thumbnail","6":"product_brand-areoso","7":"product_cat-saglaba-lv-2","8":"product_cat-vairumtirdznieciba","10":"first","11":"outofstock","12":"taxable","13":"shipping-taxable","14":"product-type-variable"},"_links":{"self":[{"href":"https:\/\/myspainfood.com\/lv\/wp-json\/wp\/v2\/product\/21482","targetHints":{"allow":["GET"]}}],"collection":[{"href":"https:\/\/myspainfood.com\/lv\/wp-json\/wp\/v2\/product"}],"about":[{"href":"https:\/\/myspainfood.com\/lv\/wp-json\/wp\/v2\/types\/product"}],"wp:featuredmedia":[{"embeddable":true,"href":"https:\/\/myspainfood.com\/lv\/wp-json\/wp\/v2\/media\/21486"}],"wp:attachment":[{"href":"https:\/\/myspainfood.com\/lv\/wp-json\/wp\/v2\/media?parent=21482"}],"wp:term":[{"taxonomy":"product_brand","embeddable":true,"href":"https:\/\/myspainfood.com\/lv\/wp-json\/wp\/v2\/product_brand?post=21482"},{"taxonomy":"product_cat","embeddable":true,"href":"https:\/\/myspainfood.com\/lv\/wp-json\/wp\/v2\/product_cat?post=21482"},{"taxonomy":"product_tag","embeddable":true,"href":"https:\/\/myspainfood.com\/lv\/wp-json\/wp\/v2\/product_tag?post=21482"}],"curies":[{"name":"wp","href":"https:\/\/api.w.org\/{rel}","templated":true}]}}