{"id":21558,"date":"2025-04-10T12:10:34","date_gmt":"2025-04-10T10:10:34","guid":{"rendered":"https:\/\/myspainfood.com\/producto\/iberijas-chorizo-extra-fili-500-grami-salamanca\/"},"modified":"2026-01-29T11:15:18","modified_gmt":"2026-01-29T10:15:18","slug":"iberijas-chorizo-extra-fili-500-grami-salamanca","status":"publish","type":"product","link":"https:\/\/myspainfood.com\/lv\/producto\/iberijas-chorizo-extra-fili-500-grami-salamanca\/","title":{"rendered":"Iberijas Chorizo Extra Fili 500 grami Salamanca"},"content":{"rendered":"<p>Tradicion\u0101ls augst\u0101k\u0101s kvalit\u0101tes produkts, kas izgatavots no lab\u0101k\u0101s Ib\u0113rijas re\u0123iona lies\u0101s ga\u013cas, paprikas, \u0137iplokiem&#8230;<\/p>\n<p>Prezent\u0101cija: dab\u012bgs c\u016bkga\u013cas apvalks, vakuumiepakojum\u0101, veselos gabalos vai pus\u0113s.<\/p>\n","protected":false},"excerpt":{"rendered":"<p>Tradicion\u0101ls augst\u0101k\u0101s kvalit\u0101tes produkts, kas izgatavots no lab\u0101k\u0101s Ib\u0113rijas re\u0123iona lies\u0101s ga\u013cas, paprikas, \u0137iplokiem&#8230; Prezent\u0101cija: dab\u012bgs c\u016bkga\u013cas apvalks, vakuumiepakojum\u0101, veselos gabalos vai pus\u0113s.<\/p>\n","protected":false},"featured_media":21563,"template":"","meta":{"_et_pb_use_builder":"","_et_pb_old_content":"","_et_gb_content_width":""},"product_brand":[1388],"product_cat":[1821,2275,2274],"product_tag":[],"class_list":{"0":"post-21558","1":"product","2":"type-product","3":"status-publish","4":"has-post-thumbnail","6":"product_brand-fili","7":"product_cat-cold","8":"product_cat-desa","9":"product_cat-siers-un-desa","10":"product_shipping_class-aukstuma-sutijums","12":"first","13":"instock","14":"featured","15":"taxable","16":"shipping-taxable","17":"purchasable","18":"product-type-variable"},"_links":{"self":[{"href":"https:\/\/myspainfood.com\/lv\/wp-json\/wp\/v2\/product\/21558","targetHints":{"allow":["GET"]}}],"collection":[{"href":"https:\/\/myspainfood.com\/lv\/wp-json\/wp\/v2\/product"}],"about":[{"href":"https:\/\/myspainfood.com\/lv\/wp-json\/wp\/v2\/types\/product"}],"wp:featuredmedia":[{"embeddable":true,"href":"https:\/\/myspainfood.com\/lv\/wp-json\/wp\/v2\/media\/21563"}],"wp:attachment":[{"href":"https:\/\/myspainfood.com\/lv\/wp-json\/wp\/v2\/media?parent=21558"}],"wp:term":[{"taxonomy":"product_brand","embeddable":true,"href":"https:\/\/myspainfood.com\/lv\/wp-json\/wp\/v2\/product_brand?post=21558"},{"taxonomy":"product_cat","embeddable":true,"href":"https:\/\/myspainfood.com\/lv\/wp-json\/wp\/v2\/product_cat?post=21558"},{"taxonomy":"product_tag","embeddable":true,"href":"https:\/\/myspainfood.com\/lv\/wp-json\/wp\/v2\/product_tag?post=21558"}],"curies":[{"name":"wp","href":"https:\/\/api.w.org\/{rel}","templated":true}]}}