{"id":21657,"date":"2025-04-10T12:10:34","date_gmt":"2025-04-10T10:10:34","guid":{"rendered":"https:\/\/myspainfood.com\/producto\/iberijas-salchichon-extra-fili-500-grami-salamanca\/"},"modified":"2026-01-29T11:13:35","modified_gmt":"2026-01-29T10:13:35","slug":"iberijas-salchichon-extra-fili-500-grami-salamanca","status":"publish","type":"product","link":"https:\/\/myspainfood.com\/lv\/producto\/iberijas-salchichon-extra-fili-500-grami-salamanca\/","title":{"rendered":"Iberijas salchich\u00f3n extra Fili 500 grami Salamanca"},"content":{"rendered":"<p>Tradicion\u0101ls augst\u0101k\u0101s kvalit\u0101tes produkts, kas pagatavots no lab\u0101k\u0101s Ib\u0113rijas re\u0123iona lies\u0101s ga\u013cas ar dab\u012bg\u0101m gar\u0161viel\u0101m.<\/p>\n","protected":false},"excerpt":{"rendered":"<p>Tradicion\u0101ls augst\u0101k\u0101s kvalit\u0101tes produkts, kas pagatavots no lab\u0101k\u0101s Ib\u0113rijas re\u0123iona lies\u0101s ga\u013cas ar dab\u012bg\u0101m gar\u0161viel\u0101m.<\/p>\n","protected":false},"featured_media":21663,"template":"","meta":{"_et_pb_use_builder":"","_et_pb_old_content":"","_et_gb_content_width":""},"product_brand":[1388],"product_cat":[1821,2275,2274],"product_tag":[],"class_list":{"0":"post-21657","1":"product","2":"type-product","3":"status-publish","4":"has-post-thumbnail","6":"product_brand-fili","7":"product_cat-cold","8":"product_cat-desa","9":"product_cat-siers-un-desa","10":"product_shipping_class-aukstuma-sutijums","12":"first","13":"instock","14":"taxable","15":"shipping-taxable","16":"purchasable","17":"product-type-variable"},"_links":{"self":[{"href":"https:\/\/myspainfood.com\/lv\/wp-json\/wp\/v2\/product\/21657","targetHints":{"allow":["GET"]}}],"collection":[{"href":"https:\/\/myspainfood.com\/lv\/wp-json\/wp\/v2\/product"}],"about":[{"href":"https:\/\/myspainfood.com\/lv\/wp-json\/wp\/v2\/types\/product"}],"wp:featuredmedia":[{"embeddable":true,"href":"https:\/\/myspainfood.com\/lv\/wp-json\/wp\/v2\/media\/21663"}],"wp:attachment":[{"href":"https:\/\/myspainfood.com\/lv\/wp-json\/wp\/v2\/media?parent=21657"}],"wp:term":[{"taxonomy":"product_brand","embeddable":true,"href":"https:\/\/myspainfood.com\/lv\/wp-json\/wp\/v2\/product_brand?post=21657"},{"taxonomy":"product_cat","embeddable":true,"href":"https:\/\/myspainfood.com\/lv\/wp-json\/wp\/v2\/product_cat?post=21657"},{"taxonomy":"product_tag","embeddable":true,"href":"https:\/\/myspainfood.com\/lv\/wp-json\/wp\/v2\/product_tag?post=21657"}],"curies":[{"name":"wp","href":"https:\/\/api.w.org\/{rel}","templated":true}]}}