{"id":21778,"date":"2025-04-10T12:10:34","date_gmt":"2025-04-10T10:10:34","guid":{"rendered":"https:\/\/myspainfood.com\/producto\/sardinilla-25-35-areoso-olivella-120gr\/"},"modified":"2025-04-10T12:10:34","modified_gmt":"2025-04-10T10:10:34","slug":"sardinilla-25-35-areoso-olivella-120gr","status":"publish","type":"product","link":"https:\/\/myspainfood.com\/lv\/producto\/sardinilla-25-35-areoso-olivella-120gr\/","title":{"rendered":"Sardinilla 25\/35 Areoso ol\u012bve\u013c\u013c\u0101 120gr"},"content":{"rendered":"<p>Produkts: Sard\u012bnes ol\u012bve\u013c\u013c\u0101 25\/35 gab.<\/p>\n<p>Specifik\u0101cijas: Nelielas viendab\u012bga lieluma sard\u012bnes (Sardina pilchardus) no Galisijas Rias, viendab\u012bga izm\u0113ra, ol\u012bve\u013c\u013c\u0101. Ar rok\u0101m atlas\u012btas katr\u0101 konservu k\u0101rb\u0101. <\/p>\n<p>Sast\u0101vda\u013cas: Sast\u0101vda\u013cas: Sard\u012bnes 73%, ol\u012bve\u013c\u013ca 27%, s\u0101ls.<\/p>\n<p>Ra\u017eo\u0161anas process: Lai gan sard\u012bne ir zivs, t\u0101 ir pras\u012bgs produkts, un t\u0101s ra\u017eo\u0161anas process ir diezgan darbietilp\u012bgs. Kad sard\u012bnes tiek nog\u0101d\u0101tas r\u016bpn\u012bc\u0101, t\u0101s r\u016bp\u012bgi atdal\u012btas no galvas un iz\u0137id\u0101tas, lai izvair\u012btos no to boj\u0101\u0161an\u0101s un \u0101r\u0113j\u0101 izskata boj\u0101\u0161anas. P\u0113c tam sard\u012bnes uzliek uz rest\u0113m, p\u0101rliek un iegremd\u0113 s\u0101l\u012bjum\u0101 (\u016bdens un s\u0101ls), lai t\u0101s ieg\u016btu gar\u0161u un stingr\u012bbu. P\u0113c tam t\u0101s tradicion\u0101li cep un ar rok\u0101m iepako katr\u0101 konservu k\u0101rb\u0101. P\u0113c ol\u012bve\u013c\u013cas p\u0101rkl\u0101\u0161anas konservus aizz\u012bmogo un steriliz\u0113, un \u0161is stingri kontrol\u0113tais process garant\u0113 produkta saglab\u0101\u0161anu un kvalit\u0101ti gadiem ilgi, nepievienojot konservantus vai m\u0101ksl\u012bg\u0101s piedevas. P\u0113c tam konservu k\u0101rbas ir gatavas uzglab\u0101\u0161anai un turpm\u0101kai apstr\u0101dei.     <\/p>\n","protected":false},"excerpt":{"rendered":"<p>Produkts: Sard\u012bnes ol\u012bve\u013c\u013c\u0101 25\/35 gab. Specifik\u0101cijas: Nelielas viendab\u012bga lieluma sard\u012bnes (Sardina pilchardus) no Galisijas Rias, viendab\u012bga izm\u0113ra, ol\u012bve\u013c\u013c\u0101. Ar rok\u0101m atlas\u012btas katr\u0101 konservu k\u0101rb\u0101. Sast\u0101vda\u013cas: Sast\u0101vda\u013cas: Sard\u012bnes 73%, ol\u012bve\u013c\u013ca 27%, s\u0101ls. Ra\u017eo\u0161anas process: Lai gan sard\u012bne ir zivs, t\u0101 ir pras\u012bgs produkts, un t\u0101s ra\u017eo\u0161anas process ir diezgan darbietilp\u012bgs. Kad sard\u012bnes tiek nog\u0101d\u0101tas r\u016bpn\u012bc\u0101, t\u0101s [&hellip;]<\/p>\n","protected":false},"featured_media":21785,"template":"","meta":{"_et_pb_use_builder":"","_et_pb_old_content":"","_et_gb_content_width":""},"product_brand":[1358],"product_cat":[1963,3778],"product_tag":[],"class_list":{"0":"post-21778","1":"product","2":"type-product","3":"status-publish","4":"has-post-thumbnail","6":"product_brand-areoso","7":"product_cat-saglaba","8":"product_cat-sardinillas-lv","10":"first","11":"outofstock","12":"taxable","13":"shipping-taxable","14":"product-type-variable"},"_links":{"self":[{"href":"https:\/\/myspainfood.com\/lv\/wp-json\/wp\/v2\/product\/21778","targetHints":{"allow":["GET"]}}],"collection":[{"href":"https:\/\/myspainfood.com\/lv\/wp-json\/wp\/v2\/product"}],"about":[{"href":"https:\/\/myspainfood.com\/lv\/wp-json\/wp\/v2\/types\/product"}],"wp:featuredmedia":[{"embeddable":true,"href":"https:\/\/myspainfood.com\/lv\/wp-json\/wp\/v2\/media\/21785"}],"wp:attachment":[{"href":"https:\/\/myspainfood.com\/lv\/wp-json\/wp\/v2\/media?parent=21778"}],"wp:term":[{"taxonomy":"product_brand","embeddable":true,"href":"https:\/\/myspainfood.com\/lv\/wp-json\/wp\/v2\/product_brand?post=21778"},{"taxonomy":"product_cat","embeddable":true,"href":"https:\/\/myspainfood.com\/lv\/wp-json\/wp\/v2\/product_cat?post=21778"},{"taxonomy":"product_tag","embeddable":true,"href":"https:\/\/myspainfood.com\/lv\/wp-json\/wp\/v2\/product_tag?post=21778"}],"curies":[{"name":"wp","href":"https:\/\/api.w.org\/{rel}","templated":true}]}}