{"id":22283,"date":"2025-04-10T12:05:32","date_gmt":"2025-04-10T10:05:32","guid":{"rendered":"https:\/\/myspainfood.com\/producto\/basku-cilli\/"},"modified":"2025-04-10T12:05:32","modified_gmt":"2025-04-10T10:05:32","slug":"basku-cilli","status":"publish","type":"product","link":"https:\/\/myspainfood.com\/lv\/producto\/basku-cilli\/","title":{"rendered":"Basku \u010dilli"},"content":{"rendered":"<p>Basku Guindillas pipari eti\u0137\u012b pie\u0161\u0137irs m\u016bsu <a href=\"https:\/\/es.wikipedia.org\/wiki\/Guindilla_de_Ibarra\" target=\"_blank\" rel=\"noopener noreferrer nofollow\">\u0113dieniem<\/a> pikantumu, kas tos padar\u012bs izcilus.<\/p>\n<p>\u0160is produkts liks gar\u0161as k\u0101rpi\u0146\u0101m vibr\u0113t, jo to \u013coti nov\u0113rt\u0113s l\u012bdz\u0101s saut\u0113jumiem vai m\u0113rc\u0113m, kas ir pilnas ar gar\u0161u.<\/p>\n<p>Viena no daudzaj\u0101m basku virtuves tradicion\u0101laj\u0101m sast\u0101vda\u013c\u0101m ir piparra \u010dilli pipari.<\/p>\n<p>\u013boti \u012bpa\u0161s \u010dilli, jo tas gandr\u012bz nemaz nekaitina.<\/p>\n<p>T\u0101 \u013coti labi iederas visu veidu \u0113dienkart\u0113s, un to \u013coti labi uz\u0146em ar\u012b tie, kas \u0161o gar\u0161u \u012bpa\u0161i nem\u012bl.<\/p>\n<p>\u0160aj\u0101 burci\u0146\u0101 eso\u0161\u0101s basku \u010dilli paprikas vid\u0113jais lielums ir no 7 l\u012bdz 12 cm, un t\u0101s ir pagatavotas ar eti\u0137i.<\/p>\n<p>Patiess piesk\u0101riens, ar k\u0101du parasti pasniedz piparras un kas ar katru k\u0101rpi\u0146u izjut\u012bsiet sp\u0113c\u012bgas gar\u0161as dreb\u0113\u0161anu vis\u0101 \u0137ermen\u012b.<\/p>\n<p>Da\u017eas gvineja putna \u012bpa\u0161\u012bbas:<\/p>\n<ul>\n<li>Samazina holester\u012bna l\u012bmeni.<\/li>\n<li>Stimul\u0113 asinsriti un elpo\u0161anas sist\u0113mu.<\/li>\n<li>Tiek uzskat\u012bts, ka tas var pal\u012bdz\u0113t samazin\u0101t lieko svaru, pa\u0101trinot vielmai\u0146u.<\/li>\n<li>Saska\u0146\u0101 ar da\u017eiem p\u0113t\u012bjumiem tas aizsarg\u0101 ku\u0146\u0123i, liekot tam ra\u017eot vair\u0101k g\u013cotu.<\/li>\n<\/ul>\n<p>Ja v\u0113laties ieg\u0101d\u0101ties ol\u012bvas vai cita veida <a href=\"https:\/\/latiendadesami.com\/categoria-producto\/encurtidos\/\" rel=\"noopener noreferrer nofollow\" target=\"_blank\">marin\u0113tus gur\u0137us<\/a>, nevilcinieties iel\u016bkoties m\u016bsu tie\u0161saistes katalog\u0101, lai iepaz\u012btos ar pla\u0161o <a href=\"https:\/\/latiendadesami.com\/categoria-producto\/encurtidos\/pepinillos\/\" target=\"_blank\" rel=\"noopener noreferrer nofollow\">marin\u0113to gur\u0137u<\/a> kl\u0101stu.<\/p>\n","protected":false},"excerpt":{"rendered":"<p>&nbsp;<\/p>\n<p>&nbsp;<\/p>\n","protected":false},"featured_media":22288,"template":"","meta":{"_et_pb_use_builder":"","_et_pb_old_content":"","_et_gb_content_width":""},"product_brand":[1057],"product_cat":[4018,1729],"product_tag":[4019],"class_list":{"0":"post-22283","1":"product","2":"type-product","3":"status-publish","4":"has-post-thumbnail","6":"product_brand-la-encajera","7":"product_cat-cilli-pipari","8":"product_cat-pickles-lv","9":"product_tag-basku-lv","11":"first","12":"outofstock","13":"taxable","14":"shipping-taxable","15":"product-type-variable"},"_links":{"self":[{"href":"https:\/\/myspainfood.com\/lv\/wp-json\/wp\/v2\/product\/22283","targetHints":{"allow":["GET"]}}],"collection":[{"href":"https:\/\/myspainfood.com\/lv\/wp-json\/wp\/v2\/product"}],"about":[{"href":"https:\/\/myspainfood.com\/lv\/wp-json\/wp\/v2\/types\/product"}],"wp:featuredmedia":[{"embeddable":true,"href":"https:\/\/myspainfood.com\/lv\/wp-json\/wp\/v2\/media\/22288"}],"wp:attachment":[{"href":"https:\/\/myspainfood.com\/lv\/wp-json\/wp\/v2\/media?parent=22283"}],"wp:term":[{"taxonomy":"product_brand","embeddable":true,"href":"https:\/\/myspainfood.com\/lv\/wp-json\/wp\/v2\/product_brand?post=22283"},{"taxonomy":"product_cat","embeddable":true,"href":"https:\/\/myspainfood.com\/lv\/wp-json\/wp\/v2\/product_cat?post=22283"},{"taxonomy":"product_tag","embeddable":true,"href":"https:\/\/myspainfood.com\/lv\/wp-json\/wp\/v2\/product_tag?post=22283"}],"curies":[{"name":"wp","href":"https:\/\/api.w.org\/{rel}","templated":true}]}}