{"id":23222,"date":"2025-04-10T12:05:54","date_gmt":"2025-04-10T10:05:54","guid":{"rendered":"https:\/\/myspainfood.com\/producto\/sardinillas-oti-925gr\/"},"modified":"2025-04-10T12:05:54","modified_gmt":"2025-04-10T10:05:54","slug":"sardinillas-oti-925gr","status":"publish","type":"product","link":"https:\/\/myspainfood.com\/lv\/producto\/sardinillas-oti-925gr\/","title":{"rendered":"Sardinillas Oti 925gr"},"content":{"rendered":"<p>Conservas Oti izv\u0113las lab\u0101k\u0101s sard\u012bnes, kuras ar rok\u0101m sagrie\u017e, nogrie\u017e un not\u012bra, p\u0113c tam apgrauzd\u0113 tvaik\u0101 un iepako saulespu\u0137u e\u013c\u013c\u0101. T\u0101s izce\u013cas ar pievilc\u012bgu sudrabainu izskatu, kr\u0113m\u012bgu konsistenci, intens\u012bvu zivju gar\u0161u un lielisku noform\u0113jumu. Pateicoties augstajam omega 3 omega 3 vitam\u012bnu saturam, t\u0101s pal\u012bdz iev\u0113rot Vidusj\u016bras re\u0123iona di\u0113tu.  <\/p>\n","protected":false},"excerpt":{"rendered":"<p>Conservas Oti izv\u0113las lab\u0101k\u0101s sard\u012bnes, kuras ar rok\u0101m sagrie\u017e, nogrie\u017e un not\u012bra, p\u0113c tam apgrauzd\u0113 tvaik\u0101 un iepako saulespu\u0137u e\u013c\u013c\u0101. T\u0101s izce\u013cas ar pievilc\u012bgu sudrabainu izskatu, kr\u0113m\u012bgu konsistenci, intens\u012bvu zivju gar\u0161u un lielisku noform\u0113jumu. Pateicoties augstajam omega 3 omega 3 vitam\u012bnu saturam, t\u0101s pal\u012bdz iev\u0113rot Vidusj\u016bras re\u0123iona di\u0113tu.<\/p>\n","protected":false},"featured_media":23228,"template":"","meta":{"_et_pb_use_builder":"","_et_pb_old_content":"","_et_gb_content_width":""},"product_brand":[1075],"product_cat":[1963,3778],"product_tag":[],"class_list":{"0":"post-23222","1":"product","2":"type-product","3":"status-publish","4":"has-post-thumbnail","6":"product_brand-oti","7":"product_cat-saglaba","8":"product_cat-sardinillas-lv","10":"first","11":"outofstock","12":"taxable","13":"shipping-taxable","14":"purchasable","15":"product-type-variable"},"_links":{"self":[{"href":"https:\/\/myspainfood.com\/lv\/wp-json\/wp\/v2\/product\/23222","targetHints":{"allow":["GET"]}}],"collection":[{"href":"https:\/\/myspainfood.com\/lv\/wp-json\/wp\/v2\/product"}],"about":[{"href":"https:\/\/myspainfood.com\/lv\/wp-json\/wp\/v2\/types\/product"}],"wp:featuredmedia":[{"embeddable":true,"href":"https:\/\/myspainfood.com\/lv\/wp-json\/wp\/v2\/media\/23228"}],"wp:attachment":[{"href":"https:\/\/myspainfood.com\/lv\/wp-json\/wp\/v2\/media?parent=23222"}],"wp:term":[{"taxonomy":"product_brand","embeddable":true,"href":"https:\/\/myspainfood.com\/lv\/wp-json\/wp\/v2\/product_brand?post=23222"},{"taxonomy":"product_cat","embeddable":true,"href":"https:\/\/myspainfood.com\/lv\/wp-json\/wp\/v2\/product_cat?post=23222"},{"taxonomy":"product_tag","embeddable":true,"href":"https:\/\/myspainfood.com\/lv\/wp-json\/wp\/v2\/product_tag?post=23222"}],"curies":[{"name":"wp","href":"https:\/\/api.w.org\/{rel}","templated":true}]}}