{"id":24052,"date":"2025-04-10T12:06:37","date_gmt":"2025-04-10T10:06:37","guid":{"rendered":"https:\/\/myspainfood.com\/producto\/marinetas-gliemenes-4-6-gab-arlequin\/"},"modified":"2025-04-10T12:06:37","modified_gmt":"2025-04-10T10:06:37","slug":"marinetas-gliemenes-4-6-gab-arlequin","status":"publish","type":"product","link":"https:\/\/myspainfood.com\/lv\/producto\/marinetas-gliemenes-4-6-gab-arlequin\/","title":{"rendered":"Marin\u0113tas gliemenes 4\/6 gab Arlequ\u00edn"},"content":{"rendered":"<p>Arlequ\u00edn Mussel 4\/6 gab <a href=\"https:\/\/conservasarlequin.com\/arlequin\/\" target=\"_blank\" rel=\"noopener noreferrer nofollow\">Arlequ\u00edn<\/a> ir amatnieku konserv\u0113ts produkts.<\/p>\n<p><strong>T\u012brais svars\/ietilp\u012bba:<\/strong> 115g\/69g<\/p>\n<p><strong>Der\u012bguma termi\u0146\u0161:<\/strong> 5 gadi<\/p>\n<p><strong>Aizsardz\u012bba:<\/strong> vide<\/p>\n<p><strong>Filejas gabalu skaits\/ gabalu skaits<\/strong>: 4\/6<\/p>\n<p>Conservas <a href=\"https:\/\/latiendadesami.com\/marca\/arlequin\/\" target=\"_blank\" rel=\"noopener noreferrer nofollow\">Arlequ\u00edn<\/a> misija ir pied\u0101v\u0101t lielisku produktu, vislab\u0101ko apkalpo\u0161anu un pla\u0161u zivju konservu kl\u0101stu par lab\u0101ko cenu.<\/p>\n<p>Vi\u0146i specializ\u0113jas ar\u012b an\u0161ovu, an\u0161ovu, an\u0161ovu, an\u0161ovu, bonito, dzeltenspuru tunzivju, gliemenes, arlek\u012bna gliemenes 4\/6 gab., skumbrijas un sard\u012bnes.<\/p>\n<p>Piem\u0113ram, laikrakst\u0101 El Pa\u00eds Comidista par ventresku raksta: &#8220;T\u0101 ir tik maiga, gandr\u012bz kr\u0113m\u012bga, ka gribas to apprec\u0113t un dz\u012bvot laim\u012bgi, l\u012bdz Kungs tevi pa\u0146ems&#8221;.<\/p>\n<h4>Galven\u0101s konservu priek\u0161roc\u012bbas<\/h4>\n<ol>\n<li>Tie saglab\u0101 visas p\u0101rtikas produkta uzturv\u0113rt\u012bbas. P\u0101rtika saglab\u0101 savu svaigumu. <\/li>\n<li>Izmantotie p\u0101rtikas produkti ir vesel\u012bgi un t\u0101p\u0113c piem\u0113roti optim\u0101lam uzturam, jo tajos ir liels vitam\u012bnu un olbaltumvielu saturs.<\/li>\n<li>\u0160iem izstr\u0101d\u0101jumiem ir ilg\u0101ks kalpo\u0161anas laiks (parasti 2-5 gadi).<\/li>\n<li>Konservi ir \u013coti \u0113rti uzglab\u0101jami, jo to iepakojums ir viegli uzkl\u0101jams.<\/li>\n<\/ol>\n<p>Ja v\u0113laties ieg\u0101d\u0101ties tunzivis vai cita veida <a href=\"https:\/\/latiendadesami.com\/categoria-producto\/conservas\/\" rel=\"noopener noreferrer nofollow\" target=\"_blank\">konservus<\/a>, nevilcinieties un iel\u016bkojieties m\u016bsu tie\u0161saistes katalog\u0101, lai iepaz\u012btos ar m\u016bsu pla\u0161o <a href=\"https:\/\/latiendadesami.com\/categoria-producto\/conservas\/atun-y-bonito\/\" target=\"_blank\" rel=\"noopener noreferrer nofollow\">tunzivju<\/a> kl\u0101stu.<\/p>\n<p>Lai ieg\u016btu vair\u0101k inform\u0101cijas, rakstiet mums.<\/p>\n","protected":false},"excerpt":{"rendered":"<p>gliemenes marin\u0113t\u0101 m\u0113rc\u0113 ol\u012bve\u013c\u013c\u0101<\/p>\n","protected":false},"featured_media":24055,"template":"","meta":{"_et_pb_use_builder":"","_et_pb_old_content":"","_et_gb_content_width":""},"product_brand":[1162],"product_cat":[4058,1963],"product_tag":[],"class_list":{"0":"post-24052","1":"product","2":"type-product","3":"status-publish","4":"has-post-thumbnail","6":"product_brand-arlequin","7":"product_cat-midijas-lv-2","8":"product_cat-saglaba","10":"first","11":"outofstock","12":"taxable","13":"shipping-taxable","14":"purchasable","15":"product-type-variable"},"_links":{"self":[{"href":"https:\/\/myspainfood.com\/lv\/wp-json\/wp\/v2\/product\/24052","targetHints":{"allow":["GET"]}}],"collection":[{"href":"https:\/\/myspainfood.com\/lv\/wp-json\/wp\/v2\/product"}],"about":[{"href":"https:\/\/myspainfood.com\/lv\/wp-json\/wp\/v2\/types\/product"}],"wp:featuredmedia":[{"embeddable":true,"href":"https:\/\/myspainfood.com\/lv\/wp-json\/wp\/v2\/media\/24055"}],"wp:attachment":[{"href":"https:\/\/myspainfood.com\/lv\/wp-json\/wp\/v2\/media?parent=24052"}],"wp:term":[{"taxonomy":"product_brand","embeddable":true,"href":"https:\/\/myspainfood.com\/lv\/wp-json\/wp\/v2\/product_brand?post=24052"},{"taxonomy":"product_cat","embeddable":true,"href":"https:\/\/myspainfood.com\/lv\/wp-json\/wp\/v2\/product_cat?post=24052"},{"taxonomy":"product_tag","embeddable":true,"href":"https:\/\/myspainfood.com\/lv\/wp-json\/wp\/v2\/product_tag?post=24052"}],"curies":[{"name":"wp","href":"https:\/\/api.w.org\/{rel}","templated":true}]}}