{"id":24275,"date":"2025-04-10T12:06:37","date_gmt":"2025-04-10T10:06:37","guid":{"rendered":"https:\/\/myspainfood.com\/producto\/artisoku-sirdis-20-auglu\/"},"modified":"2025-04-10T12:06:37","modified_gmt":"2025-04-10T10:06:37","slug":"artisoku-sirdis-20-auglu","status":"publish","type":"product","link":"https:\/\/myspainfood.com\/lv\/producto\/artisoku-sirdis-20-auglu\/","title":{"rendered":"Arti\u0161oku sirdis +20 aug\u013cu"},"content":{"rendered":"<p>Arti\u0161oku sirsni\u0146as +20 <a href=\"https:\/\/twitter.com\/mca_spain\" target=\"_blank\" rel=\"noopener noreferrer nofollow\">pirmo<\/a> aug\u013cu.<\/p>\n<p>Sast\u0101vda\u013cas: Arti\u0161oki, \u016bdens, s\u0101ls un pask\u0101bin\u0101t\u0101js: citronsk\u0101be.<\/p>\n<p>P\u0113c atv\u0113r\u0161anas uzglab\u0101t ledusskap\u012b un v\u0113lams pat\u0113r\u0113t 5 dienu laik\u0101.<\/p>\n<p>La Viuda de Mateo ir viens no tirdzniec\u012bbas z\u012bmoliem, ar kuriem MCA Spain grupa darbojas tirg\u016b.<\/p>\n<p>MCA Spain pirms\u0101kumi mekl\u0113jami t\u0101s pa\u0161reiz\u0113j\u0101 \u0123ener\u0101ldirektora Karlosa Ripas (Carlos Ripa) pieredz\u0113, kas g\u016bta, desmit gadus str\u0101d\u0101jot \u0123imenes uz\u0146\u0113mum\u0101, kur\u0161 saist\u012bts ar p\u0101rtikas mazumtirdzniec\u012bbas nozari.<\/p>\n<p>Tom\u0113r 80. gadu vid\u016b Ripa sav\u0101 dzimtaj\u0101 pils\u0113t\u0101 (Mendavia, Navarras pavalsts) uzs\u0101ka savu person\u012bgo projektu - konserv\u0113\u0161anas uz\u0146\u0113mumu MCA Spain.<\/p>\n<p>\u0160is uz\u0146\u0113mums, kas ra\u017eo d\u0101rze\u0146u un zivju konservus, ir Sp\u0101nijas lauksaimniec\u012bbas p\u0101rtikas nozares pirmaj\u0101 segment\u0101.<\/p>\n<p>Tas ir iespaid\u012bgs notikums, kas neb\u016btu bijis iesp\u0113jams bez augst\u0101k\u0101s klases komandas un aizraut\u012bbas klientu apkalpo\u0161an\u0101.<\/p>\n<p>Ja v\u0113laties ieg\u0101d\u0101ties Arti\u0161oku sirsni\u0146as +20 aug\u013ci vai k\u0101du citu <a href=\"https:\/\/latiendadesami.com\/categoria-producto\/conservas\/\" rel=\"noopener noreferrer nofollow\" target=\"_blank\">konservu<\/a> veidu, nekautr\u0113jieties apskat\u012bt m\u016bsu tie\u0161saistes katalogu.<\/p>\n<p>Mums ir visaugst\u0101k\u0101 kvalit\u0101te par lab\u0101ko cenu.<\/p>\n<p>Rakstiet mums, lai ieg\u016btu vair\u0101k inform\u0101cijas vai ja jums ir k\u0101di jaut\u0101jumi par \u0161o vai jebkuru citu m\u016bsu katalog\u0101 iek\u013cauto produktu.<\/p>\n","protected":false},"excerpt":{"rendered":"<p>Arti\u0161oku sirdis pirmie 20 aug\u013ci<\/p>\n","protected":false},"featured_media":24282,"template":"","meta":{"_et_pb_use_builder":"","_et_pb_old_content":"","_et_gb_content_width":""},"product_brand":[1129],"product_cat":[4700,1963],"product_tag":[4701],"class_list":{"0":"post-24275","1":"product","2":"type-product","3":"status-publish","4":"has-post-thumbnail","6":"product_brand-mateo","7":"product_cat-artisoki","8":"product_cat-saglaba","9":"product_tag-sirdis","11":"first","12":"outofstock","13":"taxable","14":"shipping-taxable","15":"purchasable","16":"product-type-variable"},"_links":{"self":[{"href":"https:\/\/myspainfood.com\/lv\/wp-json\/wp\/v2\/product\/24275","targetHints":{"allow":["GET"]}}],"collection":[{"href":"https:\/\/myspainfood.com\/lv\/wp-json\/wp\/v2\/product"}],"about":[{"href":"https:\/\/myspainfood.com\/lv\/wp-json\/wp\/v2\/types\/product"}],"wp:featuredmedia":[{"embeddable":true,"href":"https:\/\/myspainfood.com\/lv\/wp-json\/wp\/v2\/media\/24282"}],"wp:attachment":[{"href":"https:\/\/myspainfood.com\/lv\/wp-json\/wp\/v2\/media?parent=24275"}],"wp:term":[{"taxonomy":"product_brand","embeddable":true,"href":"https:\/\/myspainfood.com\/lv\/wp-json\/wp\/v2\/product_brand?post=24275"},{"taxonomy":"product_cat","embeddable":true,"href":"https:\/\/myspainfood.com\/lv\/wp-json\/wp\/v2\/product_cat?post=24275"},{"taxonomy":"product_tag","embeddable":true,"href":"https:\/\/myspainfood.com\/lv\/wp-json\/wp\/v2\/product_tag?post=24275"}],"curies":[{"name":"wp","href":"https:\/\/api.w.org\/{rel}","templated":true}]}}