{"id":24598,"date":"2025-04-10T12:05:54","date_gmt":"2025-04-10T10:05:54","guid":{"rendered":"https:\/\/myspainfood.com\/producto\/oti-marinetas-gliemenes-25-30-gab\/"},"modified":"2025-04-10T12:05:54","modified_gmt":"2025-04-10T10:05:54","slug":"oti-marinetas-gliemenes-25-30-gab","status":"publish","type":"product","link":"https:\/\/myspainfood.com\/lv\/producto\/oti-marinetas-gliemenes-25-30-gab\/","title":{"rendered":"Oti marin\u0113tas gliemenes 25\/30 gab."},"content":{"rendered":"<div id=\"cboxLoadedContent\">\n<div id=\"inline_content2\">\n<div class=\"detalle_texto\">Visaugst\u0101k\u0101s kvalit\u0101tes un liel\u0101kie paraugi tiek ieg\u016bti optim\u0101l\u0101 br\u012bd\u012b no lab\u0101kaj\u0101m tvertn\u0113m. With an excellent appearance, uniform colour, clean of beards and very appetizing, they are the result of careful selection and processing. Lai pagatavotu gardu marin\u0113tu m\u0113rci, kas ir ide\u0101ls \u0161o gliemju papildin\u0101jums, izmanto augst\u0101k\u0101s kvalit\u0101tes sast\u0101vda\u013cas.  <\/div>\n<\/div>\n<\/div>\n","protected":false},"excerpt":{"rendered":"<p>Visaugst\u0101k\u0101s kvalit\u0101tes un liel\u0101kie paraugi tiek ieg\u016bti optim\u0101l\u0101 br\u012bd\u012b no lab\u0101kaj\u0101m tvertn\u0113m. With an excellent appearance, uniform colour, clean of beards and very appetizing, they are the result of careful selection and processing. Lai pagatavotu gardu marin\u0113tu m\u0113rci, kas ir ide\u0101ls \u0161o gliemju papildin\u0101jums, izmanto augst\u0101k\u0101s kvalit\u0101tes sast\u0101vda\u013cas.<\/p>\n","protected":false},"featured_media":24605,"template":"","meta":{"_et_pb_use_builder":"","_et_pb_old_content":"","_et_gb_content_width":""},"product_brand":[1075],"product_cat":[3886,1963],"product_tag":[],"class_list":{"0":"post-24598","1":"product","2":"type-product","3":"status-publish","4":"has-post-thumbnail","6":"product_brand-oti","7":"product_cat-midijas-lv","8":"product_cat-saglaba","10":"first","11":"outofstock","12":"taxable","13":"shipping-taxable","14":"product-type-variable"},"_links":{"self":[{"href":"https:\/\/myspainfood.com\/lv\/wp-json\/wp\/v2\/product\/24598","targetHints":{"allow":["GET"]}}],"collection":[{"href":"https:\/\/myspainfood.com\/lv\/wp-json\/wp\/v2\/product"}],"about":[{"href":"https:\/\/myspainfood.com\/lv\/wp-json\/wp\/v2\/types\/product"}],"wp:featuredmedia":[{"embeddable":true,"href":"https:\/\/myspainfood.com\/lv\/wp-json\/wp\/v2\/media\/24605"}],"wp:attachment":[{"href":"https:\/\/myspainfood.com\/lv\/wp-json\/wp\/v2\/media?parent=24598"}],"wp:term":[{"taxonomy":"product_brand","embeddable":true,"href":"https:\/\/myspainfood.com\/lv\/wp-json\/wp\/v2\/product_brand?post=24598"},{"taxonomy":"product_cat","embeddable":true,"href":"https:\/\/myspainfood.com\/lv\/wp-json\/wp\/v2\/product_cat?post=24598"},{"taxonomy":"product_tag","embeddable":true,"href":"https:\/\/myspainfood.com\/lv\/wp-json\/wp\/v2\/product_tag?post=24598"}],"curies":[{"name":"wp","href":"https:\/\/api.w.org\/{rel}","templated":true}]}}