{"id":25137,"date":"2025-04-10T12:05:46","date_gmt":"2025-04-10T10:05:46","guid":{"rendered":"https:\/\/myspainfood.com\/producto\/ansoviem-pilditi-kornisoni-2-kg-ne\/"},"modified":"2025-06-25T12:21:44","modified_gmt":"2025-06-25T10:21:44","slug":"ansoviem-pilditi-kornisoni-2-kg-ne","status":"publish","type":"product","link":"https:\/\/myspainfood.com\/lv\/producto\/ansoviem-pilditi-kornisoni-2-kg-ne\/","title":{"rendered":"An\u0161oviem pild\u012bti korni\u0161oni 2 kg n\u0113"},"content":{"rendered":"<p>An\u0161ovu pild\u012bti korni\u0161oni 2 kg - gur\u0137is, an\u0161ovi, s\u012bpoli, ol\u012bvas, pipari, s\u0101ls. \u0112dams k\u0101 <a href=\"https:\/\/www.google.com\/search?q=pepinillos+rellenos+de+anchoa&amp;sxsrf=APq-WBt_i-Tka1Uv3POveVZqwLAkAbPIVg:1644316240904&amp;source=lnms&amp;tbm=isch&amp;sa=X&amp;ved=2ahUKEwj7or-r8-_1AhXO57sIHTYYAU0Q_AUoAXoECAEQAw&amp;biw=1577&amp;bih=780&amp;dpr=1\" target=\"_blank\" rel=\"noopener noreferrer nofollow\">uzkoda<\/a>. <\/p>\n<p>Sast\u0101vda\u013cu rad\u012btais gar\u0161u mais\u012bjums kop\u0101 ar eti\u0137a piedevu pie\u0161\u0137ir tam \u012bpa\u0161u gar\u0161u, kas ir \u013coti pat\u012bkama gar\u0161as k\u0101rpi\u0146\u0101m.<\/p>\n<p>Our\u0137\u012b\u0161i ir uzkoda, kas stiprina im\u016bnsist\u0113mu, t. i., veicina organisma aizsargsp\u0113jas un visp\u0101r\u0113jo vesel\u012bbu.<\/p>\n<h3><strong>An\u0161ovu pild\u012btu korni\u0161onu 2kg priek\u0161roc\u012bbas<\/strong><\/h3>\n<p>Vai zin\u0101j\u0101t, k\u0101das priek\u0161roc\u012bbas sniedz marin\u0113ti d\u0101rze\u0146i kopum\u0101? \u0160eit ir saraksts ar vissvar\u012bg\u0101kaj\u0101m no t\u0101m: <\/p>\n<ul>\n<li>Bag\u0101ts ar probiotik\u0101m.<\/li>\n<li>Tie veicina gremo\u0161anu.<\/li>\n<li>T\u0101s stiprina im\u016bnsist\u0113mu.<\/li>\n<li>T\u0101s mazina cukura alkas.<\/li>\n<li>Labv\u0113l\u012bgi ietekm\u0113 \u017eultsp\u016b\u0161\u013ca darb\u012bbu.<\/li>\n<\/ul>\n<p>Ja v\u0113laties ieg\u0101d\u0101ties ol\u012bvas vai cita veida <a href=\"https:\/\/latiendadesami.com\/categoria-producto\/encurtidos\/\" rel=\"noopener noreferrer nofollow\" target=\"_blank\">marin\u0113tus gur\u0137us<\/a>, nevilcinieties iel\u016bkoties m\u016bsu tie\u0161saistes katalog\u0101, lai iepaz\u012btos ar pla\u0161o <a href=\"https:\/\/latiendadesami.com\/categoria-producto\/encurtidos\/pepinillos\/\" target=\"_blank\" rel=\"noopener noreferrer nofollow\">marin\u0113to gur\u0137u<\/a> kl\u0101stu.<\/p>\n","protected":false},"excerpt":{"rendered":"<p>An\u0161ovu pild\u012bti korni\u0161oni 2 kg - gur\u0137is, an\u0161ovi, s\u012bpoli, ol\u012bvas, pipari, s\u0101ls. \u0112dams k\u0101 uzkoda. Sast\u0101vda\u013cu rad\u012btais gar\u0161u mais\u012bjums kop\u0101 ar eti\u0137a piedevu pie\u0161\u0137ir tam \u012bpa\u0161u gar\u0161u, kas ir \u013coti pat\u012bkama gar\u0161as k\u0101rpi\u0146\u0101m. Our\u0137\u012b\u0161i ir uzkoda, kas stiprina im\u016bnsist\u0113mu, t. i., veicina organisma aizsargsp\u0113jas un visp\u0101r\u0113jo vesel\u012bbu. An\u0161ovu pild\u012btu korni\u0161onu 2kg priek\u0161roc\u012bbas Vai zin\u0101j\u0101t, k\u0101das [&hellip;]<\/p>\n","protected":false},"featured_media":25140,"template":"","meta":{"_et_pb_use_builder":"","_et_pb_old_content":"","_et_gb_content_width":""},"product_brand":[1069],"product_cat":[1821,2008,1729],"product_tag":[4966,2028],"class_list":{"0":"post-25137","1":"product","2":"type-product","3":"status-publish","4":"has-post-thumbnail","6":"product_brand-sangar","7":"product_cat-cold","8":"product_cat-gurkisi","9":"product_cat-pickles-lv","10":"product_tag-ansovi","11":"product_tag-piparkuka","12":"product_shipping_class-aukstuma-sutijums","14":"first","15":"instock","16":"taxable","17":"shipping-taxable","18":"purchasable","19":"product-type-simple"},"_links":{"self":[{"href":"https:\/\/myspainfood.com\/lv\/wp-json\/wp\/v2\/product\/25137","targetHints":{"allow":["GET"]}}],"collection":[{"href":"https:\/\/myspainfood.com\/lv\/wp-json\/wp\/v2\/product"}],"about":[{"href":"https:\/\/myspainfood.com\/lv\/wp-json\/wp\/v2\/types\/product"}],"wp:featuredmedia":[{"embeddable":true,"href":"https:\/\/myspainfood.com\/lv\/wp-json\/wp\/v2\/media\/25140"}],"wp:attachment":[{"href":"https:\/\/myspainfood.com\/lv\/wp-json\/wp\/v2\/media?parent=25137"}],"wp:term":[{"taxonomy":"product_brand","embeddable":true,"href":"https:\/\/myspainfood.com\/lv\/wp-json\/wp\/v2\/product_brand?post=25137"},{"taxonomy":"product_cat","embeddable":true,"href":"https:\/\/myspainfood.com\/lv\/wp-json\/wp\/v2\/product_cat?post=25137"},{"taxonomy":"product_tag","embeddable":true,"href":"https:\/\/myspainfood.com\/lv\/wp-json\/wp\/v2\/product_tag?post=25137"}],"curies":[{"name":"wp","href":"https:\/\/api.w.org\/{rel}","templated":true}]}}