{"id":25302,"date":"2025-04-10T12:05:46","date_gmt":"2025-04-10T10:05:46","guid":{"rendered":"https:\/\/myspainfood.com\/producto\/bez-kauliem-45-kg\/"},"modified":"2025-05-08T20:41:06","modified_gmt":"2025-05-08T18:41:06","slug":"bez-kauliem-45-kg","status":"publish","type":"product","link":"https:\/\/myspainfood.com\/lv\/producto\/bez-kauliem-45-kg\/","title":{"rendered":"Bez kauliem 4,5 kg"},"content":{"rendered":"<p>Ol\u012bvas bez kauli\u0146iem 4,5 kg ir za\u013c\u0101 kr\u0101s\u0101 un <a href=\"https:\/\/www.google.com\/search?q=aceitunas+deshuesadas&amp;sxsrf=APq-WBvbn4FM7rlwj2SbPE3GYq4nrKA1Ug:1644314369924&amp;source=lnms&amp;tbm=isch&amp;sa=X&amp;ved=2ahUKEwjE56uv7O_1AhWrgf0HHWvsDTUQ_AUoAXoECAEQAw&amp;biw=1577&amp;bih=780&amp;dpr=1\" target=\"_blank\" rel=\"noopener noreferrer nofollow\">bez kauli\u0146iem<\/a>. T\u0101 saglab\u0101 savu s\u0101kotn\u0113jo formu. <\/p>\n<p>Tas ir \u013coti vesel\u012bgs papildin\u0101jums m\u016bsu tradicion\u0101lajam barojo\u0161ajam Vidusj\u016bras re\u0123iona di\u0113tiskajam uzturam.<\/p>\n<p>Sp\u0101nij\u0101 m\u0113s atrodam ol\u012bvas, korni\u0161onus, bakla\u017e\u0101nus, burk\u0101nus, s\u012bpolus, \u013coti tradicion\u0101los kaperus, \u0137iplokus vai pat to mais\u012bjumu.<\/p>\n<p>Tos bie\u017ei pasniedz k\u0101 tapas pie alus (nevis v\u012bna eti\u0137a satura d\u0113\u013c).<\/p>\n<p>Marin\u0113ti gur\u0137i ir k\u013cuvu\u0161i par senu p\u0101rtikas produktu konserv\u0113\u0161anas pa\u0146\u0113mienu vis\u0101 pasaul\u0113 un ir k\u013cuvu\u0161i par vienu no popul\u0101r\u0101kaj\u0101m tap\u0101m jeb uzkodu \u0113dieniem Sp\u0101nijas gastronomij\u0101.<\/p>\n<h3>Ol\u012bvu bez kauli\u0146iem priek\u0161roc\u012bbas 4,5 kg<\/h3>\n<p>Vai zin\u0101j\u0101t, ka \u0161\u012bs ol\u012bvas sniedz daudzpus\u012bgu labumu? T\u0101s ir \u013coti efekt\u012bvas sirds un asinsrites slim\u012bbu profilaksei kopum\u0101. <\/p>\n<p>Tas ir saist\u012bts ar augsto nepies\u0101tin\u0101to tauku saturu. Turkl\u0101t tas ir p\u0101rtikas produkts, kas satur daudz dzelzs un \u0161\u0137iedrvielu un ir \u013coti s\u0101t\u012bgs, padarot to par lielisku uzkodu. <\/p>\n<p>Ja v\u0113laties ieg\u0101d\u0101ties ol\u012bvas vai cita veida <a href=\"https:\/\/latiendadesami.com\/categoria-producto\/encurtidos\/\" rel=\"noopener noreferrer nofollow\" target=\"_blank\">marin\u0113tus d\u0101rze\u0146us<\/a>, nevilcinieties un iel\u016bkojieties m\u016bsu tie\u0161saistes katalog\u0101, lai iepaz\u012btos ar m\u016bsu pla\u0161o <a href=\"https:\/\/latiendadesami.com\/categoria-producto\/encurtidos\/aceitunas\/\" target=\"_blank\" rel=\"noopener noreferrer nofollow\">ol\u012bvu<\/a> kl\u0101stu.<\/p>\n<p>Lai ieg\u016btu pla\u0161\u0101ku inform\u0101ciju par visu m\u016bsu pied\u0101v\u0101jumu, varat rakst\u012bt mums.<\/p>\n","protected":false},"excerpt":{"rendered":"<p>Ol\u012bvas bez kauli\u0146iem 4,5 kg ir za\u013c\u0101 kr\u0101s\u0101 un bez kauli\u0146iem. T\u0101 saglab\u0101 savu s\u0101kotn\u0113jo formu. Tas ir \u013coti vesel\u012bgs papildin\u0101jums m\u016bsu tradicion\u0101lajam barojo\u0161ajam Vidusj\u016bras re\u0123iona di\u0113tiskajam uzturam. Sp\u0101nij\u0101 m\u0113s atrodam ol\u012bvas, korni\u0161onus, bakla\u017e\u0101nus, burk\u0101nus, s\u012bpolus, \u013coti tradicion\u0101los kaperus, \u0137iplokus vai pat to mais\u012bjumu. Tos bie\u017ei pasniedz k\u0101 tapas pie alus (nevis v\u012bna eti\u0137a satura [&hellip;]<\/p>\n","protected":false},"featured_media":25308,"template":"","meta":{"_et_pb_use_builder":"","_et_pb_old_content":"","_et_gb_content_width":""},"product_brand":[1069],"product_cat":[1731,1729],"product_tag":[5178],"class_list":{"0":"post-25302","1":"product","2":"type-product","3":"status-publish","4":"has-post-thumbnail","6":"product_brand-sangar","7":"product_cat-olivas","8":"product_cat-pickles-lv","9":"product_tag-bez-kauliem","11":"first","12":"outofstock","13":"taxable","14":"shipping-taxable","15":"product-type-variable"},"_links":{"self":[{"href":"https:\/\/myspainfood.com\/lv\/wp-json\/wp\/v2\/product\/25302","targetHints":{"allow":["GET"]}}],"collection":[{"href":"https:\/\/myspainfood.com\/lv\/wp-json\/wp\/v2\/product"}],"about":[{"href":"https:\/\/myspainfood.com\/lv\/wp-json\/wp\/v2\/types\/product"}],"wp:featuredmedia":[{"embeddable":true,"href":"https:\/\/myspainfood.com\/lv\/wp-json\/wp\/v2\/media\/25308"}],"wp:attachment":[{"href":"https:\/\/myspainfood.com\/lv\/wp-json\/wp\/v2\/media?parent=25302"}],"wp:term":[{"taxonomy":"product_brand","embeddable":true,"href":"https:\/\/myspainfood.com\/lv\/wp-json\/wp\/v2\/product_brand?post=25302"},{"taxonomy":"product_cat","embeddable":true,"href":"https:\/\/myspainfood.com\/lv\/wp-json\/wp\/v2\/product_cat?post=25302"},{"taxonomy":"product_tag","embeddable":true,"href":"https:\/\/myspainfood.com\/lv\/wp-json\/wp\/v2\/product_tag?post=25302"}],"curies":[{"name":"wp","href":"https:\/\/api.w.org\/{rel}","templated":true}]}}