{"id":25483,"date":"2025-04-10T12:06:29","date_gmt":"2025-04-10T10:06:29","guid":{"rendered":"https:\/\/myspainfood.com\/producto\/senorio-de-las-ventas-rioja-crianza-vins-ko-iepilda-antonio-escribano-pascual\/"},"modified":"2025-04-10T12:06:29","modified_gmt":"2025-04-10T10:06:29","slug":"senorio-de-las-ventas-rioja-crianza-vins-ko-iepilda-antonio-escribano-pascual","status":"publish","type":"product","link":"https:\/\/myspainfood.com\/lv\/producto\/senorio-de-las-ventas-rioja-crianza-vins-ko-iepilda-antonio-escribano-pascual\/","title":{"rendered":"Se\u00f1orio de las Ventas, Rioja Crianza v\u012bns, ko iepilda Antonio Escribano Pascual"},"content":{"rendered":"<p>Audzin\u0101\u0161ana<\/p>\n<p>Atbilst v\u012bniem, kas ir vismaz tre\u0161aj\u0101 gad\u0101 un kas vismaz vienu gadu iztur\u0113ju\u0161i ozolkoka muc\u0101s.<\/p>\n<p>Rub\u012bna kr\u0101sa, intens\u012bvs nogatavoju\u0161os aug\u013cu arom\u0101ts, labi kombin\u0113ts ar grauzd\u0113tu grauzdi\u0146u piegar\u0161u un vani\u013cas nians\u0113m. Bag\u0101t\u012bgs un l\u012bdzsvarots mut\u0113, ar perfektu harmoniju starp smalkiem tan\u012bniem. Gar\u0161\u012bgs un pies\u0101tin\u0101ts, vienlaikus saglab\u0101jot izsmalcin\u0101t\u012bbu un eleganci.  <\/p>\n","protected":false},"excerpt":{"rendered":"<p>Audzin\u0101\u0161ana Atbilst v\u012bniem, kas ir vismaz tre\u0161aj\u0101 gad\u0101 un kas vismaz vienu gadu iztur\u0113ju\u0161i ozolkoka muc\u0101s. Rub\u012bna kr\u0101sa, intens\u012bvs nogatavoju\u0161os aug\u013cu arom\u0101ts, labi kombin\u0113ts ar grauzd\u0113tu grauzdi\u0146u piegar\u0161u un vani\u013cas nians\u0113m. Bag\u0101t\u012bgs un l\u012bdzsvarots mut\u0113, ar perfektu harmoniju starp smalkiem tan\u012bniem. Gar\u0161\u012bgs un pies\u0101tin\u0101ts, vienlaikus saglab\u0101jot izsmalcin\u0101t\u012bbu un eleganci.<\/p>\n","protected":false},"featured_media":25488,"template":"","meta":{"_et_pb_use_builder":"","_et_pb_old_content":"","_et_gb_content_width":""},"product_brand":[1139],"product_cat":[4859,4861],"product_tag":[4862,5259],"class_list":{"0":"post-25483","1":"product","2":"type-product","3":"status-publish","4":"has-post-thumbnail","6":"product_brand-antonio-escribano","7":"product_cat-dzerieni","8":"product_cat-vins","9":"product_tag-antonio-escribano-lv","10":"product_tag-audzinasana","12":"first","13":"outofstock","14":"taxable","15":"shipping-taxable","16":"product-type-variable"},"_links":{"self":[{"href":"https:\/\/myspainfood.com\/lv\/wp-json\/wp\/v2\/product\/25483","targetHints":{"allow":["GET"]}}],"collection":[{"href":"https:\/\/myspainfood.com\/lv\/wp-json\/wp\/v2\/product"}],"about":[{"href":"https:\/\/myspainfood.com\/lv\/wp-json\/wp\/v2\/types\/product"}],"wp:featuredmedia":[{"embeddable":true,"href":"https:\/\/myspainfood.com\/lv\/wp-json\/wp\/v2\/media\/25488"}],"wp:attachment":[{"href":"https:\/\/myspainfood.com\/lv\/wp-json\/wp\/v2\/media?parent=25483"}],"wp:term":[{"taxonomy":"product_brand","embeddable":true,"href":"https:\/\/myspainfood.com\/lv\/wp-json\/wp\/v2\/product_brand?post=25483"},{"taxonomy":"product_cat","embeddable":true,"href":"https:\/\/myspainfood.com\/lv\/wp-json\/wp\/v2\/product_cat?post=25483"},{"taxonomy":"product_tag","embeddable":true,"href":"https:\/\/myspainfood.com\/lv\/wp-json\/wp\/v2\/product_tag?post=25483"}],"curies":[{"name":"wp","href":"https:\/\/api.w.org\/{rel}","templated":true}]}}