{"id":26575,"date":"2025-04-10T12:07:09","date_gmt":"2025-04-10T10:07:09","guid":{"rendered":"https:\/\/myspainfood.com\/producto\/oro-serijas-gliemezi-20-30-gab\/"},"modified":"2025-04-10T12:07:09","modified_gmt":"2025-04-10T10:07:09","slug":"oro-serijas-gliemezi-20-30-gab","status":"publish","type":"product","link":"https:\/\/myspainfood.com\/lv\/producto\/oro-serijas-gliemezi-20-30-gab\/","title":{"rendered":"ORO s\u0113rijas glieme\u017ei 20\/30 gab."},"content":{"rendered":"<p><a href=\"https:\/\/conservasarlequin.com\/serie-oro\/\" target=\"_blank\" rel=\"noopener noreferrer nofollow\">Arlequ\u00edn<\/a> Golden Cockles 00 s\u0113rija ir konserv\u0113ts produkts, kas gatavots tradicion\u0101l\u0101 veid\u0101.<\/p>\n<p><strong>T\u012brais svars:<\/strong> 113g\/63g<\/p>\n<p><strong>Der\u012bguma termi\u0146\u0161:<\/strong> 4 gadi<\/p>\n<p><strong>Aizsardz\u012bba:<\/strong> vide<\/p>\n<p><strong>Fileju skaits\/ gabalu skaits:<\/strong> 20\/30<\/p>\n<p>Conservas Arlequ\u00edn misija ir pied\u0101v\u0101t lielisku produktu, vislab\u0101ko apkalpo\u0161anu un pla\u0161u zivju konservu kl\u0101stu par lab\u0101ko cenu. Conservas <a href=\"https:\/\/latiendadesami.com\/marca\/arlequin\/\" target=\"_blank\" rel=\"noopener noreferrer nofollow\">Arlequ\u00edn<\/a> misija ir pied\u0101v\u0101t lielisku produktu, vislab\u0101ko apkalpo\u0161anu un pla\u0161u zivju konservu kl\u0101stu par lab\u0101ko cenu.<\/p>\n<p>Tie ir ar\u012b an\u0161ovu, glieme\u017eu s\u0113rijas 00 gold, an\u0161ovu, bonito, dzeltenspuru tunzivju, gliemenes, skumbrijas un sard\u012b\u0146u speci\u0101listi.<\/p>\n<p>Piem\u0113ram, laikrakst\u0101 El Pa\u00eds Comidista par ventresku raksta: &#8220;T\u0101 ir tik maiga, gandr\u012bz kr\u0113m\u012bga, ka gribas to apprec\u0113t un dz\u012bvot laim\u012bgi, l\u012bdz Kungs tevi pa\u0146ems&#8221;.<\/p>\n<h4>Galven\u0101s konservu priek\u0161roc\u012bbas<\/h4>\n<ol>\n<li>Tie saglab\u0101 visas p\u0101rtikas produkta uzturv\u0113rt\u012bbas. P\u0101rtika saglab\u0101 savu svaigumu. <\/li>\n<li>Izmantotie p\u0101rtikas produkti ir vesel\u012bgi un t\u0101p\u0113c piem\u0113roti optim\u0101lam uzturam, jo tajos ir liels vitam\u012bnu un olbaltumvielu saturs.<\/li>\n<li>\u0160iem izstr\u0101d\u0101jumiem ir ilg\u0101ks kalpo\u0161anas laiks (parasti 2-5 gadi).<\/li>\n<li>Konservi ir \u013coti \u0113rti uzglab\u0101jami, jo to iepakojums ir viegli uzkl\u0101jams.<\/li>\n<\/ol>\n<p>Ja v\u0113laties ieg\u0101d\u0101ties tunzivis vai cita veida <a href=\"https:\/\/latiendadesami.com\/categoria-producto\/conservas\/\" rel=\"noopener noreferrer nofollow\" target=\"_blank\">konservus<\/a>, nevilcinieties un iel\u016bkojieties m\u016bsu tie\u0161saistes katalog\u0101, lai iepaz\u012btos ar m\u016bsu pla\u0161o <a href=\"https:\/\/latiendadesami.com\/categoria-producto\/conservas\/atun-y-bonito\/\" target=\"_blank\" rel=\"noopener noreferrer nofollow\">tunzivju<\/a> kl\u0101stu.<\/p>\n<p>Lai ieg\u016btu vair\u0101k inform\u0101cijas, rakstiet mums.<\/p>\n","protected":false},"excerpt":{"rendered":"<p><strong>No R\u00eda de Noia<\/p>\n<p>Izv\u0113l\u0113t\u0101 kvalit\u0101te<\/strong><\/p>\n<p><strong>Gabalu skaits:<\/strong> 15\/25 gab.<\/p>\n<p><strong>Neto svars:<\/strong> 113 g<\/p>\n<p><strong>Iztuk\u0161ota svars: <\/strong>63 g<\/p>\n<p><strong>Sast\u0101vda\u013cas: <\/strong> Sast\u0101vda\u013cas:<em>gliemenes<\/em>, \u016bdens, s\u0101ls, pask\u0101bin\u0101t\u0101js (E330, E331) un antioksidants (E385).<\/p>\n<p><strong>Alerg\u0113ni:<\/strong> <em>Satur gliemenes, gailenes.<\/em><\/p>\n<p>Uzglab\u0101t istabas temperat\u016br\u0101.<\/p>\n<p>P\u0113c atv\u0113r\u0161anas to ieteicams pat\u0113r\u0113t visu.<\/p>\n","protected":false},"featured_media":26580,"template":"","meta":{"_et_pb_use_builder":"","_et_pb_old_content":"","_et_gb_content_width":""},"product_brand":[1162],"product_cat":[5667,1963],"product_tag":[5631],"class_list":{"0":"post-26575","1":"product","2":"type-product","3":"status-publish","4":"has-post-thumbnail","6":"product_brand-arlequin","7":"product_cat-gailenes","8":"product_cat-saglaba","9":"product_tag-serieoro-lv","11":"first","12":"outofstock","13":"sale","14":"taxable","15":"shipping-taxable","16":"purchasable","17":"product-type-simple"},"_links":{"self":[{"href":"https:\/\/myspainfood.com\/lv\/wp-json\/wp\/v2\/product\/26575","targetHints":{"allow":["GET"]}}],"collection":[{"href":"https:\/\/myspainfood.com\/lv\/wp-json\/wp\/v2\/product"}],"about":[{"href":"https:\/\/myspainfood.com\/lv\/wp-json\/wp\/v2\/types\/product"}],"wp:featuredmedia":[{"embeddable":true,"href":"https:\/\/myspainfood.com\/lv\/wp-json\/wp\/v2\/media\/26580"}],"wp:attachment":[{"href":"https:\/\/myspainfood.com\/lv\/wp-json\/wp\/v2\/media?parent=26575"}],"wp:term":[{"taxonomy":"product_brand","embeddable":true,"href":"https:\/\/myspainfood.com\/lv\/wp-json\/wp\/v2\/product_brand?post=26575"},{"taxonomy":"product_cat","embeddable":true,"href":"https:\/\/myspainfood.com\/lv\/wp-json\/wp\/v2\/product_cat?post=26575"},{"taxonomy":"product_tag","embeddable":true,"href":"https:\/\/myspainfood.com\/lv\/wp-json\/wp\/v2\/product_tag?post=26575"}],"curies":[{"name":"wp","href":"https:\/\/api.w.org\/{rel}","templated":true}]}}