{"id":26725,"date":"2025-04-10T12:07:40","date_gmt":"2025-04-10T10:07:40","guid":{"rendered":"https:\/\/myspainfood.com\/producto\/lielie-kornisoni-225-kg-svara-n\/"},"modified":"2025-04-10T12:07:40","modified_gmt":"2025-04-10T10:07:40","slug":"lielie-kornisoni-225-kg-svara-n","status":"publish","type":"product","link":"https:\/\/myspainfood.com\/lv\/producto\/lielie-kornisoni-225-kg-svara-n\/","title":{"rendered":"Lielie korni\u0161oni 2,25 kg svara n"},"content":{"rendered":"<p>Gur\u0137u marin\u0113ti gur\u0137\u012b\u0161i 2,25 kg t\u012brsvars - tikai ar \u016bdens un s\u0101ls gur\u0137\u012b\u0161iem j\u016bs ieg\u016bsiet vienu no gard\u0101kaj\u0101m <a href=\"https:\/\/www.google.com\/search?q=pepinillos+gordos&amp;tbm=isch&amp;ved=2ahUKEwj6xNCv8-_1AhWXiP0HHcNGC0QQ2-cCegQIABAA&amp;oq=pepinillos+gordos&amp;gs_lcp=CgNpbWcQA1DZFVjlJ2DcK2gAcAB4AIABYYgB4wqSAQIxOJgBAKABAaoBC2d3cy13aXotaW1nwAEB&amp;sclient=img&amp;ei=WUYCYrq0IpeR9u8Pw42toAQ&amp;bih=780&amp;biw=1577\" target=\"_blank\" rel=\"noopener noreferrer nofollow\">uzkod\u0101m<\/a>.<\/p>\n<p>Sast\u0101vda\u013cu rad\u012btais gar\u0161u mais\u012bjums kop\u0101 ar eti\u0137a piedevu pie\u0161\u0137ir tam \u012bpa\u0161u gar\u0161u, kas ir \u013coti pat\u012bkama gar\u0161as k\u0101rpi\u0146\u0101m.<\/p>\n<p>Our\u0137\u012b\u0161i ir uzkoda, kas stiprina im\u016bnsist\u0113mu, t. i., veicina organisma aizsargsp\u0113jas un visp\u0101r\u0113jo vesel\u012bbu.<\/p>\n<h3><strong>Taukaino korni\u0161onu priek\u0161roc\u012bbas<\/strong><\/h3>\n<p>Vai zin\u0101j\u0101t, k\u0101das priek\u0161roc\u012bbas sniedz marin\u0113ti d\u0101rze\u0146i kopum\u0101? \u0160eit ir saraksts ar vissvar\u012bg\u0101kaj\u0101m no t\u0101m: <\/p>\n<ul>\n<li>Bag\u0101ts ar probiotik\u0101m.<\/li>\n<li>Tie veicina gremo\u0161anu.<\/li>\n<li>T\u0101s stiprina im\u016bnsist\u0113mu.<\/li>\n<li>T\u0101s mazina cukura alkas.<\/li>\n<li>Labv\u0113l\u012bgi ietekm\u0113 \u017eultsp\u016b\u0161\u013ca darb\u012bbu.<\/li>\n<\/ul>\n<p>Ja v\u0113laties ieg\u0101d\u0101ties ol\u012bvas vai cita veida <a href=\"https:\/\/latiendadesami.com\/categoria-producto\/encurtidos\/\" rel=\"noopener noreferrer nofollow\" target=\"_blank\">marin\u0113tus gur\u0137us<\/a>, nevilcinieties iel\u016bkoties m\u016bsu tie\u0161saistes katalog\u0101, lai iepaz\u012btos ar pla\u0161o <a href=\"https:\/\/latiendadesami.com\/categoria-producto\/encurtidos\/pepinillos\/\" target=\"_blank\" rel=\"noopener noreferrer nofollow\">marin\u0113to gur\u0137u<\/a> kl\u0101stu.<\/p>\n","protected":false},"excerpt":{"rendered":"<p>Gur\u0137u marin\u0113ti gur\u0137\u012b\u0161i 2,25 kg t\u012brsvars - tikai ar \u016bdens un s\u0101ls gur\u0137\u012b\u0161iem j\u016bs ieg\u016bsiet vienu no gard\u0101kaj\u0101m uzkod\u0101m. Sast\u0101vda\u013cu rad\u012btais gar\u0161u mais\u012bjums kop\u0101 ar eti\u0137a piedevu pie\u0161\u0137ir tam \u012bpa\u0161u gar\u0161u, kas ir \u013coti pat\u012bkama gar\u0161as k\u0101rpi\u0146\u0101m. Our\u0137\u012b\u0161i ir uzkoda, kas stiprina im\u016bnsist\u0113mu, t. i., veicina organisma aizsargsp\u0113jas un visp\u0101r\u0113jo vesel\u012bbu. Taukaino korni\u0161onu priek\u0161roc\u012bbas Vai [&hellip;]<\/p>\n","protected":false},"featured_media":26729,"template":"","meta":{"_et_pb_use_builder":"","_et_pb_old_content":"","_et_gb_content_width":""},"product_brand":[],"product_cat":[2008,1729],"product_tag":[2028],"class_list":{"0":"post-26725","1":"product","2":"type-product","3":"status-publish","4":"has-post-thumbnail","6":"product_cat-gurkisi","7":"product_cat-pickles-lv","8":"product_tag-piparkuka","10":"first","11":"instock","12":"taxable","13":"shipping-taxable","14":"purchasable","15":"product-type-simple"},"_links":{"self":[{"href":"https:\/\/myspainfood.com\/lv\/wp-json\/wp\/v2\/product\/26725","targetHints":{"allow":["GET"]}}],"collection":[{"href":"https:\/\/myspainfood.com\/lv\/wp-json\/wp\/v2\/product"}],"about":[{"href":"https:\/\/myspainfood.com\/lv\/wp-json\/wp\/v2\/types\/product"}],"wp:featuredmedia":[{"embeddable":true,"href":"https:\/\/myspainfood.com\/lv\/wp-json\/wp\/v2\/media\/26729"}],"wp:attachment":[{"href":"https:\/\/myspainfood.com\/lv\/wp-json\/wp\/v2\/media?parent=26725"}],"wp:term":[{"taxonomy":"product_brand","embeddable":true,"href":"https:\/\/myspainfood.com\/lv\/wp-json\/wp\/v2\/product_brand?post=26725"},{"taxonomy":"product_cat","embeddable":true,"href":"https:\/\/myspainfood.com\/lv\/wp-json\/wp\/v2\/product_cat?post=26725"},{"taxonomy":"product_tag","embeddable":true,"href":"https:\/\/myspainfood.com\/lv\/wp-json\/wp\/v2\/product_tag?post=26725"}],"curies":[{"name":"wp","href":"https:\/\/api.w.org\/{rel}","templated":true}]}}