{"id":26818,"date":"2025-04-10T12:07:39","date_gmt":"2025-04-10T10:07:39","guid":{"rendered":"https:\/\/myspainfood.com\/producto\/nogatavinats-kazas-siers-ar-papriku-apmeram-320gr\/"},"modified":"2025-06-24T14:09:02","modified_gmt":"2025-06-24T12:09:02","slug":"nogatavinats-kazas-siers-ar-papriku-apmeram-320gr","status":"publish","type":"product","link":"https:\/\/myspainfood.com\/lv\/producto\/nogatavinats-kazas-siers-ar-papriku-apmeram-320gr\/","title":{"rendered":"Nogatavin\u0101ts kazas siers ar papriku apm\u0113ram 320gr"},"content":{"rendered":"<p>Queser\u00eda El <a href=\"https:\/\/www.facebook.com\/Queser%C3%ADa-El-Manjar-1564604537177140\/\" target=\"_blank\" rel=\"noopener noreferrer nofollow\">Manjar<\/a> ra\u017eo nogatavin\u0101tu kazas sieru ar papriku, apm\u0113ram 320 gramus.<\/p>\n<p>\u0160\u012b siera ra\u017eotne atrodas Velad\u0101, Toledo, net\u0101lu no Talavera de la Reina.<\/p>\n<p>To gatavo no pasteriz\u0113ta piena, un t\u0101 miza ir p\u0101rkl\u0101ta ar paprikas k\u0101rti\u0146u, kas tai pie\u0161\u0137ir \u012bpa\u0161u un neatk\u0101rtojamu gar\u0161u.<\/p>\n<p>Uz\u0146\u0113mums ra\u017eo ne tikai paprik\u0101 nogatavin\u0101tu kazas sieru, bet t\u0101 produktu katalog\u0101 ir ar\u012b da\u017e\u0101di citi sieri, piem\u0113ram, svaigi sieri.<\/p>\n<p>Visi izstr\u0101d\u0101jumi ir izgatavoti ar rok\u0101m tradicion\u0101l\u0101 veid\u0101. Katras porcijas aptuvenais svars ir 320 grami. <\/p>\n<p>\u0160is produkts j\u0101uzglab\u0101 ledusskap\u012b no 0\u00ba l\u012bdz 8\u00ba.<\/p>\n<p>Kazas sieru jeb, pareiz\u0101k sakot, kazas piena sieru d\u0113v\u0113 par &#8220;ch\u00e8vre&#8221; (fran\u010du valod\u0101 tas noz\u012bm\u0113 &#8220;kazas&#8221;), un t\u0101 apz\u012bm\u0113 jebkuru sieru, kas ra\u017eots no kazas piena.<\/p>\n<p>Kazas sieru gatavo jau t\u016bksto\u0161iem gadu, un, iesp\u0113jams, tas bija viens no pirmajiem gatavotajiem piena produktiem. Visvienk\u0101r\u0161\u0101k\u0101 veid\u0101 kazas sieru gatavo, \u013caujot svaigpienam dabiski sagriezties, p\u0113c tam notecinot un izspie\u017eot biezpienu. <\/p>\n<p>Ja v\u0113laties ieg\u0101d\u0101ties citus sierus vai cita veida <a href=\"https:\/\/latiendadesami.com\/\" rel=\"noopener noreferrer nofollow\" target=\"_blank\">p\u0101rtikas produktus<\/a>, nevilcinieties iel\u016bkoties m\u016bsu tie\u0161saistes katalog\u0101, lai iepaz\u012btos ar m\u016bsu pla\u0161o produktu kl\u0101stu.<\/p>\n<p>Lai ieg\u016btu vair\u0101k inform\u0101cijas, rakstiet mums.<\/p>\n","protected":false},"excerpt":{"rendered":"<p>Queser\u00eda El Manjar ra\u017eo nogatavin\u0101tu kazas sieru ar papriku, apm\u0113ram 320 gramus. \u0160\u012b siera ra\u017eotne atrodas Velad\u0101, Toledo, net\u0101lu no Talavera de la Reina. To gatavo no pasteriz\u0113ta piena, un t\u0101 miza ir p\u0101rkl\u0101ta ar paprikas k\u0101rti\u0146u, kas tai pie\u0161\u0137ir \u012bpa\u0161u un neatk\u0101rtojamu gar\u0161u. Uz\u0146\u0113mums ra\u017eo ne tikai paprik\u0101 nogatavin\u0101tu kazas sieru, bet t\u0101 produktu [&hellip;]<\/p>\n","protected":false},"featured_media":26820,"template":"","meta":{"_et_pb_use_builder":"","_et_pb_old_content":"","_et_gb_content_width":""},"product_brand":[1246],"product_cat":[5734,1821,2274],"product_tag":[],"class_list":{"0":"post-26818","1":"product","2":"type-product","3":"status-publish","4":"has-post-thumbnail","6":"product_brand-el-manjar","7":"product_cat-arstesana-lv","8":"product_cat-cold","9":"product_cat-siers-un-desa","10":"product_shipping_class-aukstuma-sutijums","12":"first","13":"instock","14":"taxable","15":"shipping-taxable","16":"purchasable","17":"product-type-simple"},"_links":{"self":[{"href":"https:\/\/myspainfood.com\/lv\/wp-json\/wp\/v2\/product\/26818","targetHints":{"allow":["GET"]}}],"collection":[{"href":"https:\/\/myspainfood.com\/lv\/wp-json\/wp\/v2\/product"}],"about":[{"href":"https:\/\/myspainfood.com\/lv\/wp-json\/wp\/v2\/types\/product"}],"wp:featuredmedia":[{"embeddable":true,"href":"https:\/\/myspainfood.com\/lv\/wp-json\/wp\/v2\/media\/26820"}],"wp:attachment":[{"href":"https:\/\/myspainfood.com\/lv\/wp-json\/wp\/v2\/media?parent=26818"}],"wp:term":[{"taxonomy":"product_brand","embeddable":true,"href":"https:\/\/myspainfood.com\/lv\/wp-json\/wp\/v2\/product_brand?post=26818"},{"taxonomy":"product_cat","embeddable":true,"href":"https:\/\/myspainfood.com\/lv\/wp-json\/wp\/v2\/product_cat?post=26818"},{"taxonomy":"product_tag","embeddable":true,"href":"https:\/\/myspainfood.com\/lv\/wp-json\/wp\/v2\/product_tag?post=26818"}],"curies":[{"name":"wp","href":"https:\/\/api.w.org\/{rel}","templated":true}]}}