{"id":26893,"date":"2025-04-10T12:07:32","date_gmt":"2025-04-10T10:07:32","guid":{"rendered":"https:\/\/myspainfood.com\/producto\/kausets-siers-cetras-nujinas-25kg-apm\/"},"modified":"2025-07-28T10:38:16","modified_gmt":"2025-07-28T08:38:16","slug":"kausets-siers-cetras-nujinas-25kg-apm","status":"publish","type":"product","link":"https:\/\/myspainfood.com\/lv\/producto\/kausets-siers-cetras-nujinas-25kg-apm\/","title":{"rendered":"Kaus\u0113ts siers \u010cetras n\u016bji\u0146as 2,5kg apm."},"content":{"rendered":"<p>Cuatro barras siers tiek gatavots no <a href=\"https:\/\/es.wikipedia.org\/wiki\/Queso_de_leche_de_oveja\" target=\"_blank\" rel=\"noopener noreferrer nofollow\">aitas piena<\/a>, un tas tiek konserv\u0113ts aptuveni 12 m\u0113ne\u0161us.<\/p>\n<p>Viss gabals sver aptuveni 2,5 kg.<\/p>\n<p>No pasteriz\u0113ta aitas piena (min. 65 %) un govs piena gatavots siers ar izsmalcin\u0101tu gar\u0161u, kura stingr\u0101 konsistence izce\u013c t\u0101 intens\u012bvo gar\u0161u. Lielisks siers, kas neatst\u0101s j\u016bs vienaldz\u012bgus. <\/p>\n<p>Ieteicams uzglab\u0101t saus\u0101 un v\u0113s\u0101 viet\u0101, 4-8 \u00b0C temperat\u016br\u0101, lai uzlabotu uzglab\u0101\u0161anu.<\/p>\n<p>Ait\u0101m ir tikai divi tesme\u0146i, un t\u0101s ra\u017eo daudz maz\u0101ku piena daudzumu nek\u0101 govis.<\/p>\n<p>Tom\u0113r aitas pien\u0101 ir daudz vair\u0101k tauku, sausnas un miner\u0101lvielu nek\u0101 govs pien\u0101, t\u0101p\u0113c tas ir ide\u0101li piem\u0113rots siera ra\u017eo\u0161anai.<\/p>\n<p>T\u0101 ir ar\u012b iztur\u012bg\u0101ka pret pies\u0101r\u0146ojumu dzes\u0113\u0161anas laik\u0101, jo taj\u0101 ir daudz liel\u0101ks kalcija saturs.<\/p>\n<p>Lai gan aitas pienu var dzert svaigu, m\u016bsdien\u0101s to galvenok\u0101rt izmanto siera un jogurta ra\u017eo\u0161an\u0101.<\/p>\n<p>Ja v\u0113laties ieg\u0101d\u0101ties Queso Curado Cuatro barras vai cita veida <a href=\"https:\/\/latiendadesami.com\/categoria-producto\/queso-embutido\/\" rel=\"noopener noreferrer nofollow\" target=\"_blank\">sieru vai auksto ga\u013cu<\/a>, nevilcinieties un apskatiet m\u016bsu tie\u0161saistes katalogu. Mums ir visaugst\u0101k\u0101 kvalit\u0101te par lab\u0101ko cenu.<\/p>\n<p>Lai ieg\u016btu vair\u0101k inform\u0101cijas vai ja jums ir k\u0101di jaut\u0101jumi par \u0161o vai jebkuru citu produktu, rakstiet mums.<\/p>\n","protected":false},"excerpt":{"rendered":"<p>Cuatro barras siers tiek gatavots no aitas piena, un tas tiek konserv\u0113ts aptuveni 12 m\u0113ne\u0161us. Viss gabals sver aptuveni 2,5 kg. No pasteriz\u0113ta aitas piena (min. 65 %) un govs piena gatavots siers ar izsmalcin\u0101tu gar\u0161u, kura stingr\u0101 konsistence izce\u013c t\u0101 intens\u012bvo gar\u0161u. Lielisks siers, kas neatst\u0101s j\u016bs vienaldz\u012bgus. Ieteicams uzglab\u0101t saus\u0101 un v\u0113s\u0101 viet\u0101, [&hellip;]<\/p>\n","protected":false},"featured_media":26898,"template":"","meta":{"_et_pb_use_builder":"","_et_pb_old_content":"","_et_gb_content_width":""},"product_brand":[1234],"product_cat":[5734,1821,2274],"product_tag":[],"class_list":{"0":"post-26893","1":"product","2":"type-product","3":"status-publish","4":"has-post-thumbnail","6":"product_brand-cuatro-barras","7":"product_cat-arstesana-lv","8":"product_cat-cold","9":"product_cat-siers-un-desa","10":"product_shipping_class-aukstuma-sutijums","12":"first","13":"outofstock","14":"taxable","15":"shipping-taxable","16":"product-type-variable"},"_links":{"self":[{"href":"https:\/\/myspainfood.com\/lv\/wp-json\/wp\/v2\/product\/26893","targetHints":{"allow":["GET"]}}],"collection":[{"href":"https:\/\/myspainfood.com\/lv\/wp-json\/wp\/v2\/product"}],"about":[{"href":"https:\/\/myspainfood.com\/lv\/wp-json\/wp\/v2\/types\/product"}],"wp:featuredmedia":[{"embeddable":true,"href":"https:\/\/myspainfood.com\/lv\/wp-json\/wp\/v2\/media\/26898"}],"wp:attachment":[{"href":"https:\/\/myspainfood.com\/lv\/wp-json\/wp\/v2\/media?parent=26893"}],"wp:term":[{"taxonomy":"product_brand","embeddable":true,"href":"https:\/\/myspainfood.com\/lv\/wp-json\/wp\/v2\/product_brand?post=26893"},{"taxonomy":"product_cat","embeddable":true,"href":"https:\/\/myspainfood.com\/lv\/wp-json\/wp\/v2\/product_cat?post=26893"},{"taxonomy":"product_tag","embeddable":true,"href":"https:\/\/myspainfood.com\/lv\/wp-json\/wp\/v2\/product_tag?post=26893"}],"curies":[{"name":"wp","href":"https:\/\/api.w.org\/{rel}","templated":true}]}}