{"id":27564,"date":"2025-04-10T12:07:31","date_gmt":"2025-04-10T10:07:31","guid":{"rendered":"https:\/\/myspainfood.com\/producto\/campo-real-olivas-45-kg\/"},"modified":"2025-04-10T12:07:31","modified_gmt":"2025-04-10T10:07:31","slug":"campo-real-olivas-45-kg","status":"publish","type":"product","link":"https:\/\/myspainfood.com\/lv\/producto\/campo-real-olivas-45-kg\/","title":{"rendered":"Campo Real ol\u012bvas 4,5 kg"},"content":{"rendered":"<p>Ja Campo Real pa\u0161vald\u012bba ir paz\u012bstama ar kaut ko, tad ar sav\u0101m slavenaj\u0101m Campo Real ol\u012bv\u0101m 4,5 kg.<\/p>\n<p>T\u0101 ol\u012bvu, kas pieder manzanilla de Campo Real un cacere\u00f1a \u0161\u0137irn\u0113m, nosl\u0113pums sl\u0113pjas simtgad\u012bgajos ol\u012bvkokos, no kuriem t\u0101s ieg\u016btas, ol\u012bvu audz\u0113t\u0101ju pieredz\u0113 un ol\u012bvu gar\u0161viel\u0101s.<\/p>\n<p>\u0160\u012b ol\u012bvu un marin\u0113tu gur\u0137u <a href=\"https:\/\/www.google.com\/search?q=revuelto+aceitunas+s%C3%A1ngar&amp;sxsrf=APq-WBt1wkTZta0IAEDoueZPBxEuaY8Dtw:1644308614563&amp;source=lnms&amp;tbm=isch&amp;sa=X&amp;ved=2ahUKEwjouvz21u_1AhVV_rsIHacjBd0Q_AUoAXoECAEQAw&amp;biw=1577&amp;bih=780&amp;dpr=1\" target=\"_blank\" rel=\"noopener noreferrer nofollow\">kombin\u0101cija<\/a> \u013cauj izbaud\u012bt nep\u0101rsp\u0113jamu gar\u0161u j\u016bsu tapas vai uzkodas.<\/p>\n<p>Tas ir \u013coti vesel\u012bgs papildin\u0101jums m\u016bsu tradicion\u0101lajam barojo\u0161ajam Vidusj\u016bras re\u0123iona di\u0113tiskajam uzturam.<\/p>\n<p>Sp\u0101nij\u0101 m\u0113s atrodam ol\u012bvas, korni\u0161onus, bakla\u017e\u0101nus, burk\u0101nus, s\u012bpolus, \u013coti tradicion\u0101los kaperus, \u0137iplokus vai pat to mais\u012bjumu.<\/p>\n<p>Tos bie\u017ei pasniedz k\u0101 tapas pie alus (nevis v\u012bna eti\u0137a satura d\u0113\u013c).<\/p>\n<p>Marin\u0113ti gur\u0137i ir k\u013cuvu\u0161i par senu p\u0101rtikas produktu konserv\u0113\u0161anas pa\u0146\u0113mienu vis\u0101 pasaul\u0113 un ir k\u013cuvu\u0161i par vienu no popul\u0101r\u0101kaj\u0101m tap\u0101m jeb uzkodu \u0113dieniem Sp\u0101nijas gastronomij\u0101.<\/p>\n<h3><strong>Campo Real Olive 4,5 kg priek\u0161roc\u012bbas<\/strong><\/h3>\n<p>Vai j\u016bs zin\u0101j\u0101t par Campo Real ol\u012bvu 4,5 kg un marin\u0113tu d\u0101rze\u0146u priek\u0161roc\u012bb\u0101m kopum\u0101? \u0160eit ir uzskait\u012btas vissvar\u012bg\u0101k\u0101s no t\u0101m: <\/p>\n<ul>\n<li>Bag\u0101ts ar probiotik\u0101m.<\/li>\n<li>Tie veicina gremo\u0161anu.<\/li>\n<li>T\u0101s stiprina im\u016bnsist\u0113mu.<\/li>\n<li>T\u0101s mazina cukura alkas.<\/li>\n<li>Labv\u0113l\u012bgi ietekm\u0113 \u017eultsp\u016b\u0161\u013ca darb\u012bbu.<\/li>\n<\/ul>\n<p>Ja v\u0113laties ieg\u0101d\u0101ties ol\u012bvas vai cita veida <a href=\"https:\/\/latiendadesami.com\/categoria-producto\/encurtidos\/\" rel=\"noopener noreferrer nofollow\" target=\"_blank\">marin\u0113tus d\u0101rze\u0146us<\/a>, nevilcinieties un iel\u016bkojieties m\u016bsu tie\u0161saistes katalog\u0101, lai iepaz\u012btos ar m\u016bsu pla\u0161o <a href=\"https:\/\/latiendadesami.com\/categoria-producto\/encurtidos\/aceitunas\/\" target=\"_blank\" rel=\"noopener noreferrer nofollow\">ol\u012bvu<\/a> kl\u0101stu.<\/p>\n<p>Lai ieg\u016btu vair\u0101k inform\u0101cijas, rakstiet mums.<\/p>\n","protected":false},"excerpt":{"rendered":"<p>Ja Campo Real pa\u0161vald\u012bba ir paz\u012bstama ar kaut ko, tad ar sav\u0101m slavenaj\u0101m Campo Real ol\u012bv\u0101m 4,5 kg. T\u0101 ol\u012bvu, kas pieder manzanilla de Campo Real un cacere\u00f1a \u0161\u0137irn\u0113m, nosl\u0113pums sl\u0113pjas simtgad\u012bgajos ol\u012bvkokos, no kuriem t\u0101s ieg\u016btas, ol\u012bvu audz\u0113t\u0101ju pieredz\u0113 un ol\u012bvu gar\u0161viel\u0101s. \u0160\u012b ol\u012bvu un marin\u0113tu gur\u0137u kombin\u0101cija \u013cauj izbaud\u012bt nep\u0101rsp\u0113jamu gar\u0161u j\u016bsu tapas [&hellip;]<\/p>\n","protected":false},"featured_media":20440,"template":"","meta":{"_et_pb_use_builder":"","_et_pb_old_content":"","_et_gb_content_width":""},"product_brand":[],"product_cat":[1731,1729],"product_tag":[3135],"class_list":{"0":"post-27564","1":"product","2":"type-product","3":"status-publish","4":"has-post-thumbnail","6":"product_cat-olivas","7":"product_cat-pickles-lv","8":"product_tag-campo-real-lv","10":"first","11":"outofstock","12":"taxable","13":"shipping-taxable","14":"purchasable","15":"product-type-simple"},"_links":{"self":[{"href":"https:\/\/myspainfood.com\/lv\/wp-json\/wp\/v2\/product\/27564","targetHints":{"allow":["GET"]}}],"collection":[{"href":"https:\/\/myspainfood.com\/lv\/wp-json\/wp\/v2\/product"}],"about":[{"href":"https:\/\/myspainfood.com\/lv\/wp-json\/wp\/v2\/types\/product"}],"wp:featuredmedia":[{"embeddable":true,"href":"https:\/\/myspainfood.com\/lv\/wp-json\/wp\/v2\/media\/20440"}],"wp:attachment":[{"href":"https:\/\/myspainfood.com\/lv\/wp-json\/wp\/v2\/media?parent=27564"}],"wp:term":[{"taxonomy":"product_brand","embeddable":true,"href":"https:\/\/myspainfood.com\/lv\/wp-json\/wp\/v2\/product_brand?post=27564"},{"taxonomy":"product_cat","embeddable":true,"href":"https:\/\/myspainfood.com\/lv\/wp-json\/wp\/v2\/product_cat?post=27564"},{"taxonomy":"product_tag","embeddable":true,"href":"https:\/\/myspainfood.com\/lv\/wp-json\/wp\/v2\/product_tag?post=27564"}],"curies":[{"name":"wp","href":"https:\/\/api.w.org\/{rel}","templated":true}]}}