{"id":27702,"date":"2025-04-10T12:07:50","date_gmt":"2025-04-10T10:07:50","guid":{"rendered":"https:\/\/myspainfood.com\/producto\/carzorlas-gourmet-melnais-pudins-320-gr\/"},"modified":"2025-04-10T12:07:50","modified_gmt":"2025-04-10T10:07:50","slug":"carzorlas-gourmet-melnais-pudins-320-gr","status":"publish","type":"product","link":"https:\/\/myspainfood.com\/lv\/producto\/carzorlas-gourmet-melnais-pudins-320-gr\/","title":{"rendered":"Carzorla&#8217;s Gourmet melnais pudi\u0146\u0161 320 gr"},"content":{"rendered":"<pre>Morcilla de caldera Gourmet de Carzorla<\/pre>\n<p>Tas nav nekas vair\u0101k k\u0101 katl\u0101 v\u0101r\u012bta nepild\u012bta meln\u0101 pudi\u0146a m\u012bkla. To var izmantot k\u0101 pild\u012bjumu p\u012br\u0101giem, pelme\u0146iem, grauzdi\u0146iem vai k\u0101 \u0113dienu, kur\u0101 var &#8220;iem\u0113rkt&#8221; maizi. <\/p>\n","protected":false},"excerpt":{"rendered":"<p>Morcilla de caldera Gourmet de Carzorla Tas nav nekas vair\u0101k k\u0101 katl\u0101 v\u0101r\u012bta nepild\u012bta meln\u0101 pudi\u0146a m\u012bkla. To var izmantot k\u0101 pild\u012bjumu p\u012br\u0101giem, pelme\u0146iem, grauzdi\u0146iem vai k\u0101 \u0113dienu, kur\u0101 var &#8220;iem\u0113rkt&#8221; maizi.<\/p>\n","protected":false},"featured_media":27708,"template":"","meta":{"_et_pb_use_builder":"","_et_pb_old_content":"","_et_gb_content_width":""},"product_brand":[1252],"product_cat":[3718,1963],"product_tag":[],"class_list":{"0":"post-27702","1":"product","2":"type-product","3":"status-publish","4":"has-post-thumbnail","6":"product_brand-gourmet-de-cazorla","7":"product_cat-darzeni","8":"product_cat-saglaba","10":"first","11":"instock","12":"taxable","13":"shipping-taxable","14":"purchasable","15":"product-type-variable"},"_links":{"self":[{"href":"https:\/\/myspainfood.com\/lv\/wp-json\/wp\/v2\/product\/27702","targetHints":{"allow":["GET"]}}],"collection":[{"href":"https:\/\/myspainfood.com\/lv\/wp-json\/wp\/v2\/product"}],"about":[{"href":"https:\/\/myspainfood.com\/lv\/wp-json\/wp\/v2\/types\/product"}],"wp:featuredmedia":[{"embeddable":true,"href":"https:\/\/myspainfood.com\/lv\/wp-json\/wp\/v2\/media\/27708"}],"wp:attachment":[{"href":"https:\/\/myspainfood.com\/lv\/wp-json\/wp\/v2\/media?parent=27702"}],"wp:term":[{"taxonomy":"product_brand","embeddable":true,"href":"https:\/\/myspainfood.com\/lv\/wp-json\/wp\/v2\/product_brand?post=27702"},{"taxonomy":"product_cat","embeddable":true,"href":"https:\/\/myspainfood.com\/lv\/wp-json\/wp\/v2\/product_cat?post=27702"},{"taxonomy":"product_tag","embeddable":true,"href":"https:\/\/myspainfood.com\/lv\/wp-json\/wp\/v2\/product_tag?post=27702"}],"curies":[{"name":"wp","href":"https:\/\/api.w.org\/{rel}","templated":true}]}}