{"id":27810,"date":"2025-04-10T12:07:50","date_gmt":"2025-04-10T10:07:50","guid":{"rendered":"https:\/\/myspainfood.com\/producto\/veseli-piquillo-pipari-ekstra\/"},"modified":"2025-09-02T10:40:07","modified_gmt":"2025-09-02T08:40:07","slug":"veseli-piquillo-pipari-ekstra","status":"publish","type":"product","link":"https:\/\/myspainfood.com\/lv\/producto\/veseli-piquillo-pipari-ekstra\/","title":{"rendered":"Veseli Piquillo pipari ekstra"},"content":{"rendered":"<p>Veseli Piquillo pipari ekstra ir <a href=\"https:\/\/twitter.com\/mca_spain\" target=\"_blank\" rel=\"noopener noreferrer nofollow\">MCA Sp\u0101nijas produkts<\/a>.<\/p>\n<p>Sast\u0101vda\u013cas: Piquillo pipari un pask\u0101bin\u0101t\u0101js: citronsk\u0101be.<\/p>\n<p>P\u0113c atv\u0113r\u0161anas uzglab\u0101t ledusskap\u012b un v\u0113lams pat\u0113r\u0113t 5 dienu laik\u0101.<\/p>\n<p>La Viuda de Mateo ir viens no tirdzniec\u012bbas z\u012bmoliem, ar kuriem MCA Spain grupa darbojas tirg\u016b.<\/p>\n<p>MCA Spain pirms\u0101kumi mekl\u0113jami t\u0101s pa\u0161reiz\u0113j\u0101 \u0123ener\u0101ldirektora Karlosa Ripas (Carlos Ripa) pieredz\u0113, kas g\u016bta, desmit gadus str\u0101d\u0101jot \u0123imenes uz\u0146\u0113mum\u0101, kur\u0161 saist\u012bts ar p\u0101rtikas mazumtirdzniec\u012bbas nozari.<\/p>\n<p>Tom\u0113r 80. gadu vid\u016b Ripa sav\u0101 dzimtaj\u0101 pils\u0113t\u0101 (Mendavia, Navarras pavalsts) uzs\u0101ka savu person\u012bgo projektu - konserv\u0113\u0161anas uz\u0146\u0113mumu MCA Spain.<\/p>\n<p>\u0160is uz\u0146\u0113mums, kas ra\u017eo d\u0101rze\u0146u un zivju konservus, ir Sp\u0101nijas lauksaimniec\u012bbas p\u0101rtikas nozares pirmaj\u0101 segment\u0101.<\/p>\n<p>Tas ir iespaid\u012bgs notikums, kas neb\u016btu bijis iesp\u0113jams bez augst\u0101k\u0101s klases komandas un aizraut\u012bbas klientu apkalpo\u0161an\u0101.<\/p>\n<p>Ja v\u0113laties ieg\u0101d\u0101ties &#8220;Extra Whole Piquillo Peppers&#8221; vai cita veida <a href=\"https:\/\/latiendadesami.com\/categoria-producto\/conservas\/\" rel=\"noopener noreferrer nofollow\" target=\"_blank\">konservus<\/a>, nevilcinieties un apl\u016bkojiet m\u016bsu tie\u0161saistes katalogu.<\/p>\n<p>Mums ir visaugst\u0101k\u0101 kvalit\u0101te par lab\u0101ko cenu.<\/p>\n<p>Rakstiet mums, lai ieg\u016btu vair\u0101k inform\u0101cijas vai ja jums ir k\u0101di jaut\u0101jumi par \u0161o vai jebkuru citu m\u016bsu katalog\u0101 iek\u013cauto produktu.<\/p>\n","protected":false},"excerpt":{"rendered":"<p>Veseli Piquillo pipari ekstra ir MCA Sp\u0101nijas produkts. Sast\u0101vda\u013cas: Piquillo pipari un pask\u0101bin\u0101t\u0101js: citronsk\u0101be. P\u0113c atv\u0113r\u0161anas uzglab\u0101t ledusskap\u012b un v\u0113lams pat\u0113r\u0113t 5 dienu laik\u0101. La Viuda de Mateo ir viens no tirdzniec\u012bbas z\u012bmoliem, ar kuriem MCA Spain grupa darbojas tirg\u016b. MCA Spain pirms\u0101kumi mekl\u0113jami t\u0101s pa\u0161reiz\u0113j\u0101 \u0123ener\u0101ldirektora Karlosa Ripas (Carlos Ripa) pieredz\u0113, kas g\u016bta, desmit [&hellip;]<\/p>\n","protected":false},"featured_media":27816,"template":"","meta":{"_et_pb_use_builder":"","_et_pb_old_content":"","_et_gb_content_width":""},"product_brand":[1129],"product_cat":[2335,1963],"product_tag":[2337,5941],"class_list":{"0":"post-27810","1":"product","2":"type-product","3":"status-publish","4":"has-post-thumbnail","6":"product_brand-mateo","7":"product_cat-pipari","8":"product_cat-saglaba","9":"product_tag-pipari","10":"product_tag-spanija-lv","12":"first","13":"outofstock","14":"taxable","15":"shipping-taxable","16":"product-type-variable"},"_links":{"self":[{"href":"https:\/\/myspainfood.com\/lv\/wp-json\/wp\/v2\/product\/27810","targetHints":{"allow":["GET"]}}],"collection":[{"href":"https:\/\/myspainfood.com\/lv\/wp-json\/wp\/v2\/product"}],"about":[{"href":"https:\/\/myspainfood.com\/lv\/wp-json\/wp\/v2\/types\/product"}],"wp:featuredmedia":[{"embeddable":true,"href":"https:\/\/myspainfood.com\/lv\/wp-json\/wp\/v2\/media\/27816"}],"wp:attachment":[{"href":"https:\/\/myspainfood.com\/lv\/wp-json\/wp\/v2\/media?parent=27810"}],"wp:term":[{"taxonomy":"product_brand","embeddable":true,"href":"https:\/\/myspainfood.com\/lv\/wp-json\/wp\/v2\/product_brand?post=27810"},{"taxonomy":"product_cat","embeddable":true,"href":"https:\/\/myspainfood.com\/lv\/wp-json\/wp\/v2\/product_cat?post=27810"},{"taxonomy":"product_tag","embeddable":true,"href":"https:\/\/myspainfood.com\/lv\/wp-json\/wp\/v2\/product_tag?post=27810"}],"curies":[{"name":"wp","href":"https:\/\/api.w.org\/{rel}","templated":true}]}}