{"id":27968,"date":"2025-04-10T12:07:51","date_gmt":"2025-04-10T10:07:51","guid":{"rendered":"https:\/\/myspainfood.com\/producto\/bonito-olivella-400-gr-box-12-vienotes\/"},"modified":"2025-04-10T12:07:51","modified_gmt":"2025-04-10T10:07:51","slug":"bonito-olivella-400-gr-box-12-vienotes","status":"publish","type":"product","link":"https:\/\/myspainfood.com\/lv\/producto\/bonito-olivella-400-gr-box-12-vienotes\/","title":{"rendered":"Bonito ol\u012bve\u013c\u013ca 400 gr BOX 12 VIENOTES"},"content":{"rendered":"<p><a href=\"https:\/\/conservasarlequin.com\/arlequin\/\" target=\"_blank\" rel=\"noopener noreferrer nofollow\">Arlequ\u00edn<\/a> Bonito ol\u012bve\u013c\u013ca 400 gr ir konserv\u0113ts produkts, kas ra\u017eots tradicion\u0101l\u0101 veid\u0101.<\/p>\n<p><strong>Neto \/ iztuk\u0161ots svars:<\/strong> 415g \/ 270g<\/p>\n<p><strong>Der\u012bguma termi\u0146\u0161:<\/strong> 5 gadi<\/p>\n<p><strong>Aizsardz\u012bba:<\/strong> vide<\/p>\n<p>Conservas <a href=\"https:\/\/latiendadesami.com\/marca\/arlequin\/\" target=\"_blank\" rel=\"noopener noreferrer nofollow\">Arlequ\u00edn<\/a> misija ir pied\u0101v\u0101t lielisku produktu, vislab\u0101ko apkalpo\u0161anu un pla\u0161u zivju konservu kl\u0101stu par lab\u0101ko cenu.<\/p>\n<p>Vi\u0146i specializ\u0113jas ar\u012b an\u0161ovu, an\u0161ovu, an\u0161ovu, an\u0161ovu, Bonito, Bonito ol\u012bve\u013c\u013cas 400 gr, dzeltenspuru tunzivju, sard\u012b\u0146u, skumbrijas un makre\u013cu un sard\u012b\u0146u ra\u017eo\u0161an\u0101.<\/p>\n<p>Piem\u0113ram, laikrakst\u0101 El Pa\u00eds Comidista par ventresku raksta: &#8220;T\u0101 ir tik maiga, gandr\u012bz kr\u0113m\u012bga, ka gribas to apprec\u0113t un dz\u012bvot laim\u012bgi, l\u012bdz Kungs tevi pa\u0146ems&#8221;.<\/p>\n<h4>Galven\u0101s konservu priek\u0161roc\u012bbas<\/h4>\n<ol>\n<li>Tie saglab\u0101 visas p\u0101rtikas produkta uzturv\u0113rt\u012bbas. P\u0101rtika saglab\u0101 savu svaigumu. <\/li>\n<li>Izmantotie p\u0101rtikas produkti ir vesel\u012bgi un t\u0101p\u0113c piem\u0113roti optim\u0101lam uzturam, jo tajos ir liels vitam\u012bnu un olbaltumvielu saturs.<\/li>\n<li>\u0160iem izstr\u0101d\u0101jumiem ir ilg\u0101ks kalpo\u0161anas laiks (parasti 2-5 gadi).<\/li>\n<li>Konservi ir \u013coti \u0113rti uzglab\u0101jami, jo to iepakojums ir viegli uzkl\u0101jams.<\/li>\n<\/ol>\n<p>Ja v\u0113laties ieg\u0101d\u0101ties tunzivis vai cita veida <a href=\"https:\/\/latiendadesami.com\/categoria-producto\/conservas\/\" rel=\"noopener noreferrer nofollow\" target=\"_blank\">konservus<\/a>, nevilcinieties un iel\u016bkojieties m\u016bsu tie\u0161saistes katalog\u0101, lai iepaz\u012btos ar m\u016bsu pla\u0161o <a href=\"https:\/\/latiendadesami.com\/categoria-producto\/conservas\/atun-y-bonito\/\" target=\"_blank\" rel=\"noopener noreferrer nofollow\">tunzivju<\/a> kl\u0101stu.<\/p>\n<p>Lai ieg\u016btu vair\u0101k inform\u0101cijas, rakstiet mums.<\/p>\n","protected":false},"excerpt":{"rendered":"<p>Arlequ\u00edn Bonito ol\u012bve\u013c\u013ca 400 gr ir konserv\u0113ts produkts, kas ra\u017eots tradicion\u0101l\u0101 veid\u0101. Neto \/ iztuk\u0161ots svars: 415g \/ 270g Der\u012bguma termi\u0146\u0161: 5 gadi Aizsardz\u012bba: vide Conservas Arlequ\u00edn misija ir pied\u0101v\u0101t lielisku produktu, vislab\u0101ko apkalpo\u0161anu un pla\u0161u zivju konservu kl\u0101stu par lab\u0101ko cenu. Vi\u0146i specializ\u0113jas ar\u012b an\u0161ovu, an\u0161ovu, an\u0161ovu, an\u0161ovu, Bonito, Bonito ol\u012bve\u013c\u013cas 400 gr, dzeltenspuru [&hellip;]<\/p>\n","protected":false},"featured_media":26297,"template":"","meta":{"_et_pb_use_builder":"","_et_pb_old_content":"","_et_gb_content_width":""},"product_brand":[1162],"product_cat":[1963,4268],"product_tag":[],"class_list":{"0":"post-27968","1":"product","2":"type-product","3":"status-publish","4":"has-post-thumbnail","6":"product_brand-arlequin","7":"product_cat-saglaba","8":"product_cat-tunzivis-un-bonito","10":"first","11":"outofstock","12":"sale","13":"taxable","14":"shipping-taxable","15":"purchasable","16":"product-type-simple"},"_links":{"self":[{"href":"https:\/\/myspainfood.com\/lv\/wp-json\/wp\/v2\/product\/27968","targetHints":{"allow":["GET"]}}],"collection":[{"href":"https:\/\/myspainfood.com\/lv\/wp-json\/wp\/v2\/product"}],"about":[{"href":"https:\/\/myspainfood.com\/lv\/wp-json\/wp\/v2\/types\/product"}],"wp:featuredmedia":[{"embeddable":true,"href":"https:\/\/myspainfood.com\/lv\/wp-json\/wp\/v2\/media\/26297"}],"wp:attachment":[{"href":"https:\/\/myspainfood.com\/lv\/wp-json\/wp\/v2\/media?parent=27968"}],"wp:term":[{"taxonomy":"product_brand","embeddable":true,"href":"https:\/\/myspainfood.com\/lv\/wp-json\/wp\/v2\/product_brand?post=27968"},{"taxonomy":"product_cat","embeddable":true,"href":"https:\/\/myspainfood.com\/lv\/wp-json\/wp\/v2\/product_cat?post=27968"},{"taxonomy":"product_tag","embeddable":true,"href":"https:\/\/myspainfood.com\/lv\/wp-json\/wp\/v2\/product_tag?post=27968"}],"curies":[{"name":"wp","href":"https:\/\/api.w.org\/{rel}","templated":true}]}}