{"id":28362,"date":"2025-04-10T12:07:30","date_gmt":"2025-04-10T10:07:30","guid":{"rendered":"https:\/\/myspainfood.com\/producto\/cusumano-olympos-d-o-bonito-drupatas\/"},"modified":"2025-04-10T12:07:30","modified_gmt":"2025-04-10T10:07:30","slug":"cusumano-olympos-d-o-bonito-drupatas","status":"publish","type":"product","link":"https:\/\/myspainfood.com\/lv\/producto\/cusumano-olympos-d-o-bonito-drupatas\/","title":{"rendered":"Cusumano Olympos D.O. bonito drupatas"},"content":{"rendered":"<p>OLYMPOS Bonito drupatas saulespu\u0137u e\u013c\u013c\u0101, 900 grs. neto \/ 650 grs. iztuk\u0161otas.<\/p>\n","protected":false},"excerpt":{"rendered":"<p>OLYMPOS Bonito drupatas saulespu\u0137u e\u013c\u013c\u0101, 900 grs. neto \/ 650 grs. iztuk\u0161otas.<\/p>\n","protected":false},"featured_media":28370,"template":"","meta":{"_et_pb_use_builder":"","_et_pb_old_content":"","_et_gb_content_width":""},"product_brand":[1248],"product_cat":[1963,4268],"product_tag":[],"class_list":{"0":"post-28362","1":"product","2":"type-product","3":"status-publish","4":"has-post-thumbnail","6":"product_brand-olympos","7":"product_cat-saglaba","8":"product_cat-tunzivis-un-bonito","10":"first","11":"outofstock","12":"featured","13":"taxable","14":"shipping-taxable","15":"product-type-variable"},"_links":{"self":[{"href":"https:\/\/myspainfood.com\/lv\/wp-json\/wp\/v2\/product\/28362","targetHints":{"allow":["GET"]}}],"collection":[{"href":"https:\/\/myspainfood.com\/lv\/wp-json\/wp\/v2\/product"}],"about":[{"href":"https:\/\/myspainfood.com\/lv\/wp-json\/wp\/v2\/types\/product"}],"wp:featuredmedia":[{"embeddable":true,"href":"https:\/\/myspainfood.com\/lv\/wp-json\/wp\/v2\/media\/28370"}],"wp:attachment":[{"href":"https:\/\/myspainfood.com\/lv\/wp-json\/wp\/v2\/media?parent=28362"}],"wp:term":[{"taxonomy":"product_brand","embeddable":true,"href":"https:\/\/myspainfood.com\/lv\/wp-json\/wp\/v2\/product_brand?post=28362"},{"taxonomy":"product_cat","embeddable":true,"href":"https:\/\/myspainfood.com\/lv\/wp-json\/wp\/v2\/product_cat?post=28362"},{"taxonomy":"product_tag","embeddable":true,"href":"https:\/\/myspainfood.com\/lv\/wp-json\/wp\/v2\/product_tag?post=28362"}],"curies":[{"name":"wp","href":"https:\/\/api.w.org\/{rel}","templated":true}]}}