{"id":28505,"date":"2025-04-10T12:07:50","date_gmt":"2025-04-10T10:07:50","guid":{"rendered":"https:\/\/myspainfood.com\/producto\/persiki-sirupa-oti-530-gr-12-vienotes\/"},"modified":"2025-04-10T12:07:50","modified_gmt":"2025-04-10T10:07:50","slug":"persiki-sirupa-oti-530-gr-12-vienotes","status":"publish","type":"product","link":"https:\/\/myspainfood.com\/lv\/producto\/persiki-sirupa-oti-530-gr-12-vienotes\/","title":{"rendered":"Persiki s\u012brup\u0101 Oti 530 gr 12 VIENOTES"},"content":{"rendered":"<p>Aug\u013ci s\u012brup\u0101 ir iev\u0101r\u012bjuma veids1 , ko ieg\u016bst no aug\u013cu gabali\u0146iem (gabali\u0146i var b\u016bt kvadr\u0101ti\u0146i, pus\u012btes, ceturtda\u013c\u012btes, \u0161\u0137\u0113les, diedz\u0113ti gabali\u0146i), kurus v\u0101ra s\u012brup\u0101 vai s\u012brup\u0101, l\u012bdz tie sabiez\u0113. \u0160aj\u0101 proces\u0101 notiek \u016bdens apmai\u0146a jeb p\u0101rvieto\u0161ana no hipotonisk\u0101s vides (kur\u0101 ir maz\u0101ks iz\u0161\u0137\u012bdu\u0161o vielu daudzums) uz hipertonisko vidi (kur\u0101 ir liel\u0101ks iz\u0161\u0137\u012bdu\u0161o vielu daudzums), ko aizst\u0101j ar hipertoniskaj\u0101 vid\u0113 eso\u0161aj\u0101m iz\u0161\u0137\u012bdu\u0161aj\u0101m viel\u0101m (\u0161\u0137\u012bsto\u0161\u0101m cietaj\u0101m viel\u0101m s.s.), t.i., aug\u013cos eso\u0161ais \u016bdens nok\u013c\u016bst lap\u0101s un taj\u0101 non\u0101k s\u012brupa vai s\u012brupa cukuri. \u0160o procesu izmanto, lai uzglab\u0101tu aug\u013cus, kurus p\u0113c ilg\u0101ka laika var lietot uztur\u0101.    <\/p>\n","protected":false},"excerpt":{"rendered":"<p>Aug\u013ci s\u012brup\u0101 ir iev\u0101r\u012bjuma veids1 , ko ieg\u016bst no aug\u013cu gabali\u0146iem (gabali\u0146i var b\u016bt kvadr\u0101ti\u0146i, pus\u012btes, ceturtda\u013c\u012btes, \u0161\u0137\u0113les, diedz\u0113ti gabali\u0146i), kurus v\u0101ra s\u012brup\u0101 vai s\u012brup\u0101, l\u012bdz tie sabiez\u0113. \u0160aj\u0101 proces\u0101 notiek \u016bdens apmai\u0146a jeb p\u0101rvieto\u0161ana no hipotonisk\u0101s vides (kur\u0101 ir maz\u0101ks iz\u0161\u0137\u012bdu\u0161o vielu daudzums) uz hipertonisko vidi (kur\u0101 ir liel\u0101ks iz\u0161\u0137\u012bdu\u0161o vielu daudzums), ko aizst\u0101j [&hellip;]<\/p>\n","protected":false},"featured_media":25163,"template":"","meta":{"_et_pb_use_builder":"","_et_pb_old_content":"","_et_gb_content_width":""},"product_brand":[1075],"product_cat":[5014,1963],"product_tag":[3176],"class_list":{"0":"post-28505","1":"product","2":"type-product","3":"status-publish","4":"has-post-thumbnail","6":"product_brand-oti","7":"product_cat-persiki","8":"product_cat-saglaba","9":"product_tag-sirups","11":"first","12":"outofstock","13":"sale","14":"taxable","15":"shipping-taxable","16":"purchasable","17":"product-type-simple"},"_links":{"self":[{"href":"https:\/\/myspainfood.com\/lv\/wp-json\/wp\/v2\/product\/28505","targetHints":{"allow":["GET"]}}],"collection":[{"href":"https:\/\/myspainfood.com\/lv\/wp-json\/wp\/v2\/product"}],"about":[{"href":"https:\/\/myspainfood.com\/lv\/wp-json\/wp\/v2\/types\/product"}],"wp:featuredmedia":[{"embeddable":true,"href":"https:\/\/myspainfood.com\/lv\/wp-json\/wp\/v2\/media\/25163"}],"wp:attachment":[{"href":"https:\/\/myspainfood.com\/lv\/wp-json\/wp\/v2\/media?parent=28505"}],"wp:term":[{"taxonomy":"product_brand","embeddable":true,"href":"https:\/\/myspainfood.com\/lv\/wp-json\/wp\/v2\/product_brand?post=28505"},{"taxonomy":"product_cat","embeddable":true,"href":"https:\/\/myspainfood.com\/lv\/wp-json\/wp\/v2\/product_cat?post=28505"},{"taxonomy":"product_tag","embeddable":true,"href":"https:\/\/myspainfood.com\/lv\/wp-json\/wp\/v2\/product_tag?post=28505"}],"curies":[{"name":"wp","href":"https:\/\/api.w.org\/{rel}","templated":true}]}}