{"id":28862,"date":"2025-04-10T12:07:50","date_gmt":"2025-04-10T10:07:50","guid":{"rendered":"https:\/\/myspainfood.com\/producto\/almagro-variant-olivas-760-g\/"},"modified":"2025-04-10T12:07:50","modified_gmt":"2025-04-10T10:07:50","slug":"almagro-variant-olivas-760-g","status":"publish","type":"product","link":"https:\/\/myspainfood.com\/lv\/producto\/almagro-variant-olivas-760-g\/","title":{"rendered":"Almagro Variant Ol\u012bvas 760 g"},"content":{"rendered":"<p>Almagro \u0161\u0137irnes ol\u012bvas 760 gr - La Tienda de Sami<\/p>\n<p>Ol\u012bvas ar bakla\u017e\u0101nu gar\u0161uBakla\u017e\u0101nu gar\u0161as ol\u012bvasOl\u012bvele ar maigu gar\u0161u. Drosm\u012bga uzkoda, kas vienm\u0113r ir apet\u012bti rosino\u0161a un ide\u0101li papildina \u0113dienus ar karoti. Var baud\u012bt ar gl\u0101zi v\u012bna.  <\/p>\n","protected":false},"excerpt":{"rendered":"<p>Almagro \u0161\u0137irnes ol\u012bvas 760 gr - La Tienda de Sami Ol\u012bvas ar bakla\u017e\u0101nu gar\u0161uBakla\u017e\u0101nu gar\u0161as ol\u012bvasOl\u012bvele ar maigu gar\u0161u. Drosm\u012bga uzkoda, kas vienm\u0113r ir apet\u012bti rosino\u0161a un ide\u0101li papildina \u0113dienus ar karoti. Var baud\u012bt ar gl\u0101zi v\u012bna.<\/p>\n","protected":false},"featured_media":28868,"template":"","meta":{"_et_pb_use_builder":"","_et_pb_old_content":"","_et_gb_content_width":""},"product_brand":[1057],"product_cat":[1731,1729],"product_tag":[3960],"class_list":{"0":"post-28862","1":"product","2":"type-product","3":"status-publish","4":"has-post-thumbnail","6":"product_brand-la-encajera","7":"product_cat-olivas","8":"product_cat-pickles-lv","9":"product_tag-almagro-lv","11":"first","12":"outofstock","13":"taxable","14":"shipping-taxable","15":"product-type-variable"},"_links":{"self":[{"href":"https:\/\/myspainfood.com\/lv\/wp-json\/wp\/v2\/product\/28862","targetHints":{"allow":["GET"]}}],"collection":[{"href":"https:\/\/myspainfood.com\/lv\/wp-json\/wp\/v2\/product"}],"about":[{"href":"https:\/\/myspainfood.com\/lv\/wp-json\/wp\/v2\/types\/product"}],"wp:featuredmedia":[{"embeddable":true,"href":"https:\/\/myspainfood.com\/lv\/wp-json\/wp\/v2\/media\/28868"}],"wp:attachment":[{"href":"https:\/\/myspainfood.com\/lv\/wp-json\/wp\/v2\/media?parent=28862"}],"wp:term":[{"taxonomy":"product_brand","embeddable":true,"href":"https:\/\/myspainfood.com\/lv\/wp-json\/wp\/v2\/product_brand?post=28862"},{"taxonomy":"product_cat","embeddable":true,"href":"https:\/\/myspainfood.com\/lv\/wp-json\/wp\/v2\/product_cat?post=28862"},{"taxonomy":"product_tag","embeddable":true,"href":"https:\/\/myspainfood.com\/lv\/wp-json\/wp\/v2\/product_tag?post=28862"}],"curies":[{"name":"wp","href":"https:\/\/api.w.org\/{rel}","templated":true}]}}