{"id":29531,"date":"2025-04-10T12:08:11","date_gmt":"2025-04-10T10:08:11","guid":{"rendered":"https:\/\/myspainfood.com\/producto\/siera-gardumi-ar-ansovu-75-vienibas\/"},"modified":"2025-08-06T12:57:01","modified_gmt":"2025-08-06T10:57:01","slug":"siera-gardumi-ar-ansovu-75-vienibas","status":"publish","type":"product","link":"https:\/\/myspainfood.com\/lv\/producto\/siera-gardumi-ar-ansovu-75-vienibas\/","title":{"rendered":"Siera gardumi ar an\u0161ovu 75 vien\u012bbas"},"content":{"rendered":"<p>E\u013c\u013ca (85 % saulespu\u0137u, 15 % ol\u012bvu), ol\u012bvas ar <strong>an\u0161ovu<\/strong> pild\u012bjumu,<strong> an\u0161ovu<\/strong> fileja, puscietais siers, piparra un sarkanie pipari.<\/p>\n","protected":false},"excerpt":{"rendered":"<p>E\u013c\u013ca (85 % saulespu\u0137u, 15 % ol\u012bvu), ol\u012bvas ar an\u0161ovu pild\u012bjumu, an\u0161ovu fileja, puscietais siers, piparra un sarkanie pipari.<\/p>\n","protected":false},"featured_media":29533,"template":"","meta":{"_et_pb_use_builder":"","_et_pb_old_content":"","_et_gb_content_width":""},"product_brand":[1277],"product_cat":[1823,1821,1731,1729,1824],"product_tag":[],"class_list":{"0":"post-29531","1":"product","2":"type-product","3":"status-publish","4":"has-post-thumbnail","6":"product_brand-bokeo","7":"product_cat-ansovi","8":"product_cat-cold","9":"product_cat-olivas","10":"product_cat-pickles-lv","11":"product_cat-pintxos-lv","12":"product_shipping_class-aukstuma-sutijums","14":"first","15":"instock","16":"taxable","17":"shipping-taxable","18":"purchasable","19":"product-type-simple"},"_links":{"self":[{"href":"https:\/\/myspainfood.com\/lv\/wp-json\/wp\/v2\/product\/29531","targetHints":{"allow":["GET"]}}],"collection":[{"href":"https:\/\/myspainfood.com\/lv\/wp-json\/wp\/v2\/product"}],"about":[{"href":"https:\/\/myspainfood.com\/lv\/wp-json\/wp\/v2\/types\/product"}],"wp:featuredmedia":[{"embeddable":true,"href":"https:\/\/myspainfood.com\/lv\/wp-json\/wp\/v2\/media\/29533"}],"wp:attachment":[{"href":"https:\/\/myspainfood.com\/lv\/wp-json\/wp\/v2\/media?parent=29531"}],"wp:term":[{"taxonomy":"product_brand","embeddable":true,"href":"https:\/\/myspainfood.com\/lv\/wp-json\/wp\/v2\/product_brand?post=29531"},{"taxonomy":"product_cat","embeddable":true,"href":"https:\/\/myspainfood.com\/lv\/wp-json\/wp\/v2\/product_cat?post=29531"},{"taxonomy":"product_tag","embeddable":true,"href":"https:\/\/myspainfood.com\/lv\/wp-json\/wp\/v2\/product_tag?post=29531"}],"curies":[{"name":"wp","href":"https:\/\/api.w.org\/{rel}","templated":true}]}}