{"id":29807,"date":"2025-04-10T12:08:03","date_gmt":"2025-04-10T10:08:03","guid":{"rendered":"https:\/\/myspainfood.com\/producto\/oti-marinetas-gliemenes-80-100-gab\/"},"modified":"2025-04-10T12:08:03","modified_gmt":"2025-04-10T10:08:03","slug":"oti-marinetas-gliemenes-80-100-gab","status":"publish","type":"product","link":"https:\/\/myspainfood.com\/lv\/producto\/oti-marinetas-gliemenes-80-100-gab\/","title":{"rendered":"Oti marin\u0113tas gliemenes 80\/100 gab."},"content":{"rendered":"<p>Oti gliemenes 80\/100 gab. ir dab\u012bgs produkts, kas gatavots <a href=\"http:\/\/www.conservasoti.es\/paginas\/historia.html\" target=\"_blank\" rel=\"noopener noreferrer nofollow\">tradicion\u0101l\u0101 veid\u0101<\/a>.<\/p>\n<p>Conservas Oti ir uz\u0146\u0113mums ar \u0123imenes trad\u012bcij\u0101m, kura labais darbs tiek nodots no paaudzes paaudz\u0113.<\/p>\n<p>\u0122imenes smagais darbs un p\u016bles liel\u0101 m\u0113r\u0101 ir \u013c\u0101vu\u0161as <span class=\"negrita\">Conservas Oti<\/span> augt un papla\u0161in\u0101ties.<\/p>\n<p>Galvenie darb\u012bbas virzieni ir &#8220;No j\u016bras&#8221;, &#8220;No zemes&#8221; un &#8220;No saimniec\u012bbas&#8221;.<\/p>\n<p>No j\u016bras: gliemenes, Ventresca, Sardinillas, Melva&#8230; Oti gliemenes 80\/100 gab. <\/p>\n<p>Viet\u0113jie produkti: piena aunazir\u0146i, balt\u0101s pupi\u0146as, Pinto pupi\u0146as, Pardina l\u0113cas&#8230;<\/p>\n<p>No saimniec\u012bbas: t\u012brs aitas siers, Ib\u00e9rico \u0161\u0137i\u0146\u0137is, Ib\u00e9rico \u0161\u0137i\u0146\u0137is, Ib\u00e9rico Salchich\u00f3n, Ib\u00e9rico Chorizo,&#8230;<\/p>\n<h4>Galven\u0101s konservu priek\u0161roc\u012bbas<\/h4>\n<ol>\n<li>Tie saglab\u0101 visas p\u0101rtikas produkta uzturv\u0113rt\u012bbas. P\u0101rtika saglab\u0101 savu svaigumu. <\/li>\n<li>Izmantotie p\u0101rtikas produkti ir vesel\u012bgi un t\u0101p\u0113c piem\u0113roti optim\u0101lam uzturam, jo tajos ir liels vitam\u012bnu un olbaltumvielu saturs.<\/li>\n<li>\u0160iem izstr\u0101d\u0101jumiem ir ilg\u0101ks kalpo\u0161anas laiks (parasti 2-5 gadi).<\/li>\n<li>Konservi ir \u013coti \u0113rti uzglab\u0101jami, jo to iepakojums ir viegli uzkl\u0101jams.<\/li>\n<\/ol>\n<p>Ja v\u0113laties ieg\u0101d\u0101ties tunzivis vai cita veida <a href=\"https:\/\/latiendadesami.com\/categoria-producto\/conservas\/\" rel=\"noopener noreferrer nofollow\" target=\"_blank\">konservus<\/a>, nevilcinieties un iel\u016bkojieties m\u016bsu tie\u0161saistes katalog\u0101, lai iepaz\u012btos ar m\u016bsu pla\u0161o <a href=\"https:\/\/latiendadesami.com\/categoria-producto\/conservas\/atun-y-bonito\/\" target=\"_blank\" rel=\"noopener noreferrer nofollow\">tunzivju<\/a> kl\u0101stu.<\/p>\n<p>Lai ieg\u016btu vair\u0101k inform\u0101cijas, rakstiet mums.<\/p>\n","protected":false},"excerpt":{"rendered":"<p>gliemenes marin\u0113t\u0101 m\u0113rc\u0113 ol\u012bve\u013c\u013c\u0101<\/p>\n","protected":false},"featured_media":29813,"template":"","meta":{"_et_pb_use_builder":"","_et_pb_old_content":"","_et_gb_content_width":""},"product_brand":[1075],"product_cat":[3886,1963],"product_tag":[],"class_list":{"0":"post-29807","1":"product","2":"type-product","3":"status-publish","4":"has-post-thumbnail","6":"product_brand-oti","7":"product_cat-midijas-lv","8":"product_cat-saglaba","10":"first","11":"outofstock","12":"taxable","13":"shipping-taxable","14":"product-type-variable"},"_links":{"self":[{"href":"https:\/\/myspainfood.com\/lv\/wp-json\/wp\/v2\/product\/29807","targetHints":{"allow":["GET"]}}],"collection":[{"href":"https:\/\/myspainfood.com\/lv\/wp-json\/wp\/v2\/product"}],"about":[{"href":"https:\/\/myspainfood.com\/lv\/wp-json\/wp\/v2\/types\/product"}],"wp:featuredmedia":[{"embeddable":true,"href":"https:\/\/myspainfood.com\/lv\/wp-json\/wp\/v2\/media\/29813"}],"wp:attachment":[{"href":"https:\/\/myspainfood.com\/lv\/wp-json\/wp\/v2\/media?parent=29807"}],"wp:term":[{"taxonomy":"product_brand","embeddable":true,"href":"https:\/\/myspainfood.com\/lv\/wp-json\/wp\/v2\/product_brand?post=29807"},{"taxonomy":"product_cat","embeddable":true,"href":"https:\/\/myspainfood.com\/lv\/wp-json\/wp\/v2\/product_cat?post=29807"},{"taxonomy":"product_tag","embeddable":true,"href":"https:\/\/myspainfood.com\/lv\/wp-json\/wp\/v2\/product_tag?post=29807"}],"curies":[{"name":"wp","href":"https:\/\/api.w.org\/{rel}","templated":true}]}}