{"id":29879,"date":"2025-04-10T12:08:04","date_gmt":"2025-04-10T10:08:04","guid":{"rendered":"https:\/\/myspainfood.com\/producto\/foie-gras-pastete-90-canard-picarpicar-150-g\/"},"modified":"2025-07-28T12:58:30","modified_gmt":"2025-07-28T10:58:30","slug":"foie-gras-pastete-90-canard-picarpicar-150-g","status":"publish","type":"product","link":"https:\/\/myspainfood.com\/lv\/producto\/foie-gras-pastete-90-canard-picarpicar-150-g\/","title":{"rendered":"Foie Gras past\u0113te 90% Canard Picar&amp;picar 150 g"},"content":{"rendered":"<p>PICAR&amp;PICAR pied\u0101v\u0101 augst\u0101k\u0101s kvalit\u0101tes Bloc Foie Gras 150 gr iepakojumos<\/p>\n<p><strong>Foie gras de canard<\/strong> ir intens\u012bv\u0101kas gar\u0161as, lieliski piem\u0113rots \u0113dienu papildin\u0101\u0161anai jebkur\u0101 laik\u0101 vai k\u0101 sast\u0101vda\u013ca virtuv\u0113.<\/p>\n","protected":false},"excerpt":{"rendered":"<p>PICAR&amp;PICAR pied\u0101v\u0101 augst\u0101k\u0101s kvalit\u0101tes Bloc Foie Gras 150 gr iepakojumos Foie gras de canard ir intens\u012bv\u0101kas gar\u0161as, lieliski piem\u0113rots \u0113dienu papildin\u0101\u0161anai jebkur\u0101 laik\u0101 vai k\u0101 sast\u0101vda\u013ca virtuv\u0113.<\/p>\n","protected":false},"featured_media":29882,"template":"","meta":{"_et_pb_use_builder":"","_et_pb_old_content":"","_et_gb_content_width":""},"product_brand":[1127],"product_cat":[1821,6591],"product_tag":[],"class_list":{"0":"post-29879","1":"product","2":"type-product","3":"status-publish","4":"has-post-thumbnail","6":"product_brand-picarpicar","7":"product_cat-cold","8":"product_cat-foie-lv","9":"product_shipping_class-aukstuma-sutijums","11":"first","12":"outofstock","13":"sale","14":"featured","15":"taxable","16":"shipping-taxable","17":"purchasable","18":"product-type-simple"},"_links":{"self":[{"href":"https:\/\/myspainfood.com\/lv\/wp-json\/wp\/v2\/product\/29879","targetHints":{"allow":["GET"]}}],"collection":[{"href":"https:\/\/myspainfood.com\/lv\/wp-json\/wp\/v2\/product"}],"about":[{"href":"https:\/\/myspainfood.com\/lv\/wp-json\/wp\/v2\/types\/product"}],"wp:featuredmedia":[{"embeddable":true,"href":"https:\/\/myspainfood.com\/lv\/wp-json\/wp\/v2\/media\/29882"}],"wp:attachment":[{"href":"https:\/\/myspainfood.com\/lv\/wp-json\/wp\/v2\/media?parent=29879"}],"wp:term":[{"taxonomy":"product_brand","embeddable":true,"href":"https:\/\/myspainfood.com\/lv\/wp-json\/wp\/v2\/product_brand?post=29879"},{"taxonomy":"product_cat","embeddable":true,"href":"https:\/\/myspainfood.com\/lv\/wp-json\/wp\/v2\/product_cat?post=29879"},{"taxonomy":"product_tag","embeddable":true,"href":"https:\/\/myspainfood.com\/lv\/wp-json\/wp\/v2\/product_tag?post=29879"}],"curies":[{"name":"wp","href":"https:\/\/api.w.org\/{rel}","templated":true}]}}