{"id":29926,"date":"2025-04-10T12:08:05","date_gmt":"2025-04-10T10:08:05","guid":{"rendered":"https:\/\/myspainfood.com\/producto\/susi-cecina-un-siers-80-vienibas\/"},"modified":"2025-07-28T12:59:21","modified_gmt":"2025-07-28T10:59:21","slug":"susi-cecina-un-siers-80-vienibas","status":"publish","type":"product","link":"https:\/\/myspainfood.com\/lv\/producto\/susi-cecina-un-siers-80-vienibas\/","title":{"rendered":"Su\u0161i Cecina un siers 80 vien\u012bbas"},"content":{"rendered":"<p>E\u013c\u013ca (85 % saulespu\u0137u, 15 % ol\u012bvu), ol\u012bvas ar<strong> an\u0161oviem<\/strong>, paipalu <strong>olu<\/strong>, jaukta siera un liellopa ga\u013cas \u017e\u0101v\u0113tas ga\u013cas.<\/p>\n","protected":false},"excerpt":{"rendered":"<p>E\u013c\u013ca (85 % saulespu\u0137u, 15 % ol\u012bvu), ol\u012bvas ar an\u0161oviem, paipalu olu, jaukta siera un liellopa ga\u013cas \u017e\u0101v\u0113tas ga\u013cas.<\/p>\n","protected":false},"featured_media":29928,"template":"","meta":{"_et_pb_use_builder":"","_et_pb_old_content":"","_et_gb_content_width":""},"product_brand":[1277],"product_cat":[1821,1731,1729,1824,2274],"product_tag":[],"class_list":{"0":"post-29926","1":"product","2":"type-product","3":"status-publish","4":"has-post-thumbnail","6":"product_brand-bokeo","7":"product_cat-cold","8":"product_cat-olivas","9":"product_cat-pickles-lv","10":"product_cat-pintxos-lv","11":"product_cat-siers-un-desa","12":"product_shipping_class-aukstuma-sutijums","14":"first","15":"outofstock","16":"taxable","17":"shipping-taxable","18":"purchasable","19":"product-type-simple"},"_links":{"self":[{"href":"https:\/\/myspainfood.com\/lv\/wp-json\/wp\/v2\/product\/29926","targetHints":{"allow":["GET"]}}],"collection":[{"href":"https:\/\/myspainfood.com\/lv\/wp-json\/wp\/v2\/product"}],"about":[{"href":"https:\/\/myspainfood.com\/lv\/wp-json\/wp\/v2\/types\/product"}],"wp:featuredmedia":[{"embeddable":true,"href":"https:\/\/myspainfood.com\/lv\/wp-json\/wp\/v2\/media\/29928"}],"wp:attachment":[{"href":"https:\/\/myspainfood.com\/lv\/wp-json\/wp\/v2\/media?parent=29926"}],"wp:term":[{"taxonomy":"product_brand","embeddable":true,"href":"https:\/\/myspainfood.com\/lv\/wp-json\/wp\/v2\/product_brand?post=29926"},{"taxonomy":"product_cat","embeddable":true,"href":"https:\/\/myspainfood.com\/lv\/wp-json\/wp\/v2\/product_cat?post=29926"},{"taxonomy":"product_tag","embeddable":true,"href":"https:\/\/myspainfood.com\/lv\/wp-json\/wp\/v2\/product_tag?post=29926"}],"curies":[{"name":"wp","href":"https:\/\/api.w.org\/{rel}","templated":true}]}}