{"id":29999,"date":"2025-04-10T12:08:03","date_gmt":"2025-04-10T10:08:03","guid":{"rendered":"https:\/\/myspainfood.com\/producto\/kantabrijas-ansovi-gildas-5-vienibas\/"},"modified":"2025-06-24T14:17:47","modified_gmt":"2025-06-24T12:17:47","slug":"kantabrijas-ansovi-gildas-5-vienibas","status":"publish","type":"product","link":"https:\/\/myspainfood.com\/lv\/producto\/kantabrijas-ansovi-gildas-5-vienibas\/","title":{"rendered":"Kantabrijas an\u0161ovi Gildas 5 vien\u012bbas"},"content":{"rendered":"<p>E\u013c\u013ca (85 % saulespu\u0137u, 15 % ol\u012bvu), <strong>an\u0161ovu<\/strong> pild\u012btas ol\u012bvas, <strong>Kantabrijas an\u0161ovu<\/strong> fileja un piparra.<\/p>\n","protected":false},"excerpt":{"rendered":"<p>E\u013c\u013ca (85 % saulespu\u0137u, 15 % ol\u012bvu), an\u0161ovu pild\u012btas ol\u012bvas, Kantabrijas an\u0161ovu fileja un piparra.<\/p>\n","protected":false},"featured_media":30005,"template":"","meta":{"_et_pb_use_builder":"","_et_pb_old_content":"","_et_gb_content_width":""},"product_brand":[1277],"product_cat":[1823,4018,1821,2082,1729,1824],"product_tag":[],"class_list":{"0":"post-29999","1":"product","2":"type-product","3":"status-publish","4":"has-post-thumbnail","6":"product_brand-bokeo","7":"product_cat-ansovi","8":"product_cat-cilli-pipari","9":"product_cat-cold","10":"product_cat-pennants-banderillas","11":"product_cat-pickles-lv","12":"product_cat-pintxos-lv","13":"product_shipping_class-aukstuma-sutijums","15":"first","16":"instock","17":"taxable","18":"shipping-taxable","19":"product-type-variable"},"_links":{"self":[{"href":"https:\/\/myspainfood.com\/lv\/wp-json\/wp\/v2\/product\/29999","targetHints":{"allow":["GET"]}}],"collection":[{"href":"https:\/\/myspainfood.com\/lv\/wp-json\/wp\/v2\/product"}],"about":[{"href":"https:\/\/myspainfood.com\/lv\/wp-json\/wp\/v2\/types\/product"}],"wp:featuredmedia":[{"embeddable":true,"href":"https:\/\/myspainfood.com\/lv\/wp-json\/wp\/v2\/media\/30005"}],"wp:attachment":[{"href":"https:\/\/myspainfood.com\/lv\/wp-json\/wp\/v2\/media?parent=29999"}],"wp:term":[{"taxonomy":"product_brand","embeddable":true,"href":"https:\/\/myspainfood.com\/lv\/wp-json\/wp\/v2\/product_brand?post=29999"},{"taxonomy":"product_cat","embeddable":true,"href":"https:\/\/myspainfood.com\/lv\/wp-json\/wp\/v2\/product_cat?post=29999"},{"taxonomy":"product_tag","embeddable":true,"href":"https:\/\/myspainfood.com\/lv\/wp-json\/wp\/v2\/product_tag?post=29999"}],"curies":[{"name":"wp","href":"https:\/\/api.w.org\/{rel}","templated":true}]}}