{"id":30102,"date":"2025-04-10T12:08:03","date_gmt":"2025-04-10T10:08:03","guid":{"rendered":"https:\/\/myspainfood.com\/producto\/kantabrijas-siers-un-ansovi-gildas-5-vienibas\/"},"modified":"2025-06-24T16:13:26","modified_gmt":"2025-06-24T14:13:26","slug":"kantabrijas-siers-un-ansovi-gildas-5-vienibas","status":"publish","type":"product","link":"https:\/\/myspainfood.com\/lv\/producto\/kantabrijas-siers-un-ansovi-gildas-5-vienibas\/","title":{"rendered":"Kantabrijas siers un an\u0161ovi Gildas 5 vien\u012bbas"},"content":{"rendered":"<p>E\u013c\u013ca (85% saulespu\u0137u, 15% ol\u012bvu), ol\u012bvas ar <strong>an\u0161ovu<\/strong> pild\u012bjumu,<strong> Kantabrijas an\u0161ovu<\/strong> fileja, puscietais siers, sarkanie pipari un sarkanie pipari.<\/p>\n","protected":false},"excerpt":{"rendered":"<p>E\u013c\u013ca (85% saulespu\u0137u, 15% ol\u012bvu), ol\u012bvas ar an\u0161ovu pild\u012bjumu, Kantabrijas an\u0161ovu fileja, puscietais siers, sarkanie pipari un sarkanie pipari.<\/p>\n","protected":false},"featured_media":30107,"template":"","meta":{"_et_pb_use_builder":"","_et_pb_old_content":"","_et_gb_content_width":""},"product_brand":[1277],"product_cat":[1823,4018,1821,1731,1729,1824,2335,1963,2274],"product_tag":[],"class_list":{"0":"post-30102","1":"product","2":"type-product","3":"status-publish","4":"has-post-thumbnail","6":"product_brand-bokeo","7":"product_cat-ansovi","8":"product_cat-cilli-pipari","9":"product_cat-cold","10":"product_cat-olivas","11":"product_cat-pickles-lv","12":"product_cat-pintxos-lv","13":"product_cat-pipari","14":"product_cat-saglaba","15":"product_cat-siers-un-desa","16":"product_shipping_class-aukstuma-sutijums","18":"first","19":"outofstock","20":"taxable","21":"shipping-taxable","22":"product-type-variable"},"_links":{"self":[{"href":"https:\/\/myspainfood.com\/lv\/wp-json\/wp\/v2\/product\/30102","targetHints":{"allow":["GET"]}}],"collection":[{"href":"https:\/\/myspainfood.com\/lv\/wp-json\/wp\/v2\/product"}],"about":[{"href":"https:\/\/myspainfood.com\/lv\/wp-json\/wp\/v2\/types\/product"}],"wp:featuredmedia":[{"embeddable":true,"href":"https:\/\/myspainfood.com\/lv\/wp-json\/wp\/v2\/media\/30107"}],"wp:attachment":[{"href":"https:\/\/myspainfood.com\/lv\/wp-json\/wp\/v2\/media?parent=30102"}],"wp:term":[{"taxonomy":"product_brand","embeddable":true,"href":"https:\/\/myspainfood.com\/lv\/wp-json\/wp\/v2\/product_brand?post=30102"},{"taxonomy":"product_cat","embeddable":true,"href":"https:\/\/myspainfood.com\/lv\/wp-json\/wp\/v2\/product_cat?post=30102"},{"taxonomy":"product_tag","embeddable":true,"href":"https:\/\/myspainfood.com\/lv\/wp-json\/wp\/v2\/product_tag?post=30102"}],"curies":[{"name":"wp","href":"https:\/\/api.w.org\/{rel}","templated":true}]}}