{"id":30207,"date":"2025-04-10T12:08:03","date_gmt":"2025-04-10T10:08:03","guid":{"rendered":"https:\/\/myspainfood.com\/producto\/gildas-de-boqueron-bokeo-5-vienibas\/"},"modified":"2025-06-24T13:31:40","modified_gmt":"2025-06-24T11:31:40","slug":"gildas-de-boqueron-bokeo-5-vienibas","status":"publish","type":"product","link":"https:\/\/myspainfood.com\/lv\/producto\/gildas-de-boqueron-bokeo-5-vienibas\/","title":{"rendered":"Gildas de Boquer\u00f3n Bokeo 5 vien\u012bbas"},"content":{"rendered":"<p>E\u013c\u013ca (85% saulespu\u0137u, 15% ol\u012bve\u013c\u013cas), ol\u012bvas ar <strong>an\u0161ovu<\/strong> pild\u012bjumu, <strong>an\u0161ovi<\/strong> eti\u0137\u012b, sarkanie pipari, p\u0113ters\u012b\u013ci un \u0137iploki.<\/p>\n","protected":false},"excerpt":{"rendered":"<p>E\u013c\u013ca (85% saulespu\u0137u, 15% ol\u012bve\u013c\u013cas), ol\u012bvas ar an\u0161ovu pild\u012bjumu, an\u0161ovi eti\u0137\u012b, sarkanie pipari, p\u0113ters\u012b\u013ci un \u0137iploki.<\/p>\n","protected":false},"featured_media":30212,"template":"","meta":{"_et_pb_use_builder":"","_et_pb_old_content":"","_et_gb_content_width":""},"product_brand":[1277],"product_cat":[1904,1821,1731,1729,1824,2335,1963],"product_tag":[],"class_list":{"0":"post-30207","1":"product","2":"type-product","3":"status-publish","4":"has-post-thumbnail","6":"product_brand-bokeo","7":"product_cat-ansovi-lv","8":"product_cat-cold","9":"product_cat-olivas","10":"product_cat-pickles-lv","11":"product_cat-pintxos-lv","12":"product_cat-pipari","13":"product_cat-saglaba","14":"product_shipping_class-aukstuma-sutijums","16":"first","17":"instock","18":"taxable","19":"shipping-taxable","20":"product-type-variable"},"_links":{"self":[{"href":"https:\/\/myspainfood.com\/lv\/wp-json\/wp\/v2\/product\/30207","targetHints":{"allow":["GET"]}}],"collection":[{"href":"https:\/\/myspainfood.com\/lv\/wp-json\/wp\/v2\/product"}],"about":[{"href":"https:\/\/myspainfood.com\/lv\/wp-json\/wp\/v2\/types\/product"}],"wp:featuredmedia":[{"embeddable":true,"href":"https:\/\/myspainfood.com\/lv\/wp-json\/wp\/v2\/media\/30212"}],"wp:attachment":[{"href":"https:\/\/myspainfood.com\/lv\/wp-json\/wp\/v2\/media?parent=30207"}],"wp:term":[{"taxonomy":"product_brand","embeddable":true,"href":"https:\/\/myspainfood.com\/lv\/wp-json\/wp\/v2\/product_brand?post=30207"},{"taxonomy":"product_cat","embeddable":true,"href":"https:\/\/myspainfood.com\/lv\/wp-json\/wp\/v2\/product_cat?post=30207"},{"taxonomy":"product_tag","embeddable":true,"href":"https:\/\/myspainfood.com\/lv\/wp-json\/wp\/v2\/product_tag?post=30207"}],"curies":[{"name":"wp","href":"https:\/\/api.w.org\/{rel}","templated":true}]}}