{"id":30398,"date":"2025-04-10T12:08:03","date_gmt":"2025-04-10T10:08:03","guid":{"rendered":"https:\/\/myspainfood.com\/producto\/siera-karumi-170-gr\/"},"modified":"2025-04-10T12:08:03","modified_gmt":"2025-04-10T10:08:03","slug":"siera-karumi-170-gr","status":"publish","type":"product","link":"https:\/\/myspainfood.com\/lv\/producto\/siera-karumi-170-gr\/","title":{"rendered":"Siera k\u0101rumi 170 gr"},"content":{"rendered":"<p>E\u013c\u013ca (100% saulespu\u0137u), saldie \u0137ir\u0161u pipari, kr\u0113juma siers.<\/p>\n","protected":false},"excerpt":{"rendered":"<p>E\u013c\u013ca (100% saulespu\u0137u), saldie \u0137ir\u0161u pipari, kr\u0113juma siers.<\/p>\n","protected":false},"featured_media":30401,"template":"","meta":{"_et_pb_use_builder":"","_et_pb_old_content":"","_et_gb_content_width":""},"product_brand":[1277],"product_cat":[2335,1963,2274],"product_tag":[],"class_list":{"0":"post-30398","1":"product","2":"type-product","3":"status-publish","4":"has-post-thumbnail","6":"product_brand-bokeo","7":"product_cat-pipari","8":"product_cat-saglaba","9":"product_cat-siers-un-desa","10":"product_shipping_class-aukstuma-sutijums","12":"first","13":"instock","14":"taxable","15":"shipping-taxable","16":"product-type-variable"},"_links":{"self":[{"href":"https:\/\/myspainfood.com\/lv\/wp-json\/wp\/v2\/product\/30398","targetHints":{"allow":["GET"]}}],"collection":[{"href":"https:\/\/myspainfood.com\/lv\/wp-json\/wp\/v2\/product"}],"about":[{"href":"https:\/\/myspainfood.com\/lv\/wp-json\/wp\/v2\/types\/product"}],"wp:featuredmedia":[{"embeddable":true,"href":"https:\/\/myspainfood.com\/lv\/wp-json\/wp\/v2\/media\/30401"}],"wp:attachment":[{"href":"https:\/\/myspainfood.com\/lv\/wp-json\/wp\/v2\/media?parent=30398"}],"wp:term":[{"taxonomy":"product_brand","embeddable":true,"href":"https:\/\/myspainfood.com\/lv\/wp-json\/wp\/v2\/product_brand?post=30398"},{"taxonomy":"product_cat","embeddable":true,"href":"https:\/\/myspainfood.com\/lv\/wp-json\/wp\/v2\/product_cat?post=30398"},{"taxonomy":"product_tag","embeddable":true,"href":"https:\/\/myspainfood.com\/lv\/wp-json\/wp\/v2\/product_tag?post=30398"}],"curies":[{"name":"wp","href":"https:\/\/api.w.org\/{rel}","templated":true}]}}