{"id":30557,"date":"2025-04-10T12:08:03","date_gmt":"2025-04-10T10:08:03","guid":{"rendered":"https:\/\/myspainfood.com\/producto\/cecina-un-siers-gildas-4-vienibas\/"},"modified":"2025-06-24T14:13:50","modified_gmt":"2025-06-24T12:13:50","slug":"cecina-un-siers-gildas-4-vienibas","status":"publish","type":"product","link":"https:\/\/myspainfood.com\/lv\/producto\/cecina-un-siers-gildas-4-vienibas\/","title":{"rendered":"Cecina un siers Gildas 4 vien\u012bbas"},"content":{"rendered":"<p>E\u013c\u013ca (85 % saulespu\u0137u, 15 % ol\u012bve\u013c\u013cas), da\u013c\u0113ji s\u0101l\u012bts siers un liellopu ga\u013cas \u017e\u0101v\u0113jumi.<\/p>\n","protected":false},"excerpt":{"rendered":"<p>E\u013c\u013ca (85 % saulespu\u0137u, 15 % ol\u012bve\u013c\u013cas), da\u013c\u0113ji s\u0101l\u012bts siers un liellopu ga\u013cas \u017e\u0101v\u0113jumi.<\/p>\n","protected":false},"featured_media":30567,"template":"","meta":{"_et_pb_use_builder":"","_et_pb_old_content":"","_et_gb_content_width":""},"product_brand":[1277],"product_cat":[2732,1821,2275,2082,1729,1824,2274],"product_tag":[],"class_list":{"0":"post-30557","1":"product","2":"type-product","3":"status-publish","4":"has-post-thumbnail","6":"product_brand-bokeo","7":"product_cat-arstesana","8":"product_cat-cold","9":"product_cat-desa","10":"product_cat-pennants-banderillas","11":"product_cat-pickles-lv","12":"product_cat-pintxos-lv","13":"product_cat-siers-un-desa","14":"product_shipping_class-aukstuma-sutijums","16":"first","17":"outofstock","18":"taxable","19":"shipping-taxable","20":"product-type-variable"},"_links":{"self":[{"href":"https:\/\/myspainfood.com\/lv\/wp-json\/wp\/v2\/product\/30557","targetHints":{"allow":["GET"]}}],"collection":[{"href":"https:\/\/myspainfood.com\/lv\/wp-json\/wp\/v2\/product"}],"about":[{"href":"https:\/\/myspainfood.com\/lv\/wp-json\/wp\/v2\/types\/product"}],"wp:featuredmedia":[{"embeddable":true,"href":"https:\/\/myspainfood.com\/lv\/wp-json\/wp\/v2\/media\/30567"}],"wp:attachment":[{"href":"https:\/\/myspainfood.com\/lv\/wp-json\/wp\/v2\/media?parent=30557"}],"wp:term":[{"taxonomy":"product_brand","embeddable":true,"href":"https:\/\/myspainfood.com\/lv\/wp-json\/wp\/v2\/product_brand?post=30557"},{"taxonomy":"product_cat","embeddable":true,"href":"https:\/\/myspainfood.com\/lv\/wp-json\/wp\/v2\/product_cat?post=30557"},{"taxonomy":"product_tag","embeddable":true,"href":"https:\/\/myspainfood.com\/lv\/wp-json\/wp\/v2\/product_tag?post=30557"}],"curies":[{"name":"wp","href":"https:\/\/api.w.org\/{rel}","templated":true}]}}