{"id":30717,"date":"2025-04-10T12:08:41","date_gmt":"2025-04-10T10:08:41","guid":{"rendered":"https:\/\/myspainfood.com\/producto\/salitas-mencas-drupatas-500g\/"},"modified":"2025-07-28T10:38:58","modified_gmt":"2025-07-28T08:38:58","slug":"salitas-mencas-drupatas-500g","status":"publish","type":"product","link":"https:\/\/myspainfood.com\/lv\/producto\/salitas-mencas-drupatas-500g\/","title":{"rendered":"S\u0101l\u012btas mencas drupatas 500G"},"content":{"rendered":"<div class=\"wpb_animate_when_almost_visible wpb_bottom-to-top bottom-to-top wpb_column vc_column_container vc_col-sm-6 wpb_start_animation animated\">\n<div class=\"vc_column-inner \">\n<div class=\"wpb_wrapper\">\n<div class=\"wpb_text_column wpb_content_element \">\n<div class=\"wpb_wrapper\">\n<p>Desmigado bacalao salado 500G de <a href=\"https:\/\/labarajilla.es\/bacalao\/\" target=\"_blank\" rel=\"noopener noreferrer nofollow\">La Barajilla<\/a> pamat\u0101 ir augst\u0101k\u0101s kvalit\u0101tes gabali\u0146i bez \u0101das un kauliem, ide\u0101li piem\u0113roti omlet\u0113m, kroket\u0113m un ajoarriero.<\/p>\n<ul>\n<li><strong>SUGA<\/strong>: menca ( Gadus Morhua )<\/li>\n<li><strong>Zvejas zona<\/strong>: Zieme\u013crietumu Atlantija ( FAO 27 )<\/li>\n<li><strong>Glab\u0101\u0161ana<\/strong>: no 0\u00baC l\u012bdz 5\u00baC.<\/li>\n<\/ul>\n<p>No uzturv\u0113rt\u012bbas viedok\u013ca menca ir olbaltumviel\u0101m bag\u0101ts p\u0101rtikas produkts ar augstu biolo\u0123isko v\u0113rt\u012bbu un sagremojam\u012bbu, ar zemu tauku un kaloriju saturu.<\/p>\n<p>\u016adens saturs ir aptuveni 80 % (svaig\u0101s menc\u0101s).<\/p>\n<p>\u0160\u012b menca ir labs organismam nepiecie\u0161amo vitam\u012bnu (galvenok\u0101rt B grupas) un miner\u0101ls\u0101\u013cu avots.<\/p>\n<p>Svaigas vai ats\u0101l\u012btas mencas var lietot cilv\u0113ki ar augstu asinsspiedienu, jo taj\u0101s ir maz n\u0101trija un daudz k\u0101lija.<\/p>\n<p>&#8220;Menca ir kop\u012bgs nosaukums vair\u0101k\u0101m Gadus \u0123ints zivju sug\u0101m, lai gan da\u017e\u0101m \u0161\u012bs pa\u0161as \u0123ints ziv\u012bm var b\u016bt ar\u012b citi nosaukumi.<\/p>\n<p>Visbie\u017e\u0101k sastopam\u0101 suga ir Atlantijas menca (Gadus morhua jeb parast\u0101 menca).<\/p>\n<p>Ja v\u0113laties ieg\u0101d\u0101ties Desmigado bacalao salado 500G vai k\u0101du citu <a href=\"https:\/\/latiendadesami.com\/categoria-producto\/frio\/\" rel=\"noopener noreferrer nofollow\" target=\"_blank\">aukst\u0101<\/a> produkta veidu, nevilcinieties un apskatiet visu m\u016bsu tie\u0161saistes katalogu, lai iepaz\u012btos ar m\u016bsu pla\u0161o mencu kl\u0101stu.<\/p>\n<p>Lai ieg\u016btu vair\u0101k inform\u0101cijas, rakstiet mums.<\/p>\n<\/div>\n<\/div>\n<\/div>\n<\/div>\n<\/div>\n","protected":false},"excerpt":{"rendered":"<p>Desmigado bacalao salado 500G de La Barajilla pamat\u0101 ir augst\u0101k\u0101s kvalit\u0101tes gabali\u0146i bez \u0101das un kauliem, ide\u0101li piem\u0113roti omlet\u0113m, kroket\u0113m un ajoarriero. SUGA: menca ( Gadus Morhua ) Zvejas zona: Zieme\u013crietumu Atlantija ( FAO 27 ) Glab\u0101\u0161ana: no 0\u00baC l\u012bdz 5\u00baC. No uzturv\u0113rt\u012bbas viedok\u013ca menca ir olbaltumviel\u0101m bag\u0101ts p\u0101rtikas produkts ar augstu biolo\u0123isko v\u0113rt\u012bbu un [&hellip;]<\/p>\n","protected":false},"featured_media":30721,"template":"","meta":{"_et_pb_use_builder":"","_et_pb_old_content":"","_et_gb_content_width":""},"product_brand":[1290],"product_cat":[1821,3520],"product_tag":[],"class_list":{"0":"post-30717","1":"product","2":"type-product","3":"status-publish","4":"has-post-thumbnail","6":"product_brand-la-barajilla","7":"product_cat-cold","8":"product_cat-mencas","9":"product_shipping_class-aukstuma-sutijums","11":"first","12":"outofstock","13":"taxable","14":"shipping-taxable","15":"purchasable","16":"product-type-simple"},"_links":{"self":[{"href":"https:\/\/myspainfood.com\/lv\/wp-json\/wp\/v2\/product\/30717","targetHints":{"allow":["GET"]}}],"collection":[{"href":"https:\/\/myspainfood.com\/lv\/wp-json\/wp\/v2\/product"}],"about":[{"href":"https:\/\/myspainfood.com\/lv\/wp-json\/wp\/v2\/types\/product"}],"wp:featuredmedia":[{"embeddable":true,"href":"https:\/\/myspainfood.com\/lv\/wp-json\/wp\/v2\/media\/30721"}],"wp:attachment":[{"href":"https:\/\/myspainfood.com\/lv\/wp-json\/wp\/v2\/media?parent=30717"}],"wp:term":[{"taxonomy":"product_brand","embeddable":true,"href":"https:\/\/myspainfood.com\/lv\/wp-json\/wp\/v2\/product_brand?post=30717"},{"taxonomy":"product_cat","embeddable":true,"href":"https:\/\/myspainfood.com\/lv\/wp-json\/wp\/v2\/product_cat?post=30717"},{"taxonomy":"product_tag","embeddable":true,"href":"https:\/\/myspainfood.com\/lv\/wp-json\/wp\/v2\/product_tag?post=30717"}],"curies":[{"name":"wp","href":"https:\/\/api.w.org\/{rel}","templated":true}]}}