{"id":30844,"date":"2025-04-10T12:09:09","date_gmt":"2025-04-10T10:09:09","guid":{"rendered":"https:\/\/myspainfood.com\/producto\/el-gran-cardenal-kazas-un-govs-paprikas-siers\/"},"modified":"2025-06-24T14:15:26","modified_gmt":"2025-06-24T12:15:26","slug":"el-gran-cardenal-kazas-un-govs-paprikas-siers","status":"publish","type":"product","link":"https:\/\/myspainfood.com\/lv\/producto\/el-gran-cardenal-kazas-un-govs-paprikas-siers\/","title":{"rendered":"El Gran Cardenal kazas un govs paprikas siers"},"content":{"rendered":"<div class=\"et_pb_blurb_container\">\n<div class=\"et_pb_blurb_container\">\n<h4 class=\"et_pb_module_header\">Kaza ar papriku<\/h4>\n<div class=\"et_pb_blurb_description\">Siers no \u0101rpuses p\u0101rkl\u0101ts ar dab\u012bgo papriku (to ieg\u016bst, \u017e\u0101v\u0113jot un malot sarkanos piparus), kas pie\u0161\u0137ir sieram pievilc\u012bgu sarkan\u012bgu kr\u0101su, k\u0101 ar\u012b \u012bpa\u0161u arom\u0101tu un gar\u0161u.<\/p>\n<p>Kazas piena kr\u0113m\u012bguma un dab\u012bg\u0101s paprikas gar\u0161as kombin\u0101cija ir viena no lab\u0101kaj\u0101m iesp\u0113jamaj\u0101m kombin\u0101cij\u0101m siera ra\u017eo\u0161an\u0101.<\/p><\/div>\n<\/div>\n<\/div>\n","protected":false},"excerpt":{"rendered":"<p>Kaza ar papriku Siers no \u0101rpuses p\u0101rkl\u0101ts ar dab\u012bgo papriku (to ieg\u016bst, \u017e\u0101v\u0113jot un malot sarkanos piparus), kas pie\u0161\u0137ir sieram pievilc\u012bgu sarkan\u012bgu kr\u0101su, k\u0101 ar\u012b \u012bpa\u0161u arom\u0101tu un gar\u0161u. Kazas piena kr\u0113m\u012bguma un dab\u012bg\u0101s paprikas gar\u0161as kombin\u0101cija ir viena no lab\u0101kaj\u0101m iesp\u0113jamaj\u0101m kombin\u0101cij\u0101m siera ra\u017eo\u0161an\u0101.<\/p>\n","protected":false},"featured_media":30850,"template":"","meta":{"_et_pb_use_builder":"","_et_pb_old_content":"","_et_gb_content_width":""},"product_brand":[1319],"product_cat":[2732,1821,2274],"product_tag":[],"class_list":{"0":"post-30844","1":"product","2":"type-product","3":"status-publish","4":"has-post-thumbnail","6":"product_brand-el-gran-cardenal","7":"product_cat-arstesana","8":"product_cat-cold","9":"product_cat-siers-un-desa","10":"product_shipping_class-aukstuma-sutijums","12":"first","13":"outofstock","14":"taxable","15":"shipping-taxable","16":"product-type-variable"},"_links":{"self":[{"href":"https:\/\/myspainfood.com\/lv\/wp-json\/wp\/v2\/product\/30844","targetHints":{"allow":["GET"]}}],"collection":[{"href":"https:\/\/myspainfood.com\/lv\/wp-json\/wp\/v2\/product"}],"about":[{"href":"https:\/\/myspainfood.com\/lv\/wp-json\/wp\/v2\/types\/product"}],"wp:featuredmedia":[{"embeddable":true,"href":"https:\/\/myspainfood.com\/lv\/wp-json\/wp\/v2\/media\/30850"}],"wp:attachment":[{"href":"https:\/\/myspainfood.com\/lv\/wp-json\/wp\/v2\/media?parent=30844"}],"wp:term":[{"taxonomy":"product_brand","embeddable":true,"href":"https:\/\/myspainfood.com\/lv\/wp-json\/wp\/v2\/product_brand?post=30844"},{"taxonomy":"product_cat","embeddable":true,"href":"https:\/\/myspainfood.com\/lv\/wp-json\/wp\/v2\/product_cat?post=30844"},{"taxonomy":"product_tag","embeddable":true,"href":"https:\/\/myspainfood.com\/lv\/wp-json\/wp\/v2\/product_tag?post=30844"}],"curies":[{"name":"wp","href":"https:\/\/api.w.org\/{rel}","templated":true}]}}