{"id":30966,"date":"2025-04-10T12:08:35","date_gmt":"2025-04-10T10:08:35","guid":{"rendered":"https:\/\/myspainfood.com\/producto\/tacos-fareru-juras-lidaka-salita-5kg\/"},"modified":"2025-06-24T13:37:05","modified_gmt":"2025-06-24T11:37:05","slug":"tacos-fareru-juras-lidaka-salita-5kg","status":"publish","type":"product","link":"https:\/\/myspainfood.com\/lv\/producto\/tacos-fareru-juras-lidaka-salita-5kg\/","title":{"rendered":"Tacos Far\u0113ru j\u016bras l\u012bdaka s\u0101l\u012bta 5kg"},"content":{"rendered":"","protected":false},"excerpt":{"rendered":"","protected":false},"featured_media":30967,"template":"","meta":{"_et_pb_use_builder":"","_et_pb_old_content":"","_et_gb_content_width":""},"product_brand":[1290],"product_cat":[1821,3520],"product_tag":[],"class_list":{"0":"post-30966","1":"product","2":"type-product","3":"status-publish","4":"has-post-thumbnail","6":"product_brand-la-barajilla","7":"product_cat-cold","8":"product_cat-mencas","9":"product_shipping_class-aukstuma-sutijums","11":"first","12":"instock","13":"taxable","14":"shipping-taxable","15":"purchasable","16":"product-type-simple"},"_links":{"self":[{"href":"https:\/\/myspainfood.com\/lv\/wp-json\/wp\/v2\/product\/30966","targetHints":{"allow":["GET"]}}],"collection":[{"href":"https:\/\/myspainfood.com\/lv\/wp-json\/wp\/v2\/product"}],"about":[{"href":"https:\/\/myspainfood.com\/lv\/wp-json\/wp\/v2\/types\/product"}],"wp:featuredmedia":[{"embeddable":true,"href":"https:\/\/myspainfood.com\/lv\/wp-json\/wp\/v2\/media\/30967"}],"wp:attachment":[{"href":"https:\/\/myspainfood.com\/lv\/wp-json\/wp\/v2\/media?parent=30966"}],"wp:term":[{"taxonomy":"product_brand","embeddable":true,"href":"https:\/\/myspainfood.com\/lv\/wp-json\/wp\/v2\/product_brand?post=30966"},{"taxonomy":"product_cat","embeddable":true,"href":"https:\/\/myspainfood.com\/lv\/wp-json\/wp\/v2\/product_cat?post=30966"},{"taxonomy":"product_tag","embeddable":true,"href":"https:\/\/myspainfood.com\/lv\/wp-json\/wp\/v2\/product_tag?post=30966"}],"curies":[{"name":"wp","href":"https:\/\/api.w.org\/{rel}","templated":true}]}}