{"id":31028,"date":"2025-04-10T12:08:39","date_gmt":"2025-04-10T10:08:39","guid":{"rendered":"https:\/\/myspainfood.com\/producto\/kokotxas-iceland-extra-500gr\/"},"modified":"2025-07-28T10:35:56","modified_gmt":"2025-07-28T08:35:56","slug":"kokotxas-iceland-extra-500gr","status":"publish","type":"product","link":"https:\/\/myspainfood.com\/lv\/producto\/kokotxas-iceland-extra-500gr\/","title":{"rendered":"Kokotxas Iceland Extra 500gr"},"content":{"rendered":"<p><a href=\"https:\/\/labarajilla.es\/bacalao\/\" target=\"_blank\" rel=\"noopener noreferrer nofollow\">La Barajilla<\/a> &#8216;s Kokotxas Islandia Extra 500gr tiek augstu nov\u0113rt\u0113ti to tekst\u016bras d\u0113\u013c.<\/p>\n<p>\u0160\u012bm kokotx\u0101m ir laba musku\u013cu masa, kas atrodas starp abiem apak\u0161\u0113jiem \u017eok\u013ciem.<\/p>\n<ul>\n<li><strong>SUGA<\/strong>: menca ( Gadus Morhua )<u><\/u><u><\/u><\/li>\n<li><strong>Zvejas zona<\/strong>: Zieme\u013crietumu Atlantija ( FAO 27 )<u><\/u><u><\/u><\/li>\n<li><strong>Glab\u0101\u0161ana<\/strong>: no 0\u00baC l\u012bdz 5\u00baC.<\/li>\n<\/ul>\n<p>No uzturv\u0113rt\u012bbas viedok\u013ca menca ir olbaltumviel\u0101m bag\u0101ts p\u0101rtikas produkts ar augstu biolo\u0123isko v\u0113rt\u012bbu un sagremojam\u012bbu, ar zemu tauku un kaloriju saturu.<\/p>\n<p>\u016adens saturs ir aptuveni 80 % (svaig\u0101s menc\u0101s).<\/p>\n<p>\u0160\u012b menca ir labs organismam nepiecie\u0161amo vitam\u012bnu (galvenok\u0101rt B grupas) un miner\u0101ls\u0101\u013cu avots.<\/p>\n<p>Svaigas vai ats\u0101l\u012btas mencas var lietot cilv\u0113ki ar augstu asinsspiedienu, jo taj\u0101s ir maz n\u0101trija un daudz k\u0101lija.<\/p>\n<p>&#8220;Menca ir kop\u012bgs nosaukums vair\u0101k\u0101m Gadus \u0123ints zivju sug\u0101m, lai gan da\u017e\u0101m \u0161\u012bs pa\u0161as \u0123ints ziv\u012bm var b\u016bt ar\u012b citi nosaukumi.<\/p>\n<p>Visbie\u017e\u0101k sastopam\u0101 suga ir Atlantijas menca (Gadus morhua jeb parast\u0101 menca).<\/p>\n<p>Ja v\u0113laties ieg\u0101d\u0101ties Kokotxas Islandia Extra 500gr vai k\u0101du citu <a href=\"https:\/\/latiendadesami.com\/categoria-producto\/frio\/\" rel=\"noopener noreferrer nofollow\" target=\"_blank\">aukstuma<\/a> produktu, nekautr\u0113jieties apskat\u012bt m\u016bsu tie\u0161saistes katalogu, lai iepaz\u012btos ar m\u016bsu pla\u0161o mencu kl\u0101stu.<\/p>\n<p>Lai ieg\u016btu vair\u0101k inform\u0101cijas, rakstiet mums.<\/p>\n","protected":false},"excerpt":{"rendered":"<p>La Barajilla &#8216;s Kokotxas Islandia Extra 500gr tiek augstu nov\u0113rt\u0113ti to tekst\u016bras d\u0113\u013c. \u0160\u012bm kokotx\u0101m ir laba musku\u013cu masa, kas atrodas starp abiem apak\u0161\u0113jiem \u017eok\u013ciem. SUGA: menca ( Gadus Morhua ) Zvejas zona: Zieme\u013crietumu Atlantija ( FAO 27 ) Glab\u0101\u0161ana: no 0\u00baC l\u012bdz 5\u00baC. No uzturv\u0113rt\u012bbas viedok\u013ca menca ir olbaltumviel\u0101m bag\u0101ts p\u0101rtikas produkts ar augstu [&hellip;]<\/p>\n","protected":false},"featured_media":31032,"template":"","meta":{"_et_pb_use_builder":"","_et_pb_old_content":"","_et_gb_content_width":""},"product_brand":[1290],"product_cat":[1821,3520],"product_tag":[],"class_list":{"0":"post-31028","1":"product","2":"type-product","3":"status-publish","4":"has-post-thumbnail","6":"product_brand-la-barajilla","7":"product_cat-cold","8":"product_cat-mencas","9":"product_shipping_class-aukstuma-sutijums","11":"first","12":"outofstock","13":"taxable","14":"shipping-taxable","15":"purchasable","16":"product-type-simple"},"_links":{"self":[{"href":"https:\/\/myspainfood.com\/lv\/wp-json\/wp\/v2\/product\/31028","targetHints":{"allow":["GET"]}}],"collection":[{"href":"https:\/\/myspainfood.com\/lv\/wp-json\/wp\/v2\/product"}],"about":[{"href":"https:\/\/myspainfood.com\/lv\/wp-json\/wp\/v2\/types\/product"}],"wp:featuredmedia":[{"embeddable":true,"href":"https:\/\/myspainfood.com\/lv\/wp-json\/wp\/v2\/media\/31032"}],"wp:attachment":[{"href":"https:\/\/myspainfood.com\/lv\/wp-json\/wp\/v2\/media?parent=31028"}],"wp:term":[{"taxonomy":"product_brand","embeddable":true,"href":"https:\/\/myspainfood.com\/lv\/wp-json\/wp\/v2\/product_brand?post=31028"},{"taxonomy":"product_cat","embeddable":true,"href":"https:\/\/myspainfood.com\/lv\/wp-json\/wp\/v2\/product_cat?post=31028"},{"taxonomy":"product_tag","embeddable":true,"href":"https:\/\/myspainfood.com\/lv\/wp-json\/wp\/v2\/product_tag?post=31028"}],"curies":[{"name":"wp","href":"https:\/\/api.w.org\/{rel}","templated":true}]}}