{"id":31424,"date":"2025-04-10T12:08:39","date_gmt":"2025-04-10T10:08:39","guid":{"rendered":"https:\/\/myspainfood.com\/producto\/cruceiro-de-ferreiros-albarino\/"},"modified":"2025-04-10T12:08:39","modified_gmt":"2025-04-10T10:08:39","slug":"cruceiro-de-ferreiros-albarino","status":"publish","type":"product","link":"https:\/\/myspainfood.com\/lv\/producto\/cruceiro-de-ferreiros-albarino\/","title":{"rendered":"Cruceiro de Ferreiros Albari\u00f1o"},"content":{"rendered":"<p>\u0160is klasiskais galisie\u0161u v\u012bns ir t\u012brs un gai\u0161s, gandr\u012bz za\u013c\u0101 kr\u0101s\u0101. Greipfr\u016btu arom\u0101ts uz ziedu fona ar miner\u0101lisma nokr\u0101s\u0101m. V\u012bnam piem\u012bt strukt\u016bra, laba strukt\u016bra un sp\u0113c\u012bga gar\u0161a, tas ir lielisks v\u012bns vieglu zivju \u0113dienu vai svaiga siera pagatavo\u0161anai.  <\/p>\n<div>v\u012bns, kas ra\u017eots no Albari\u00f1o, Godello un Loureiro v\u012bnog\u0101m, sa\u0146\u0113ma sudraba meda\u013cu International Wine Awards 2017 balvas balto v\u012bnu kategorij\u0101.<\/div>\n<p>Nosaukums\/apgabals: Ixp Do Mi\u00f1o<\/p>\n","protected":false},"excerpt":{"rendered":"<p>\u0160is klasiskais galisie\u0161u v\u012bns ir t\u012brs un gai\u0161s, gandr\u012bz za\u013c\u0101 kr\u0101s\u0101. Greipfr\u016btu arom\u0101ts uz ziedu fona ar miner\u0101lisma nokr\u0101s\u0101m. V\u012bnam piem\u012bt strukt\u016bra, laba strukt\u016bra un sp\u0113c\u012bga gar\u0161a, tas ir lielisks v\u012bns vieglu zivju \u0113dienu vai svaiga siera pagatavo\u0161anai. v\u012bns, kas ra\u017eots no Albari\u00f1o, Godello un Loureiro v\u012bnog\u0101m, sa\u0146\u0113ma sudraba meda\u013cu International Wine Awards 2017 balvas [&hellip;]<\/p>\n","protected":false},"featured_media":31432,"template":"","meta":{"_et_pb_use_builder":"","_et_pb_old_content":"","_et_gb_content_width":""},"product_brand":[1302],"product_cat":[4859,6278],"product_tag":[7018],"class_list":{"0":"post-31424","1":"product","2":"type-product","3":"status-publish","4":"has-post-thumbnail","6":"product_brand-galiciano","7":"product_cat-dzerieni","8":"product_cat-vins-lv-2","9":"product_tag-albarino-lv","11":"first","12":"instock","13":"taxable","14":"shipping-taxable","15":"purchasable","16":"product-type-variable"},"_links":{"self":[{"href":"https:\/\/myspainfood.com\/lv\/wp-json\/wp\/v2\/product\/31424","targetHints":{"allow":["GET"]}}],"collection":[{"href":"https:\/\/myspainfood.com\/lv\/wp-json\/wp\/v2\/product"}],"about":[{"href":"https:\/\/myspainfood.com\/lv\/wp-json\/wp\/v2\/types\/product"}],"wp:featuredmedia":[{"embeddable":true,"href":"https:\/\/myspainfood.com\/lv\/wp-json\/wp\/v2\/media\/31432"}],"wp:attachment":[{"href":"https:\/\/myspainfood.com\/lv\/wp-json\/wp\/v2\/media?parent=31424"}],"wp:term":[{"taxonomy":"product_brand","embeddable":true,"href":"https:\/\/myspainfood.com\/lv\/wp-json\/wp\/v2\/product_brand?post=31424"},{"taxonomy":"product_cat","embeddable":true,"href":"https:\/\/myspainfood.com\/lv\/wp-json\/wp\/v2\/product_cat?post=31424"},{"taxonomy":"product_tag","embeddable":true,"href":"https:\/\/myspainfood.com\/lv\/wp-json\/wp\/v2\/product_tag?post=31424"}],"curies":[{"name":"wp","href":"https:\/\/api.w.org\/{rel}","templated":true}]}}