{"id":31633,"date":"2025-04-10T12:09:08","date_gmt":"2025-04-10T10:09:08","guid":{"rendered":"https:\/\/myspainfood.com\/producto\/aitas-siers-ar-rozmarinu-el-gran-cardenal\/"},"modified":"2025-07-28T13:02:34","modified_gmt":"2025-07-28T11:02:34","slug":"aitas-siers-ar-rozmarinu-el-gran-cardenal","status":"publish","type":"product","link":"https:\/\/myspainfood.com\/lv\/producto\/aitas-siers-ar-rozmarinu-el-gran-cardenal\/","title":{"rendered":"Aitas siers ar rozmar\u012bnu El Gran Cardenal"},"content":{"rendered":"<div class=\"et_pb_blurb_container\">\n<div class=\"et_pb_blurb_container\">\n<h4 class=\"et_pb_module_header\">Aita ar rozmar\u012bnu<\/h4>\n<div class=\"et_pb_blurb_description\">Rozmar\u012bns ir Vidusj\u016bras re\u0123ionam rakstur\u012bgs arom\u0101tisks augs. T\u0101 arom\u0101ts pies\u016bcina Castellano de Oveja sieru, pie\u0161\u0137irot tam \u013coti nians\u0113tu smar\u017eu un gar\u0161u, k\u0101 ar\u012b pal\u012bdz aizsarg\u0101t sieru. <\/p>\n<p>Ziedu valod\u0101 rozmar\u012bns ir labas tic\u012bbas un atv\u0113rt\u012bbas simbols.<\/p><\/div>\n<\/div>\n<\/div>\n","protected":false},"excerpt":{"rendered":"<p>Aita ar rozmar\u012bnu Rozmar\u012bns ir Vidusj\u016bras re\u0123ionam rakstur\u012bgs arom\u0101tisks augs. T\u0101 arom\u0101ts pies\u016bcina Castellano de Oveja sieru, pie\u0161\u0137irot tam \u013coti nians\u0113tu smar\u017eu un gar\u0161u, k\u0101 ar\u012b pal\u012bdz aizsarg\u0101t sieru. Ziedu valod\u0101 rozmar\u012bns ir labas tic\u012bbas un atv\u0113rt\u012bbas simbols.<\/p>\n","protected":false},"featured_media":31639,"template":"","meta":{"_et_pb_use_builder":"","_et_pb_old_content":"","_et_gb_content_width":""},"product_brand":[1319],"product_cat":[2732,1821,2274],"product_tag":[],"class_list":{"0":"post-31633","1":"product","2":"type-product","3":"status-publish","4":"has-post-thumbnail","6":"product_brand-el-gran-cardenal","7":"product_cat-arstesana","8":"product_cat-cold","9":"product_cat-siers-un-desa","10":"product_shipping_class-aukstuma-sutijums","12":"first","13":"outofstock","14":"taxable","15":"shipping-taxable","16":"purchasable","17":"product-type-variable"},"_links":{"self":[{"href":"https:\/\/myspainfood.com\/lv\/wp-json\/wp\/v2\/product\/31633","targetHints":{"allow":["GET"]}}],"collection":[{"href":"https:\/\/myspainfood.com\/lv\/wp-json\/wp\/v2\/product"}],"about":[{"href":"https:\/\/myspainfood.com\/lv\/wp-json\/wp\/v2\/types\/product"}],"wp:featuredmedia":[{"embeddable":true,"href":"https:\/\/myspainfood.com\/lv\/wp-json\/wp\/v2\/media\/31639"}],"wp:attachment":[{"href":"https:\/\/myspainfood.com\/lv\/wp-json\/wp\/v2\/media?parent=31633"}],"wp:term":[{"taxonomy":"product_brand","embeddable":true,"href":"https:\/\/myspainfood.com\/lv\/wp-json\/wp\/v2\/product_brand?post=31633"},{"taxonomy":"product_cat","embeddable":true,"href":"https:\/\/myspainfood.com\/lv\/wp-json\/wp\/v2\/product_cat?post=31633"},{"taxonomy":"product_tag","embeddable":true,"href":"https:\/\/myspainfood.com\/lv\/wp-json\/wp\/v2\/product_tag?post=31633"}],"curies":[{"name":"wp","href":"https:\/\/api.w.org\/{rel}","templated":true}]}}