{"id":31760,"date":"2025-04-10T12:09:10","date_gmt":"2025-04-10T10:09:10","guid":{"rendered":"https:\/\/myspainfood.com\/producto\/kazas-un-govs-siers-ar-melnajiem-kiplokiem-el-gran-cardenal\/"},"modified":"2025-06-24T16:11:10","modified_gmt":"2025-06-24T14:11:10","slug":"kazas-un-govs-siers-ar-melnajiem-kiplokiem-el-gran-cardenal","status":"publish","type":"product","link":"https:\/\/myspainfood.com\/lv\/producto\/kazas-un-govs-siers-ar-melnajiem-kiplokiem-el-gran-cardenal\/","title":{"rendered":"Kazas un govs siers ar melnajiem \u0137iplokiem El Gran Cardenal"},"content":{"rendered":"<div class=\"et_pb_blurb_container\">\n<div class=\"et_pb_blurb_container\">\n<div class=\"et_pb_blurb_container\">\n<h4 class=\"et_pb_module_header\">Kaza ar melnajiem \u0137iplokiem<\/h4>\n<div class=\"et_pb_blurb_description\">Kr\u0113mveida siers no kazas un govs piena, ar melno \u0137iploku porciju iek\u0161pus\u0113. Tas tam pie\u0161\u0137ir nedaudz saldu gar\u0161u un antioksidantu \u012bpa\u0161\u012bbas. <\/p>\n<p>Tam tiek pied\u0113v\u0113tas ar\u012b citas \u012bpa\u0161\u012bbas, piem\u0113ram, v\u0113\u017ea riska samazin\u0101\u0161ana un dz\u012bves ilguma pagarin\u0101\u0161ana. M\u0113s esam p\u0101rliecin\u0101ti, ka kazas piena gar\u0161a kop\u0101 ar melno \u0137iploku b\u016bs pat\u012bkams p\u0101rsteigums. <\/p><\/div>\n<\/div>\n<\/div>\n<\/div>\n","protected":false},"excerpt":{"rendered":"<p>Kaza ar melnajiem \u0137iplokiem Kr\u0113mveida siers no kazas un govs piena, ar melno \u0137iploku porciju iek\u0161pus\u0113. Tas tam pie\u0161\u0137ir nedaudz saldu gar\u0161u un antioksidantu \u012bpa\u0161\u012bbas. Tam tiek pied\u0113v\u0113tas ar\u012b citas \u012bpa\u0161\u012bbas, piem\u0113ram, v\u0113\u017ea riska samazin\u0101\u0161ana un dz\u012bves ilguma pagarin\u0101\u0161ana. M\u0113s esam p\u0101rliecin\u0101ti, ka kazas piena gar\u0161a kop\u0101 ar melno \u0137iploku b\u016bs pat\u012bkams p\u0101rsteigums.<\/p>\n","protected":false},"featured_media":31767,"template":"","meta":{"_et_pb_use_builder":"","_et_pb_old_content":"","_et_gb_content_width":""},"product_brand":[1319],"product_cat":[2732,1821,2274],"product_tag":[],"class_list":{"0":"post-31760","1":"product","2":"type-product","3":"status-publish","4":"has-post-thumbnail","6":"product_brand-el-gran-cardenal","7":"product_cat-arstesana","8":"product_cat-cold","9":"product_cat-siers-un-desa","10":"product_shipping_class-aukstuma-sutijums","12":"first","13":"outofstock","14":"taxable","15":"shipping-taxable","16":"purchasable","17":"product-type-variable"},"_links":{"self":[{"href":"https:\/\/myspainfood.com\/lv\/wp-json\/wp\/v2\/product\/31760","targetHints":{"allow":["GET"]}}],"collection":[{"href":"https:\/\/myspainfood.com\/lv\/wp-json\/wp\/v2\/product"}],"about":[{"href":"https:\/\/myspainfood.com\/lv\/wp-json\/wp\/v2\/types\/product"}],"wp:featuredmedia":[{"embeddable":true,"href":"https:\/\/myspainfood.com\/lv\/wp-json\/wp\/v2\/media\/31767"}],"wp:attachment":[{"href":"https:\/\/myspainfood.com\/lv\/wp-json\/wp\/v2\/media?parent=31760"}],"wp:term":[{"taxonomy":"product_brand","embeddable":true,"href":"https:\/\/myspainfood.com\/lv\/wp-json\/wp\/v2\/product_brand?post=31760"},{"taxonomy":"product_cat","embeddable":true,"href":"https:\/\/myspainfood.com\/lv\/wp-json\/wp\/v2\/product_cat?post=31760"},{"taxonomy":"product_tag","embeddable":true,"href":"https:\/\/myspainfood.com\/lv\/wp-json\/wp\/v2\/product_tag?post=31760"}],"curies":[{"name":"wp","href":"https:\/\/api.w.org\/{rel}","templated":true}]}}