{"id":32285,"date":"2025-04-10T12:09:28","date_gmt":"2025-04-10T10:09:28","guid":{"rendered":"https:\/\/myspainfood.com\/producto\/el-gran-cardenal-salitais-iberijas-siers\/"},"modified":"2025-09-02T10:44:40","modified_gmt":"2025-09-02T08:44:40","slug":"el-gran-cardenal-salitais-iberijas-siers","status":"publish","type":"product","link":"https:\/\/myspainfood.com\/lv\/producto\/el-gran-cardenal-salitais-iberijas-siers\/","title":{"rendered":"El Gran Cardenal s\u0101l\u012btais Ib\u0113rijas siers"},"content":{"rendered":"<div class=\"et_pb_blurb_container\">\n<div class=\"et_pb_blurb_container\">\n<div class=\"et_pb_column et_pb_column_4_4 et_pb_column_1 et_pb_css_mix_blend_mode_passthrough et-last-child\">\n<div class=\"et_pb_module et_pb_text et_pb_text_1 et_pb_text_align_justified et_pb_bg_layout_light\">\n<div class=\"et_pb_text_inner\">Izgatavots p\u0113c \u0123imenes receptes ar izsmalcin\u0101tu m\u016bsu piena mais\u012bjumu, t\u0101d\u0113j\u0101di pan\u0101kot lielisku intensit\u0101ti un notur\u012bbu mut\u0113. Siers ar at\u0161\u0137ir\u012bgu nogatavin\u0101\u0161anas laiku m\u016bsu koka \u017e\u0101v\u0113tav\u0101, da\u013c\u0113ji nogatavin\u0101ts (nogatavin\u0101\u0161anas ilgums no 2 l\u012bdz 4 m\u0113ne\u0161iem) un nogatavin\u0101ts (nogatavin\u0101\u0161anas ilgums no 4 l\u012bdz 6 m\u0113ne\u0161iem). <\/div>\n<\/div>\n<\/div>\n<\/div>\n<\/div>\n","protected":false},"excerpt":{"rendered":"<p>Izgatavots p\u0113c \u0123imenes receptes ar izsmalcin\u0101tu m\u016bsu piena mais\u012bjumu, t\u0101d\u0113j\u0101di pan\u0101kot lielisku intensit\u0101ti un notur\u012bbu mut\u0113. Siers ar at\u0161\u0137ir\u012bgu nogatavin\u0101\u0161anas laiku m\u016bsu koka \u017e\u0101v\u0113tav\u0101, da\u013c\u0113ji nogatavin\u0101ts (nogatavin\u0101\u0161anas ilgums no 2 l\u012bdz 4 m\u0113ne\u0161iem) un nogatavin\u0101ts (nogatavin\u0101\u0161anas ilgums no 4 l\u012bdz 6 m\u0113ne\u0161iem).<\/p>\n","protected":false},"featured_media":32293,"template":"","meta":{"_et_pb_use_builder":"","_et_pb_old_content":"","_et_gb_content_width":""},"product_brand":[1319],"product_cat":[2732,1821,2274],"product_tag":[],"class_list":{"0":"post-32285","1":"product","2":"type-product","3":"status-publish","4":"has-post-thumbnail","6":"product_brand-el-gran-cardenal","7":"product_cat-arstesana","8":"product_cat-cold","9":"product_cat-siers-un-desa","10":"product_shipping_class-aukstuma-sutijums","12":"first","13":"outofstock","14":"taxable","15":"shipping-taxable","16":"product-type-variable"},"_links":{"self":[{"href":"https:\/\/myspainfood.com\/lv\/wp-json\/wp\/v2\/product\/32285","targetHints":{"allow":["GET"]}}],"collection":[{"href":"https:\/\/myspainfood.com\/lv\/wp-json\/wp\/v2\/product"}],"about":[{"href":"https:\/\/myspainfood.com\/lv\/wp-json\/wp\/v2\/types\/product"}],"wp:featuredmedia":[{"embeddable":true,"href":"https:\/\/myspainfood.com\/lv\/wp-json\/wp\/v2\/media\/32293"}],"wp:attachment":[{"href":"https:\/\/myspainfood.com\/lv\/wp-json\/wp\/v2\/media?parent=32285"}],"wp:term":[{"taxonomy":"product_brand","embeddable":true,"href":"https:\/\/myspainfood.com\/lv\/wp-json\/wp\/v2\/product_brand?post=32285"},{"taxonomy":"product_cat","embeddable":true,"href":"https:\/\/myspainfood.com\/lv\/wp-json\/wp\/v2\/product_cat?post=32285"},{"taxonomy":"product_tag","embeddable":true,"href":"https:\/\/myspainfood.com\/lv\/wp-json\/wp\/v2\/product_tag?post=32285"}],"curies":[{"name":"wp","href":"https:\/\/api.w.org\/{rel}","templated":true}]}}