{"id":32599,"date":"2025-04-10T12:09:05","date_gmt":"2025-04-10T10:09:05","guid":{"rendered":"https:\/\/myspainfood.com\/producto\/extra-virgin-olivella-valdezarza-5-litri-2\/"},"modified":"2026-01-29T12:10:55","modified_gmt":"2026-01-29T11:10:55","slug":"extra-virgin-olivella-valdezarza-5-litri-2","status":"publish","type":"product","link":"https:\/\/myspainfood.com\/lv\/producto\/extra-virgin-olivella-valdezarza-5-litri-2\/","title":{"rendered":"Extra virgin ol\u012bve\u013c\u013ca VALDEZARZA 5 litri"},"content":{"rendered":"<p>Valdezarza Extra Virgin ol\u012bve\u013c\u013ca 5l ir augst\u0101k\u0101s kategorijas Extra Virgin ol\u012bve\u013c\u013ca, kas ieg\u016bta tie\u0161i no ol\u012bv\u0101m un tikai ar meh\u0101nisk\u0101m proced\u016br\u0101m.<\/p>\n<p>Valdezarza atrodas pa\u0161\u0101 Toledo kalnu kalnu (Montes de Toledo, Sp\u0101nija) sird\u012b, un taj\u0101 ir integr\u0113ta ol\u012bvu audzes un dabas ekosist\u0113ma.<\/p>\n<p>Vislab\u0101k\u0101 ol\u012bvu sula ir gatavota no ol\u012bv\u0101m: <a href=\"https:\/\/aceitesvaldezarza.com\/quienes-somos\/\" target=\"_blank\" rel=\"noopener noreferrer nofollow\">VALDEZARZA<\/a> Extra Virgin ol\u012bve\u013c\u013ca.<\/p>\n<p>Valdezarza Estate atrodas San Mart\u00edn de Montalb\u00e1n pa\u0161vald\u012bb\u0101, kas \u0123eogr\u0101fiski ietilpst Montes de Toledo kaln\u0101.<\/p>\n<p>Liel\u0101k\u0101 da\u013ca \u0161\u012bs zemes, kuras plat\u012bba ir 700 hekt\u0101ri, tiek uzskat\u012bta par aizsarg\u0101jamu Vidusj\u016bras me\u017eu un kontrol\u0113jamu ekosist\u0113mu.<\/p>\n<p>\u0160\u012b vieta ir da\u013ca no Iberijas l\u016b\u0161u reintrodukcijas projekta, un j\u016bs varat baud\u012bt iespaid\u012bgus att\u0113lus, kuros redzami vair\u0101ki l\u016b\u0161i, kas atp\u016b\u0161as zem ol\u012bvkokiem.<\/p>\n<p>Iepako\u0161anas r\u016bpn\u012bca nodro\u0161ina liel\u0101ku kontroli p\u0101r visu \u0137\u0113di no ol\u012bvkoka l\u012bdz iepako\u0161anai.<\/p>\n<p>Turkl\u0101t \u0161im uz\u0146\u0113mumam ir re\u0101li p\u0113tniec\u012bbas, izstr\u0101des un \u012bsteno\u0161anas projekti, piem\u0113ram, Messor projekts.<\/p>\n<p>Ja v\u0113laties ieg\u0101d\u0101ties <a href=\"https:\/\/latiendadesami.com\/categoria-producto\/aceite\/\" rel=\"noopener noreferrer nofollow\" target=\"_blank\">e\u013c\u013cu<\/a>, nevilcinieties apskat\u012bt m\u016bsu tie\u0161saistes katalogu, lai iepaz\u012btos ar m\u016bsu pla\u0161o produktu kl\u0101stu, piem\u0113ram, Valdezarza Extra Virgin Olive Oil 5l.<\/p>\n<p>Lai ieg\u016btu pla\u0161\u0101ku inform\u0101ciju par jebkuru no m\u016bsu p\u0101rtikas produktiem, rakstiet mums.<\/p>\n","protected":false},"excerpt":{"rendered":"<p>Valdezarza Extra Virgin ol\u012bve\u013c\u013ca 5l ir augst\u0101k\u0101s kategorijas Extra Virgin ol\u012bve\u013c\u013ca, kas ieg\u016bta tie\u0161i no ol\u012bv\u0101m un tikai ar meh\u0101nisk\u0101m proced\u016br\u0101m. Valdezarza atrodas pa\u0161\u0101 Toledo kalnu kalnu (Montes de Toledo, Sp\u0101nija) sird\u012b, un taj\u0101 ir integr\u0113ta ol\u012bvu audzes un dabas ekosist\u0113ma. Vislab\u0101k\u0101 ol\u012bvu sula ir gatavota no ol\u012bv\u0101m: VALDEZARZA Extra Virgin ol\u012bve\u013c\u013ca. Valdezarza Estate atrodas [&hellip;]<\/p>\n","protected":false},"featured_media":32601,"template":"","meta":{"_et_pb_use_builder":"","_et_pb_old_content":"","_et_gb_content_width":""},"product_brand":[1221],"product_cat":[2235,2236],"product_tag":[2237],"class_list":{"0":"post-32599","1":"product","2":"type-product","3":"status-publish","4":"has-post-thumbnail","6":"product_brand-valdezarza","7":"product_cat-ella","8":"product_cat-extra-virgin-olivu","9":"product_tag-ella","11":"first","12":"outofstock","13":"featured","14":"taxable","15":"shipping-taxable","16":"purchasable","17":"product-type-simple"},"_links":{"self":[{"href":"https:\/\/myspainfood.com\/lv\/wp-json\/wp\/v2\/product\/32599","targetHints":{"allow":["GET"]}}],"collection":[{"href":"https:\/\/myspainfood.com\/lv\/wp-json\/wp\/v2\/product"}],"about":[{"href":"https:\/\/myspainfood.com\/lv\/wp-json\/wp\/v2\/types\/product"}],"wp:featuredmedia":[{"embeddable":true,"href":"https:\/\/myspainfood.com\/lv\/wp-json\/wp\/v2\/media\/32601"}],"wp:attachment":[{"href":"https:\/\/myspainfood.com\/lv\/wp-json\/wp\/v2\/media?parent=32599"}],"wp:term":[{"taxonomy":"product_brand","embeddable":true,"href":"https:\/\/myspainfood.com\/lv\/wp-json\/wp\/v2\/product_brand?post=32599"},{"taxonomy":"product_cat","embeddable":true,"href":"https:\/\/myspainfood.com\/lv\/wp-json\/wp\/v2\/product_cat?post=32599"},{"taxonomy":"product_tag","embeddable":true,"href":"https:\/\/myspainfood.com\/lv\/wp-json\/wp\/v2\/product_tag?post=32599"}],"curies":[{"name":"wp","href":"https:\/\/api.w.org\/{rel}","templated":true}]}}