{"id":32719,"date":"2025-04-10T12:09:07","date_gmt":"2025-04-10T10:09:07","guid":{"rendered":"https:\/\/myspainfood.com\/producto\/el-gran-cardenal-aitas-siers-ar-olivellu\/"},"modified":"2025-07-28T10:34:59","modified_gmt":"2025-07-28T08:34:59","slug":"el-gran-cardenal-aitas-siers-ar-olivellu","status":"publish","type":"product","link":"https:\/\/myspainfood.com\/lv\/producto\/el-gran-cardenal-aitas-siers-ar-olivellu\/","title":{"rendered":"El Gran Cardenal aitas siers ar ol\u012bve\u013c\u013cu"},"content":{"rendered":"<div class=\"et_pb_blurb_container\">\n<div class=\"et_pb_blurb_container\">\n<h4 class=\"et_pb_module_header\">Aitas ar e\u013c\u013cu<\/h4>\n<div class=\"et_pb_blurb_description\">M\u016bsu Kast\u012blijas aitas siers, 4 starptautisko zelta meda\u013cu ieguv\u0113js, kop\u0101 ar vienu no Vidusj\u016bras re\u0123iona uztura d\u0101rgumiem - ol\u012bve\u013c\u013cu.<\/p>\n<p>\u0160im nol\u016bkam m\u0113s izmantojam savu e\u013c\u013cu, kas ieg\u016bta no simtgad\u012bgiem ol\u012bvkokiem, kuri audz\u0113ti San Isidro un vi\u0146a sievas audz\u0113taj\u0101s zem\u0113s&#8230;<\/p><\/div>\n<\/div>\n<\/div>\n","protected":false},"excerpt":{"rendered":"<p>Aitas ar e\u013c\u013cu M\u016bsu Kast\u012blijas aitas siers, 4 starptautisko zelta meda\u013cu ieguv\u0113js, kop\u0101 ar vienu no Vidusj\u016bras re\u0123iona uztura d\u0101rgumiem - ol\u012bve\u013c\u013cu. \u0160im nol\u016bkam m\u0113s izmantojam savu e\u013c\u013cu, kas ieg\u016bta no simtgad\u012bgiem ol\u012bvkokiem, kuri audz\u0113ti San Isidro un vi\u0146a sievas audz\u0113taj\u0101s zem\u0113s&#8230;<\/p>\n","protected":false},"featured_media":32725,"template":"","meta":{"_et_pb_use_builder":"","_et_pb_old_content":"","_et_gb_content_width":""},"product_brand":[1319],"product_cat":[2732,1821,2274],"product_tag":[],"class_list":{"0":"post-32719","1":"product","2":"type-product","3":"status-publish","4":"has-post-thumbnail","6":"product_brand-el-gran-cardenal","7":"product_cat-arstesana","8":"product_cat-cold","9":"product_cat-siers-un-desa","10":"product_shipping_class-aukstuma-sutijums","12":"first","13":"outofstock","14":"taxable","15":"shipping-taxable","16":"purchasable","17":"product-type-variable"},"_links":{"self":[{"href":"https:\/\/myspainfood.com\/lv\/wp-json\/wp\/v2\/product\/32719","targetHints":{"allow":["GET"]}}],"collection":[{"href":"https:\/\/myspainfood.com\/lv\/wp-json\/wp\/v2\/product"}],"about":[{"href":"https:\/\/myspainfood.com\/lv\/wp-json\/wp\/v2\/types\/product"}],"wp:featuredmedia":[{"embeddable":true,"href":"https:\/\/myspainfood.com\/lv\/wp-json\/wp\/v2\/media\/32725"}],"wp:attachment":[{"href":"https:\/\/myspainfood.com\/lv\/wp-json\/wp\/v2\/media?parent=32719"}],"wp:term":[{"taxonomy":"product_brand","embeddable":true,"href":"https:\/\/myspainfood.com\/lv\/wp-json\/wp\/v2\/product_brand?post=32719"},{"taxonomy":"product_cat","embeddable":true,"href":"https:\/\/myspainfood.com\/lv\/wp-json\/wp\/v2\/product_cat?post=32719"},{"taxonomy":"product_tag","embeddable":true,"href":"https:\/\/myspainfood.com\/lv\/wp-json\/wp\/v2\/product_tag?post=32719"}],"curies":[{"name":"wp","href":"https:\/\/api.w.org\/{rel}","templated":true}]}}