{"id":32805,"date":"2025-04-10T12:09:28","date_gmt":"2025-04-10T10:09:28","guid":{"rendered":"https:\/\/myspainfood.com\/producto\/spanijas-aitas-svaigpiena-siers-el-gran-cardenal\/"},"modified":"2025-07-28T13:03:53","modified_gmt":"2025-07-28T11:03:53","slug":"spanijas-aitas-svaigpiena-siers-el-gran-cardenal","status":"publish","type":"product","link":"https:\/\/myspainfood.com\/lv\/producto\/spanijas-aitas-svaigpiena-siers-el-gran-cardenal\/","title":{"rendered":"Sp\u0101nijas aitas svaigpiena siers El Gran Cardenal"},"content":{"rendered":"<div class=\"et_pb_blurb_container\">\n<div class=\"et_pb_blurb_container\">\n<div class=\"et_pb_blurb_container\">\n<p class=\"et_pb_module_header\">J\u0113lpiens no aitas piena<\/p>\n<div class=\"et_pb_blurb_description\">Izgatavots no visatlas\u012bt\u0101k\u0101 piena, kas tiek v\u0101kts katru dienu, lai nodro\u0161in\u0101tu svaigumu un kvalit\u0101ti, kas garant\u0113 lab\u0101ku gar\u0161u un lielisku arom\u0101tu.<\/div>\n<\/div>\n<\/div>\n<\/div>\n","protected":false},"excerpt":{"rendered":"<p>J\u0113lpiens no aitas piena Izgatavots no visatlas\u012bt\u0101k\u0101 piena, kas tiek v\u0101kts katru dienu, lai nodro\u0161in\u0101tu svaigumu un kvalit\u0101ti, kas garant\u0113 lab\u0101ku gar\u0161u un lielisku arom\u0101tu.<\/p>\n","protected":false},"featured_media":32813,"template":"","meta":{"_et_pb_use_builder":"","_et_pb_old_content":"","_et_gb_content_width":""},"product_brand":[1319],"product_cat":[2732,1821,2274],"product_tag":[],"class_list":{"0":"post-32805","1":"product","2":"type-product","3":"status-publish","4":"has-post-thumbnail","6":"product_brand-el-gran-cardenal","7":"product_cat-arstesana","8":"product_cat-cold","9":"product_cat-siers-un-desa","10":"product_shipping_class-aukstuma-sutijums","12":"first","13":"outofstock","14":"taxable","15":"shipping-taxable","16":"purchasable","17":"product-type-variable"},"_links":{"self":[{"href":"https:\/\/myspainfood.com\/lv\/wp-json\/wp\/v2\/product\/32805","targetHints":{"allow":["GET"]}}],"collection":[{"href":"https:\/\/myspainfood.com\/lv\/wp-json\/wp\/v2\/product"}],"about":[{"href":"https:\/\/myspainfood.com\/lv\/wp-json\/wp\/v2\/types\/product"}],"wp:featuredmedia":[{"embeddable":true,"href":"https:\/\/myspainfood.com\/lv\/wp-json\/wp\/v2\/media\/32813"}],"wp:attachment":[{"href":"https:\/\/myspainfood.com\/lv\/wp-json\/wp\/v2\/media?parent=32805"}],"wp:term":[{"taxonomy":"product_brand","embeddable":true,"href":"https:\/\/myspainfood.com\/lv\/wp-json\/wp\/v2\/product_brand?post=32805"},{"taxonomy":"product_cat","embeddable":true,"href":"https:\/\/myspainfood.com\/lv\/wp-json\/wp\/v2\/product_cat?post=32805"},{"taxonomy":"product_tag","embeddable":true,"href":"https:\/\/myspainfood.com\/lv\/wp-json\/wp\/v2\/product_tag?post=32805"}],"curies":[{"name":"wp","href":"https:\/\/api.w.org\/{rel}","templated":true}]}}