{"id":32906,"date":"2025-04-10T12:09:07","date_gmt":"2025-04-10T10:09:07","guid":{"rendered":"https:\/\/myspainfood.com\/producto\/el-gran-cardenal-aitas-siers-ar-trifelem\/"},"modified":"2025-09-02T10:43:53","modified_gmt":"2025-09-02T08:43:53","slug":"el-gran-cardenal-aitas-siers-ar-trifelem","status":"publish","type":"product","link":"https:\/\/myspainfood.com\/lv\/producto\/el-gran-cardenal-aitas-siers-ar-trifelem\/","title":{"rendered":"El Gran Cardenal aitas siers ar trifel\u0113m"},"content":{"rendered":"<div class=\"et_pb_blurb_container\">\n<h4 class=\"et_pb_module_header\">Aitas ar trifel\u0113m<\/h4>\n<div class=\"et_pb_blurb_description\">\n<p>Ekskluz\u012bv\u0101kais no m\u016bsu sieriem. Starptautiskaj\u0101 konkurs\u0101 World Cheese Awards 2016-17 ieguva Super Zelta meda\u013cu. <\/p>\n<p>Tikai no lab\u0101ko gan\u0101mpulku aitas pienam m\u0113s pievienojam trifeles jau ra\u017eo\u0161anas s\u0101kum\u0101, un t\u0101d\u0113j\u0101di t\u0101s l\u012bdz\u0101s sadz\u012bvo vis\u0101 siera nogatavin\u0101\u0161anas laik\u0101, pie\u0161\u0137irot tam neatk\u0101rtojamu arom\u0101tu un gar\u0161u, iev\u0113rojot Kast\u012blijas aitas piena siera b\u016bt\u012bbu.<\/p>\n<\/div>\n<\/div>\n","protected":false},"excerpt":{"rendered":"<p>Aitas ar trifel\u0113m Ekskluz\u012bv\u0101kais no m\u016bsu sieriem. Starptautiskaj\u0101 konkurs\u0101 World Cheese Awards 2016-17 ieguva Super Zelta meda\u013cu. Tikai no lab\u0101ko gan\u0101mpulku aitas pienam m\u0113s pievienojam trifeles jau ra\u017eo\u0161anas s\u0101kum\u0101, un t\u0101d\u0113j\u0101di t\u0101s l\u012bdz\u0101s sadz\u012bvo vis\u0101 siera nogatavin\u0101\u0161anas laik\u0101, pie\u0161\u0137irot tam neatk\u0101rtojamu arom\u0101tu un gar\u0161u, iev\u0113rojot Kast\u012blijas aitas piena siera b\u016bt\u012bbu.<\/p>\n","protected":false},"featured_media":32913,"template":"","meta":{"_et_pb_use_builder":"","_et_pb_old_content":"","_et_gb_content_width":""},"product_brand":[1319],"product_cat":[2732,1821,2274],"product_tag":[],"class_list":{"0":"post-32906","1":"product","2":"type-product","3":"status-publish","4":"has-post-thumbnail","6":"product_brand-el-gran-cardenal","7":"product_cat-arstesana","8":"product_cat-cold","9":"product_cat-siers-un-desa","10":"product_shipping_class-aukstuma-sutijums","12":"first","13":"outofstock","14":"taxable","15":"shipping-taxable","16":"purchasable","17":"product-type-variable"},"_links":{"self":[{"href":"https:\/\/myspainfood.com\/lv\/wp-json\/wp\/v2\/product\/32906","targetHints":{"allow":["GET"]}}],"collection":[{"href":"https:\/\/myspainfood.com\/lv\/wp-json\/wp\/v2\/product"}],"about":[{"href":"https:\/\/myspainfood.com\/lv\/wp-json\/wp\/v2\/types\/product"}],"wp:featuredmedia":[{"embeddable":true,"href":"https:\/\/myspainfood.com\/lv\/wp-json\/wp\/v2\/media\/32913"}],"wp:attachment":[{"href":"https:\/\/myspainfood.com\/lv\/wp-json\/wp\/v2\/media?parent=32906"}],"wp:term":[{"taxonomy":"product_brand","embeddable":true,"href":"https:\/\/myspainfood.com\/lv\/wp-json\/wp\/v2\/product_brand?post=32906"},{"taxonomy":"product_cat","embeddable":true,"href":"https:\/\/myspainfood.com\/lv\/wp-json\/wp\/v2\/product_cat?post=32906"},{"taxonomy":"product_tag","embeddable":true,"href":"https:\/\/myspainfood.com\/lv\/wp-json\/wp\/v2\/product_tag?post=32906"}],"curies":[{"name":"wp","href":"https:\/\/api.w.org\/{rel}","templated":true}]}}