{"id":32964,"date":"2025-04-10T12:09:42","date_gmt":"2025-04-10T10:09:42","guid":{"rendered":"https:\/\/myspainfood.com\/producto\/el-gran-cardenal-old-blend-siers\/"},"modified":"2025-07-31T16:47:09","modified_gmt":"2025-07-31T14:47:09","slug":"el-gran-cardenal-old-blend-siers","status":"publish","type":"product","link":"https:\/\/myspainfood.com\/lv\/producto\/el-gran-cardenal-old-blend-siers\/","title":{"rendered":"El Gran Cardenal Old Blend siers"},"content":{"rendered":"<div class=\"et_pb_column et_pb_column_4_4 et_pb_column_1 et_pb_css_mix_blend_mode_passthrough et-last-child\">\n<div class=\"et_pb_module et_pb_text et_pb_text_1 et_pb_text_align_justified et_pb_bg_layout_light\">\n<div class=\"et_pb_text_inner\">\n<p>Izgatavots p\u0113c \u0123imenes receptes no m\u016bsu aitas un govs piena mais\u012bjuma, kas nodro\u0161ina lielisku l\u012bdzsvaru mut\u0113, pateicoties t\u0101 maigumam un kr\u0113m\u012bgumam. Siers ar at\u0161\u0137ir\u012bgu konserv\u0113\u0161anas laiku koka \u017e\u0101v\u0113tav\u0101: Tierno, Semicurado (konserv\u0113\u0161ana ilgst no 2 l\u012bdz 4 m\u0113ne\u0161iem), Curado (konserv\u0113\u0161ana ilgst no 4 l\u012bdz 6 m\u0113ne\u0161iem) un Viejo (konserv\u0113\u0161ana ilgst no 6 l\u012bdz 8 m\u0113ne\u0161iem). <\/p>\n<\/div>\n<\/div>\n<\/div>\n","protected":false},"excerpt":{"rendered":"<p>Izgatavots p\u0113c \u0123imenes receptes no m\u016bsu aitas un govs piena mais\u012bjuma, kas nodro\u0161ina lielisku l\u012bdzsvaru mut\u0113, pateicoties t\u0101 maigumam un kr\u0113m\u012bgumam. Siers ar at\u0161\u0137ir\u012bgu konserv\u0113\u0161anas laiku koka \u017e\u0101v\u0113tav\u0101: Tierno, Semicurado (konserv\u0113\u0161ana ilgst no 2 l\u012bdz 4 m\u0113ne\u0161iem), Curado (konserv\u0113\u0161ana ilgst no 4 l\u012bdz 6 m\u0113ne\u0161iem) un Viejo (konserv\u0113\u0161ana ilgst no 6 l\u012bdz 8 m\u0113ne\u0161iem).<\/p>\n","protected":false},"featured_media":32970,"template":"","meta":{"_et_pb_use_builder":"","_et_pb_old_content":"","_et_gb_content_width":""},"product_brand":[1319],"product_cat":[2732,1821,2274],"product_tag":[],"class_list":{"0":"post-32964","1":"product","2":"type-product","3":"status-publish","4":"has-post-thumbnail","6":"product_brand-el-gran-cardenal","7":"product_cat-arstesana","8":"product_cat-cold","9":"product_cat-siers-un-desa","10":"product_shipping_class-aukstuma-sutijums","12":"first","13":"outofstock","14":"taxable","15":"shipping-taxable","16":"product-type-variable"},"_links":{"self":[{"href":"https:\/\/myspainfood.com\/lv\/wp-json\/wp\/v2\/product\/32964","targetHints":{"allow":["GET"]}}],"collection":[{"href":"https:\/\/myspainfood.com\/lv\/wp-json\/wp\/v2\/product"}],"about":[{"href":"https:\/\/myspainfood.com\/lv\/wp-json\/wp\/v2\/types\/product"}],"wp:featuredmedia":[{"embeddable":true,"href":"https:\/\/myspainfood.com\/lv\/wp-json\/wp\/v2\/media\/32970"}],"wp:attachment":[{"href":"https:\/\/myspainfood.com\/lv\/wp-json\/wp\/v2\/media?parent=32964"}],"wp:term":[{"taxonomy":"product_brand","embeddable":true,"href":"https:\/\/myspainfood.com\/lv\/wp-json\/wp\/v2\/product_brand?post=32964"},{"taxonomy":"product_cat","embeddable":true,"href":"https:\/\/myspainfood.com\/lv\/wp-json\/wp\/v2\/product_cat?post=32964"},{"taxonomy":"product_tag","embeddable":true,"href":"https:\/\/myspainfood.com\/lv\/wp-json\/wp\/v2\/product_tag?post=32964"}],"curies":[{"name":"wp","href":"https:\/\/api.w.org\/{rel}","templated":true}]}}