{"id":33047,"date":"2025-04-10T12:09:23","date_gmt":"2025-04-10T10:09:23","guid":{"rendered":"https:\/\/myspainfood.com\/producto\/mini-siera-zvaigznites-130-gab\/"},"modified":"2025-06-24T13:42:15","modified_gmt":"2025-06-24T11:42:15","slug":"mini-siera-zvaigznites-130-gab","status":"publish","type":"product","link":"https:\/\/myspainfood.com\/lv\/producto\/mini-siera-zvaigznites-130-gab\/","title":{"rendered":"Mini siera zvaigzn\u012btes 130 gab."},"content":{"rendered":"<p>E\u013c\u013ca (85 % saulespu\u0137u, 15 % ol\u012bvu), ol\u012bvas ar an\u0161ovu pild\u012bjumu, an\u0161ovu fileja, puscietais siers un sarkanie pipari.<\/p>\n","protected":false},"excerpt":{"rendered":"<p>E\u013c\u013ca (85 % saulespu\u0137u, 15 % ol\u012bvu), ol\u012bvas ar an\u0161ovu pild\u012bjumu, an\u0161ovu fileja, puscietais siers un sarkanie pipari.<\/p>\n","protected":false},"featured_media":33050,"template":"","meta":{"_et_pb_use_builder":"","_et_pb_old_content":"","_et_gb_content_width":""},"product_brand":[1277],"product_cat":[1823,1821,1731,1729,1824,2274],"product_tag":[],"class_list":{"0":"post-33047","1":"product","2":"type-product","3":"status-publish","4":"has-post-thumbnail","6":"product_brand-bokeo","7":"product_cat-ansovi","8":"product_cat-cold","9":"product_cat-olivas","10":"product_cat-pickles-lv","11":"product_cat-pintxos-lv","12":"product_cat-siers-un-desa","13":"product_shipping_class-aukstuma-sutijums","15":"first","16":"outofstock","17":"taxable","18":"shipping-taxable","19":"purchasable","20":"product-type-simple"},"_links":{"self":[{"href":"https:\/\/myspainfood.com\/lv\/wp-json\/wp\/v2\/product\/33047","targetHints":{"allow":["GET"]}}],"collection":[{"href":"https:\/\/myspainfood.com\/lv\/wp-json\/wp\/v2\/product"}],"about":[{"href":"https:\/\/myspainfood.com\/lv\/wp-json\/wp\/v2\/types\/product"}],"wp:featuredmedia":[{"embeddable":true,"href":"https:\/\/myspainfood.com\/lv\/wp-json\/wp\/v2\/media\/33050"}],"wp:attachment":[{"href":"https:\/\/myspainfood.com\/lv\/wp-json\/wp\/v2\/media?parent=33047"}],"wp:term":[{"taxonomy":"product_brand","embeddable":true,"href":"https:\/\/myspainfood.com\/lv\/wp-json\/wp\/v2\/product_brand?post=33047"},{"taxonomy":"product_cat","embeddable":true,"href":"https:\/\/myspainfood.com\/lv\/wp-json\/wp\/v2\/product_cat?post=33047"},{"taxonomy":"product_tag","embeddable":true,"href":"https:\/\/myspainfood.com\/lv\/wp-json\/wp\/v2\/product_tag?post=33047"}],"curies":[{"name":"wp","href":"https:\/\/api.w.org\/{rel}","templated":true}]}}