{"id":33407,"date":"2025-04-10T12:08:59","date_gmt":"2025-04-10T10:08:59","guid":{"rendered":"https:\/\/myspainfood.com\/producto\/m-jesus-de-la-hoz-monsalve-2024-verdejo\/"},"modified":"2025-04-10T12:08:59","modified_gmt":"2025-04-10T10:08:59","slug":"m-jesus-de-la-hoz-monsalve-2024-verdejo","status":"publish","type":"product","link":"https:\/\/myspainfood.com\/lv\/producto\/m-jesus-de-la-hoz-monsalve-2024-verdejo\/","title":{"rendered":"M Jesus de La Hoz Monsalve 2024 Verdejo"},"content":{"rendered":"<div class=\"cs-blog-content\">\n<p>\u0160is v\u012bns ir nosaukts par godu \u0123imenes trad\u012bcij\u0101m, kas saist\u012btas ar v\u012bna dar\u012b\u0161anu. V\u012bna dar\u012b\u0161anas iek\u0101rtas ir apr\u012bkotas ar jaun\u0101kaj\u0101m tehnolo\u0123ij\u0101m, lai nodro\u0161in\u0101tu, ka misa nezaud\u0113 savas \u0161\u0137irnes \u012bpa\u0161\u012bbas. Ferment\u0101cija ner\u016bs\u0113jo\u0161\u0101 t\u0113rauda tvertn\u0113s nodro\u0161ina absol\u016btu temperat\u016bras kontroli, iev\u0113rojot stingru katra procesa kvalit\u0101tes kontroli. <\/p>\n<p><strong>Kr\u0101sa:<\/strong> spilgti salmu kr\u0101sa.<\/p>\n<p><strong>Arom\u0101ts:<\/strong> izteiksm\u012bgs, \u0161\u0137irnes, svaigu aug\u013cu.<\/p>\n<p><strong>Gar\u0161a:<\/strong> gar\u0161\u012bga, aug\u013cu, svaiga, ga\u013c\u012bga.<\/p>\n<\/div>\n<h1><span class=\"vintage\"> <\/span><\/h1>\n","protected":false},"excerpt":{"rendered":"<p>\u0160is v\u012bns ir nosaukts par godu \u0123imenes trad\u012bcij\u0101m, kas saist\u012btas ar v\u012bna dar\u012b\u0161anu. V\u012bna dar\u012b\u0161anas iek\u0101rtas ir apr\u012bkotas ar jaun\u0101kaj\u0101m tehnolo\u0123ij\u0101m, lai nodro\u0161in\u0101tu, ka misa nezaud\u0113 savas \u0161\u0137irnes \u012bpa\u0161\u012bbas. Ferment\u0101cija ner\u016bs\u0113jo\u0161\u0101 t\u0113rauda tvertn\u0113s nodro\u0161ina absol\u016btu temperat\u016bras kontroli, iev\u0113rojot stingru katra procesa kvalit\u0101tes kontroli. Kr\u0101sa: spilgti salmu kr\u0101sa. Arom\u0101ts: izteiksm\u012bgs, \u0161\u0137irnes, svaigu aug\u013cu. Gar\u0161a: gar\u0161\u012bga, aug\u013cu, [&hellip;]<\/p>\n","protected":false},"featured_media":33416,"template":"","meta":{"_et_pb_use_builder":"","_et_pb_old_content":"","_et_gb_content_width":""},"product_brand":[1140],"product_cat":[4859,5257],"product_tag":[7243,7245],"class_list":{"0":"post-33407","1":"product","2":"type-product","3":"status-publish","4":"has-post-thumbnail","6":"product_brand-ladera-de-los-obispos","7":"product_cat-dzerieni","8":"product_cat-vins-lv","9":"product_tag-gothic-lv","10":"product_tag-ritenis","12":"first","13":"instock","14":"featured","15":"taxable","16":"shipping-taxable","17":"purchasable","18":"product-type-variable"},"_links":{"self":[{"href":"https:\/\/myspainfood.com\/lv\/wp-json\/wp\/v2\/product\/33407","targetHints":{"allow":["GET"]}}],"collection":[{"href":"https:\/\/myspainfood.com\/lv\/wp-json\/wp\/v2\/product"}],"about":[{"href":"https:\/\/myspainfood.com\/lv\/wp-json\/wp\/v2\/types\/product"}],"wp:featuredmedia":[{"embeddable":true,"href":"https:\/\/myspainfood.com\/lv\/wp-json\/wp\/v2\/media\/33416"}],"wp:attachment":[{"href":"https:\/\/myspainfood.com\/lv\/wp-json\/wp\/v2\/media?parent=33407"}],"wp:term":[{"taxonomy":"product_brand","embeddable":true,"href":"https:\/\/myspainfood.com\/lv\/wp-json\/wp\/v2\/product_brand?post=33407"},{"taxonomy":"product_cat","embeddable":true,"href":"https:\/\/myspainfood.com\/lv\/wp-json\/wp\/v2\/product_cat?post=33407"},{"taxonomy":"product_tag","embeddable":true,"href":"https:\/\/myspainfood.com\/lv\/wp-json\/wp\/v2\/product_tag?post=33407"}],"curies":[{"name":"wp","href":"https:\/\/api.w.org\/{rel}","templated":true}]}}