{"id":33475,"date":"2025-04-10T12:10:14","date_gmt":"2025-04-10T10:10:14","guid":{"rendered":"https:\/\/myspainfood.com\/producto\/gailenes-dabiskas-45-65-areoso\/"},"modified":"2025-04-10T12:10:14","modified_gmt":"2025-04-10T10:10:14","slug":"gailenes-dabiskas-45-65-areoso","status":"publish","type":"product","link":"https:\/\/myspainfood.com\/lv\/producto\/gailenes-dabiskas-45-65-areoso\/","title":{"rendered":"Gailenes dabisk\u0101s 45\/65 Areoso"},"content":{"rendered":"<p>Produkts: gliemenes 45\/65 gab.<\/p>\n<p>Sast\u0101vda\u013cas: Sast\u0101vda\u013cas: gliemezis, \u016bdens un s\u0101ls.<\/p>\n<p>Gatavo\u0161anas process: Gailenes gatavo l\u012bdz\u012bgi k\u0101 gliemenes, lai gan t\u0101s nav tik delik\u0101ts produkts k\u0101 gliemenes. Gatavo\u0161anas process ir \u0161\u0101ds: tos v\u0101ra \u016bden\u012b, iev\u0113rojot pareizas higi\u0113nas un sanit\u0101r\u0101s \u012bpa\u0161\u012bbas. Viss lob\u012b\u0161anas un \u0161\u0137iro\u0161anas process ir automatiz\u0113ts. P\u0113c tam t\u0101s atkal mazg\u0101 karst\u0101 \u016bden\u012b un iepako. P\u0113c tam pievieno p\u0101rkl\u0101juma \u0161\u0137idrumu, kas \u0161aj\u0101 gad\u012bjum\u0101 ir dab\u012bgais \u016bdens. Tas tiek nosl\u0113gts un steriliz\u0113ts ar \u0161im produktam rakstur\u012bgiem un piem\u0113rotiem parametriem. Tad tas ir gatavs uzglab\u0101\u0161anai un p\u0101rdo\u0161anai.      <\/p>\n","protected":false},"excerpt":{"rendered":"<p>Produkts: gliemenes 45\/65 gab. Sast\u0101vda\u013cas: Sast\u0101vda\u013cas: gliemezis, \u016bdens un s\u0101ls. Gatavo\u0161anas process: Gailenes gatavo l\u012bdz\u012bgi k\u0101 gliemenes, lai gan t\u0101s nav tik delik\u0101ts produkts k\u0101 gliemenes. Gatavo\u0161anas process ir \u0161\u0101ds: tos v\u0101ra \u016bden\u012b, iev\u0113rojot pareizas higi\u0113nas un sanit\u0101r\u0101s \u012bpa\u0161\u012bbas. Viss lob\u012b\u0161anas un \u0161\u0137iro\u0161anas process ir automatiz\u0113ts. P\u0113c tam t\u0101s atkal mazg\u0101 karst\u0101 \u016bden\u012b un iepako. [&hellip;]<\/p>\n","protected":false},"featured_media":33476,"template":"","meta":{"_et_pb_use_builder":"","_et_pb_old_content":"","_et_gb_content_width":""},"product_brand":[1358,1075],"product_cat":[5667,1963],"product_tag":[],"class_list":{"0":"post-33475","1":"product","2":"type-product","3":"status-publish","4":"has-post-thumbnail","6":"product_brand-areoso","7":"product_brand-oti","8":"product_cat-gailenes","9":"product_cat-saglaba","11":"first","12":"outofstock","13":"sale","14":"taxable","15":"shipping-taxable","16":"purchasable","17":"product-type-simple"},"_links":{"self":[{"href":"https:\/\/myspainfood.com\/lv\/wp-json\/wp\/v2\/product\/33475","targetHints":{"allow":["GET"]}}],"collection":[{"href":"https:\/\/myspainfood.com\/lv\/wp-json\/wp\/v2\/product"}],"about":[{"href":"https:\/\/myspainfood.com\/lv\/wp-json\/wp\/v2\/types\/product"}],"wp:featuredmedia":[{"embeddable":true,"href":"https:\/\/myspainfood.com\/lv\/wp-json\/wp\/v2\/media\/33476"}],"wp:attachment":[{"href":"https:\/\/myspainfood.com\/lv\/wp-json\/wp\/v2\/media?parent=33475"}],"wp:term":[{"taxonomy":"product_brand","embeddable":true,"href":"https:\/\/myspainfood.com\/lv\/wp-json\/wp\/v2\/product_brand?post=33475"},{"taxonomy":"product_cat","embeddable":true,"href":"https:\/\/myspainfood.com\/lv\/wp-json\/wp\/v2\/product_cat?post=33475"},{"taxonomy":"product_tag","embeddable":true,"href":"https:\/\/myspainfood.com\/lv\/wp-json\/wp\/v2\/product_tag?post=33475"}],"curies":[{"name":"wp","href":"https:\/\/api.w.org\/{rel}","templated":true}]}}