{"id":33655,"date":"2025-04-10T12:09:55","date_gmt":"2025-04-10T10:09:55","guid":{"rendered":"https:\/\/myspainfood.com\/producto\/vermuts-los-cantabros-075l-ar-soleru-igarmi-60-gab\/"},"modified":"2025-04-10T12:09:55","modified_gmt":"2025-04-10T10:09:55","slug":"vermuts-los-cantabros-075l-ar-soleru-igarmi-60-gab","status":"publish","type":"product","link":"https:\/\/myspainfood.com\/lv\/producto\/vermuts-los-cantabros-075l-ar-soleru-igarmi-60-gab\/","title":{"rendered":"Vermuts Los C\u00e1ntabros 0,75l ar soleru Igarmi 60 gab."},"content":{"rendered":"<p>Verm\u00fa los C\u00e1ntabros ir velt\u012bjums visiem tiem v\u012brie\u0161iem un sieviet\u0113m, kuri ir zin\u0101ju\u0161i, k\u0101 saglab\u0101t un izplat\u012bt m\u016bsu kult\u016bru.<\/p>\n<p>Ar\u012b m\u016bsu saknes un trad\u012bcijas, ko pavada gadatirgi, festiv\u0101li, sp\u0113les un gastronomija no j\u016bras l\u012bdz m\u016bsu m\u012b\u013c\u0101s Kantabrijas kalniem.<\/p>\n<p>\u0160o produktu pudel\u0113s iepilda <a href=\"https:\/\/bodegasigarmi.es\/mayoristas-de-bebidas-en-cantabria\/\" target=\"_blank\" rel=\"noopener noreferrer nofollow\">Bodegas Igarmi <\/a>.  <\/p>\n<p>Bodegas Igarmi ir trad\u012bciju turpin\u0101jums, ko kop\u0161 1890. gada raksturo kvalit\u0101te un klientu apkalpo\u0161ana.<\/p>\n<p>\u0122imenes uz\u0146\u0113mums, kura aizrau\u0161an\u0101s un aizrau\u0161an\u0101s ar v\u012bnu ir \u013c\u0101vusi tam pild\u012bt pudel\u0113s un tirgot v\u012bnus ar nep\u0101rsp\u0113jamu kvalit\u0101tes un cenas attiec\u012bbu, ko augstu nov\u0113rt\u0113 tirgus un pat\u0113r\u0113t\u0101ji.<\/p>\n<p>Bodegas Igarmi ir 3000 m\u00b2 lielas telpas Heras pils\u0113t\u0101, kur\u0101s uzglab\u0101 aptuveni vienu miljonu litru v\u012bna.<\/p>\n<p>T\u0101 ir ar\u012b liel\u0101k\u0101 v\u012bna dar\u012btava Kantabrij\u0101.<\/p>\n<p>Vi\u0146i ir lielisks vair\u0101k nek\u0101 30 cilv\u0113ku kolekt\u012bvs, kura m\u0113r\u0137is ir nodro\u0161in\u0101t klientam vislab\u0101ko produktu un vislab\u0101ko apkalpo\u0161anu, ar ko m\u0113s izce\u013camies.<\/p>\n<p>&nbsp;<\/p>\n","protected":false},"excerpt":{"rendered":"<p>Verm\u00fa los C\u00e1ntabros ir velt\u012bjums visiem tiem v\u012brie\u0161iem un sieviet\u0113m, kuri ir zin\u0101ju\u0161i, k\u0101 saglab\u0101t un izplat\u012bt m\u016bsu kult\u016bru. Ar\u012b m\u016bsu saknes un trad\u012bcijas, ko pavada gadatirgi, festiv\u0101li, sp\u0113les un gastronomija no j\u016bras l\u012bdz m\u016bsu m\u012b\u013c\u0101s Kantabrijas kalniem. \u0160o produktu pudel\u0113s iepilda Bodegas Igarmi . Bodegas Igarmi ir trad\u012bciju turpin\u0101jums, ko kop\u0161 1890. gada raksturo [&hellip;]<\/p>\n","protected":false},"featured_media":28367,"template":"","meta":{"_et_pb_use_builder":"","_et_pb_old_content":"","_et_gb_content_width":""},"product_brand":[1244,1245],"product_cat":[7375,2879],"product_tag":[6163],"class_list":{"0":"post-33655","1":"product","2":"type-product","3":"status-publish","4":"has-post-thumbnail","6":"product_brand-igarmi","7":"product_brand-los-cantabros","8":"product_cat-dzerieni-lv","9":"product_cat-vairumtirdznieciba","10":"product_tag-igarmi-lv","12":"first","13":"instock","14":"taxable","15":"shipping-taxable","16":"purchasable","17":"product-type-simple"},"_links":{"self":[{"href":"https:\/\/myspainfood.com\/lv\/wp-json\/wp\/v2\/product\/33655","targetHints":{"allow":["GET"]}}],"collection":[{"href":"https:\/\/myspainfood.com\/lv\/wp-json\/wp\/v2\/product"}],"about":[{"href":"https:\/\/myspainfood.com\/lv\/wp-json\/wp\/v2\/types\/product"}],"wp:featuredmedia":[{"embeddable":true,"href":"https:\/\/myspainfood.com\/lv\/wp-json\/wp\/v2\/media\/28367"}],"wp:attachment":[{"href":"https:\/\/myspainfood.com\/lv\/wp-json\/wp\/v2\/media?parent=33655"}],"wp:term":[{"taxonomy":"product_brand","embeddable":true,"href":"https:\/\/myspainfood.com\/lv\/wp-json\/wp\/v2\/product_brand?post=33655"},{"taxonomy":"product_cat","embeddable":true,"href":"https:\/\/myspainfood.com\/lv\/wp-json\/wp\/v2\/product_cat?post=33655"},{"taxonomy":"product_tag","embeddable":true,"href":"https:\/\/myspainfood.com\/lv\/wp-json\/wp\/v2\/product_tag?post=33655"}],"curies":[{"name":"wp","href":"https:\/\/api.w.org\/{rel}","templated":true}]}}