{"id":33799,"date":"2025-04-10T12:09:55","date_gmt":"2025-04-10T10:09:55","guid":{"rendered":"https:\/\/myspainfood.com\/producto\/melva-de-andalucia-canutera-filejas-olivella\/"},"modified":"2025-04-10T12:09:55","modified_gmt":"2025-04-10T10:09:55","slug":"melva-de-andalucia-canutera-filejas-olivella","status":"publish","type":"product","link":"https:\/\/myspainfood.com\/lv\/producto\/melva-de-andalucia-canutera-filejas-olivella\/","title":{"rendered":"Melva de Andalucia Canutera filejas ol\u012bve\u013c\u013c\u0101"},"content":{"rendered":"<p>PESASUR ra\u017eo\u0161anas proces\u0101 neizmanto nek\u0101dus \u0137\u012bmiskus produktus, un darba sp\u0113ka pieredze, kas skumbrijas fileju apstr\u0101d\u0113 jau paaudz\u0113m ilgi, nodro\u0161ina nevainojamu zivju t\u012br\u012bbu un lielisku fileju noform\u0113jumu visu form\u0101tu burk\u0101s un konservu k\u0101rb\u0101s.<\/p>\n<h4>Galven\u0101s konservu priek\u0161roc\u012bbas<\/h4>\n<ol>\n<li>Tie saglab\u0101 visas p\u0101rtikas produkta uzturv\u0113rt\u012bbas. P\u0101rtika saglab\u0101 savu svaigumu. <\/li>\n<li>Izmantotie p\u0101rtikas produkti ir vesel\u012bgi un t\u0101p\u0113c piem\u0113roti optim\u0101lam uzturam, jo tajos ir liels vitam\u012bnu un olbaltumvielu saturs.<\/li>\n<li>\u0160iem izstr\u0101d\u0101jumiem ir ilg\u0101ks kalpo\u0161anas laiks (parasti 2-5 gadi).<\/li>\n<li>Konservi ir \u013coti \u0113rti uzglab\u0101jami, jo to iepakojums ir viegli uzkl\u0101jams.<\/li>\n<\/ol>\n<p>Ja v\u0113laties ieg\u0101d\u0101ties Andal\u016bzijas makreles vai cita veida <a href=\"https:\/\/latiendadesami.com\/categoria-producto\/conservas\/\" rel=\"noopener noreferrer nofollow\" target=\"_blank\">konservus<\/a>, nevilcinieties iel\u016bkoties m\u016bsu tie\u0161saistes katalog\u0101, lai iepaz\u012btos ar m\u016bsu pla\u0161o <a href=\"https:\/\/latiendadesami.com\/categoria-producto\/conservas\/atun-y-bonito\/\" target=\"_blank\" rel=\"noopener noreferrer nofollow\">tunzivju<\/a> kl\u0101stu.<\/p>\n<p>Lai ieg\u016btu vair\u0101k inform\u0101cijas, rakstiet mums.<\/p>\n","protected":false},"excerpt":{"rendered":"<p>Andal\u016bzijas skumbrijas ol\u012bve\u013c\u013ca<\/p>\n","protected":false},"featured_media":33803,"template":"","meta":{"_et_pb_use_builder":"","_et_pb_old_content":"","_et_gb_content_width":""},"product_brand":[1205],"product_cat":[7468,1963],"product_tag":[],"class_list":{"0":"post-33799","1":"product","2":"type-product","3":"status-publish","4":"has-post-thumbnail","6":"product_brand-pesasur","7":"product_cat-melva-lv","8":"product_cat-saglaba","10":"first","11":"outofstock","12":"taxable","13":"shipping-taxable","14":"product-type-variable"},"_links":{"self":[{"href":"https:\/\/myspainfood.com\/lv\/wp-json\/wp\/v2\/product\/33799","targetHints":{"allow":["GET"]}}],"collection":[{"href":"https:\/\/myspainfood.com\/lv\/wp-json\/wp\/v2\/product"}],"about":[{"href":"https:\/\/myspainfood.com\/lv\/wp-json\/wp\/v2\/types\/product"}],"wp:featuredmedia":[{"embeddable":true,"href":"https:\/\/myspainfood.com\/lv\/wp-json\/wp\/v2\/media\/33803"}],"wp:attachment":[{"href":"https:\/\/myspainfood.com\/lv\/wp-json\/wp\/v2\/media?parent=33799"}],"wp:term":[{"taxonomy":"product_brand","embeddable":true,"href":"https:\/\/myspainfood.com\/lv\/wp-json\/wp\/v2\/product_brand?post=33799"},{"taxonomy":"product_cat","embeddable":true,"href":"https:\/\/myspainfood.com\/lv\/wp-json\/wp\/v2\/product_cat?post=33799"},{"taxonomy":"product_tag","embeddable":true,"href":"https:\/\/myspainfood.com\/lv\/wp-json\/wp\/v2\/product_tag?post=33799"}],"curies":[{"name":"wp","href":"https:\/\/api.w.org\/{rel}","templated":true}]}}